{"id":14472,"date":"2021-09-22T07:16:23","date_gmt":"2021-09-22T07:16:23","guid":{"rendered":"https:\/\/brasmar.com\/a-marca"},"modified":"2023-06-01T10:02:52","modified_gmt":"2023-06-01T10:02:52","slug":"la-marca","status":"publish","type":"page","link":"https:\/\/brasmar.com\/es\/la-marca","title":{"rendered":"La marca"},"content":{"rendered":"<div class=\"wpb-content-wrapper\"><p>[vc_row row_content_width=\u00bbgrid\u00bb css=\u00bb.vc_custom_1632238362268{padding-top: 25px !important;}\u00bb][vc_column offset=\u00bbvc_col-lg-6 vc_col-md-12 vc_col-xs-12 vc_hidden-xs\u00bb]<div class=\"edgtf-elements-holder   edgtf-one-column  edgtf-responsive-mode-768 \" ><div class=\"edgtf-eh-item    \"  data-item-class=\"edgtf-eh-custom-6190\">\n\t<div class=\"edgtf-eh-item-inner\">\n\t\t<div class=\"edgtf-eh-item-content edgtf-eh-custom-6190\" style=\"padding: 60px 0% 50px 0%\">\n\t\t\t[vc_single_image image=\u00bb3391&#8243; img_size=\u00bb\u00bb][vc_empty_space height=\u00bb15px\u00bb][vc_column_text]<\/p>\n<p style=\"text-align: justify;\">Brasmar es la marca de productos del mar congelados con m\u00e1s diversidad en Portugal. Con una cartera de m\u00e1s de 200 especies, la marca ofrece productos en las categor\u00edas de pescado, marisco, cefal\u00f3podos y bacalao salado seco, desalado y al punto de sal ultracongelado.<br \/>\nAdem\u00e1s de tener una amplia gama de productos del mar, Brasmar se destaca en el mercado por su especializaci\u00f3n en el tratamiento del pulpo y bacalao: sus productos m\u00e1s destacados.<\/p>\n<p>[\/vc_column_text][vc_empty_space height=\u00bb42px\u00bb]<div class=\"edgtf-animation-holder edgtf-grow-in\" data-animation=\"edgtf-grow-in\" data-animation-delay=\"\"><div class=\"edgtf-animation-inner\">[vc_single_image image=\u00bb3266&#8243; img_size=\u00bbfull\u00bb]<\/div><\/div>\t\t<\/div>\n\t<\/div>\n<\/div><\/div>[\/vc_column][vc_column offset=\u00bbvc_col-lg-6 vc_col-md-12 vc_col-xs-12 vc_hidden-xs\u00bb]<div class=\"edgtf-animation-holder edgtf-element-from-right\" data-animation=\"edgtf-element-from-right\" data-animation-delay=\"\"><div class=\"edgtf-animation-inner\">[vc_empty_space height=\u00bb150px\u00bb][vc_single_image image=\u00bb8800&#8243; img_size=\u00bbfull\u00bb]<\/div><\/div>[\/vc_column][\/vc_row][vc_row row_content_width=\u00bbgrid\u00bb css=\u00bb.vc_custom_1637334880294{margin-top: -35px !important;}\u00bb][vc_column offset=\u00bbvc_col-lg-6 vc_hidden-lg vc_col-md-12 vc_hidden-md vc_hidden-sm vc_col-xs-12&#8243;]<div class=\"edgtf-elements-holder   edgtf-one-column  edgtf-responsive-mode-768 \" ><div class=\"edgtf-eh-item    \"  data-item-class=\"edgtf-eh-custom-1431\">\n\t<div class=\"edgtf-eh-item-inner\">\n\t\t<div class=\"edgtf-eh-item-content edgtf-eh-custom-1431\" style=\"padding: 60px 0% 50px 0%\">\n\t\t\t[vc_single_image image=\u00bb3624&#8243; img_size=\u00bbfull\u00bb][vc_column_text]<\/p>\n<p style=\"text-align: justify;\">Brasmar es la marca de productos del mar congelados con m\u00e1s diversidad en Portugal. Con una cartera de m\u00e1s de 200 especies, la marca ofrece productos en las categor\u00edas de pescado, marisco, cefal\u00f3podos y bacalao salado seco, desalado y al punto de sal ultracongelado.<br \/>\nAdem\u00e1s de tener una amplia gama de productos del mar, Brasmar se destaca en el mercado por su especializaci\u00f3n en el tratamiento del pulpo y bacalao: sus productos m\u00e1s destacados.<\/p>\n<p>[\/vc_column_text][vc_empty_space height=\u00bb42px\u00bb]<div class=\"edgtf-animation-holder edgtf-grow-in\" data-animation=\"edgtf-grow-in\" data-animation-delay=\"\"><div class=\"edgtf-animation-inner\">[vc_single_image image=\u00bb3266&#8243; img_size=\u00bbfull\u00bb]<\/div><\/div>\t\t<\/div>\n\t<\/div>\n<\/div><\/div>[\/vc_column][vc_column offset=\u00bbvc_col-lg-6 vc_hidden-lg vc_col-md-12 vc_hidden-md vc_hidden-sm vc_col-xs-12&#8243;]<div class=\"edgtf-animation-holder edgtf-element-from-right\" data-animation=\"edgtf-element-from-right\" data-animation-delay=\"\"><div class=\"edgtf-animation-inner\"><\/div><\/div>[\/vc_column][\/vc_row][vc_row content_placement=\u00bbtop\u00bb row_content_width=\u00bbgrid\u00bb content_text_aligment=\u00bbcenter\u00bb][vc_column][vc_single_image image=\u00bb3322&#8243; img_size=\u00bbfull\u00bb alignment=\u00bbcenter\u00bb]<div class=\"edgtf-item-showcase-holder clearfix\"><div class=\"edgtf-is-item edgtf-is-left edgtf-is-has-icon\">\n\t\t\t<div class=\"edgtf-is-icon\">\n\t\t\t<img loading=\"lazy\" decoding=\"async\" width=\"70\" height=\"70\" src=\"https:\/\/brasmar.com\/wp-content\/uploads\/2021\/10\/icone-peixe.png\" class=\"edgtf-is-default-img\" alt=\"\" \/>\t\t\t\t\t<\/div>\n\t\t<div class=\"edgtf-is-content\">\n\t\t\t\t\t<p class=\"edgtf-is-title\" >\n\t\t\t\t\t\t\t\t2003\t\t\t\t\t\t\t<\/p>\n\t\t\t\t\t\t\t<p class=\"edgtf-is-text\" >Comercializaci\u00f3n de la marca Brasmar en el mercado portugu\u00e9s.<\/p>\n\t\t\t<\/div>\n<\/div><div class=\"edgtf-is-item edgtf-is-left edgtf-is-has-icon\">\n\t\t\t<div class=\"edgtf-is-icon\">\n\t\t\t<img loading=\"lazy\" decoding=\"async\" width=\"70\" height=\"70\" src=\"https:\/\/brasmar.com\/wp-content\/uploads\/2021\/10\/icone-peixe.png\" class=\"edgtf-is-default-img\" alt=\"\" \/>\t\t\t\t\t<\/div>\n\t\t<div class=\"edgtf-is-content\">\n\t\t\t\t\t<p class=\"edgtf-is-title\" >\n\t\t\t\t\t\t\t\t2006\t\t\t\t\t\t\t<\/p>\n\t\t\t\t\t\t\t<p class=\"edgtf-is-text\" >Comercializaci\u00f3n de la marca Brasmar en el mercado de la nostalgia.<\/p>\n\t\t\t<\/div>\n<\/div><div class=\"edgtf-is-item edgtf-is-right edgtf-is-has-icon\">\n\t\t\t<div class=\"edgtf-is-icon\">\n\t\t\t<img loading=\"lazy\" decoding=\"async\" width=\"70\" height=\"70\" src=\"https:\/\/brasmar.com\/wp-content\/uploads\/2021\/10\/icone-peixe.png\" class=\"edgtf-is-default-img\" alt=\"\" \/>\t\t\t\t\t<\/div>\n\t\t<div class=\"edgtf-is-content\">\n\t\t\t\t\t<p class=\"edgtf-is-title\" >\n\t\t\t\t\t\t\t\t2017\t\t\t\t\t\t\t<\/p>\n\t\t\t\t\t\t\t<p class=\"edgtf-is-text\" >Renovaci\u00f3n de la imagen de la marca de Brasmar y organizaci\u00f3n de la cartera por gamas de producto.<\/p>\n\t\t\t<\/div>\n<\/div><div class=\"edgtf-is-item edgtf-is-left edgtf-is-has-icon\">\n\t\t\t<div class=\"edgtf-is-icon\">\n\t\t\t<img loading=\"lazy\" decoding=\"async\" width=\"70\" height=\"70\" src=\"https:\/\/brasmar.com\/wp-content\/uploads\/2021\/10\/icone-peixe.png\" class=\"edgtf-is-default-img\" alt=\"\" \/>\t\t\t\t\t<\/div>\n\t\t<div class=\"edgtf-is-content\">\n\t\t\t\t\t<p class=\"edgtf-is-title\" >\n\t\t\t\t\t\t\t\t2017\t\t\t\t\t\t\t<\/p>\n\t\t\t\t\t\t\t<p class=\"edgtf-is-text\" >Brasmar logra por primera vez el sello \u00abSabor do Ano\u00bb en la categor\u00eda de pulpo limpio.<\/p>\n\t\t\t<\/div>\n<\/div><div class=\"edgtf-is-item edgtf-is-right edgtf-is-has-icon\">\n\t\t\t<div class=\"edgtf-is-icon\">\n\t\t\t<img loading=\"lazy\" decoding=\"async\" width=\"70\" height=\"70\" src=\"https:\/\/brasmar.com\/wp-content\/uploads\/2021\/10\/icone-peixe.png\" class=\"edgtf-is-default-img\" alt=\"\" \/>\t\t\t\t\t<\/div>\n\t\t<div class=\"edgtf-is-content\">\n\t\t\t\t\t<p class=\"edgtf-is-title\" >\n\t\t\t\t\t\t\t\t2020\t\t\t\t\t\t\t<\/p>\n\t\t\t\t\t\t\t<p class=\"edgtf-is-text\" >Brasmar logra por primera vez el sello \u00abSabor do Ano\u00bb en la categor\u00eda de bacalao desalado.<\/p>\n\t\t\t<\/div>\n<\/div><div class=\"edgtf-is-item edgtf-is-right edgtf-is-has-icon\">\n\t\t\t<div class=\"edgtf-is-icon\">\n\t\t\t<img loading=\"lazy\" decoding=\"async\" width=\"70\" height=\"70\" src=\"https:\/\/brasmar.com\/wp-content\/uploads\/2021\/10\/icone-peixe.png\" class=\"edgtf-is-default-img\" alt=\"\" \/>\t\t\t\t\t<\/div>\n\t\t<div class=\"edgtf-is-content\">\n\t\t\t\t\t<p class=\"edgtf-is-title\" >\n\t\t\t\t\t\t\t\t2021\t\t\t\t\t\t\t<\/p>\n\t\t\t\t\t\t\t<p class=\"edgtf-is-text\" >Actualizaci\u00f3n de la imagen de la marca y renovaci\u00f3n del envase.<\/p>\n\t\t\t<\/div>\n<\/div><div class=\"edgtf-is-image\" style=\"margin-top: 36px\"><img loading=\"lazy\" decoding=\"async\" width=\"411\" height=\"411\" src=\"https:\/\/brasmar.com\/wp-content\/uploads\/2021\/10\/centro-produtos.png\" class=\"attachment-full size-full\" alt=\"\" srcset=\"https:\/\/brasmar.com\/wp-content\/uploads\/2021\/10\/centro-produtos.png 411w, https:\/\/brasmar.com\/wp-content\/uploads\/2021\/10\/centro-produtos-300x300.png 300w, https:\/\/brasmar.com\/wp-content\/uploads\/2021\/10\/centro-produtos-150x150.png 150w\" sizes=\"auto, (max-width: 411px) 100vw, 411px\" \/><\/div><\/div>[vc_empty_space height=\u00bb44px\u00bb][\/vc_column][\/vc_row][vc_row full_width=\u00bbstretch_row\u00bb content_text_aligment=\u00bbcenter\u00bb css=\u00bb.vc_custom_1636728248267{padding-top: 25px !important;}\u00bb el_id=\u00bbuno\u00bb simple_background_color=\u00bb#05182e\u00bb parallax_background_image=\u00bb4566&#8243;][vc_column offset=\u00bbvc_col-lg-12 vc_col-md-12 vc_col-xs-12&#8243;][vc_row_inner row_content_width=\u00bbgrid\u00bb][vc_column_inner][vc_column_text]<\/p>\n<h1 style=\"text-align: center;\"><strong><span style=\"color: #ffffff;\">BRASMAR GROUP<\/span><\/strong><\/h1>\n<p>[\/vc_column_text][vc_separator color=\u00bbcustom\u00bb el_width=\u00bb70&#8243; accent_color=\u00bb#ea7633&#8243; css=\u00bb.vc_custom_1636635861442{margin-top: 1% !important;margin-bottom: 3% !important;}\u00bb][vc_column_text]<\/p>\n<div style=\"text-align: center;\" data-canvas-width=\"556.1400000000004\"><span style=\"color: #ffffff;\">La marca Brasmar pertenece a <strong>Brasmar Group<\/strong>, una empresa de referencia en Europa en la industria de los productos del mar congelados, refrigerados y salados.<\/span><br \/>\n<span style=\"color: #ffffff;\">Brasmar Group cuenta con <strong>6 unidades industriales<\/strong>, especializadas por tipolog\u00eda de producto, que permiten ofrecer una amplia selecci\u00f3n de productos del mar.<\/span><br \/>\n<span style=\"color: #ffffff;\">La elevada capacidad de producci\u00f3n, en conjunto con la calidad y seguridad de los productos, permite a la empresa <strong>exportar a m\u00e1s de 40 pa\u00edses<\/strong> y <\/span><\/div>\n<div style=\"text-align: center;\" data-canvas-width=\"556.1400000000004\"><span style=\"color: #ffffff;\">tener <strong>delegaciones comerciales en 8 pa\u00edses <\/strong> del mundo: <\/span><span style=\"color: #ffffff;\">Portugal, Espanha, It\u00e1lia, Fran\u00e7a, Reino Unido, Noruega, Brasil e EUA.<\/span><\/div>\n<div style=\"text-align: center;\" data-canvas-width=\"556.1400000000004\"><span style=\"color: #ffffff;\">Brasmar Group es el propietario de las marcas <strong>Brasmar<\/strong>, <strong>La Balinesa<\/strong>, <strong>Nuchar<\/strong>, <strong>Marnobre<\/strong>,<strong> Argus<\/strong> Y <strong>Amarras<\/strong>.<\/span><\/div>\n<p>[\/vc_column_text][vc_column_text]<\/p>\n<h2 style=\"text-align: center;\" data-canvas-width=\"546.1886666666669\"><strong><span style=\"color: #ea7633;\">NUESTRA VISI\u00d3N<\/span><\/strong><\/h2>\n<p style=\"text-align: center;\"><span style=\"color: #ffffff;\">Ser, en cualquier parte del mundo, una empresa recomendada y reconocida en la industria de los productos del mar.<\/span><\/p>\n<h2 style=\"text-align: center;\"><span style=\"color: #ea7633;\"><strong>NUESTRA MISI\u00d3N<\/strong><\/span><\/h2>\n<p style=\"text-align: center;\"><span style=\"color: #ffffff;\">Ser el colaborador de referencia de nuestros clientes;<br \/>\nSer pioneros en la oferta de nuevos productos y formas de envase;<br \/>\nSer reconocidos por la calidad, uniformidad y diversidad de nuestra gama de productos;<br \/>\nSer reconocidos por la comunidad como una empresa s\u00f3lida, sostenible, ambiental y socialmente responsable.<br \/>\n<\/span><\/p>\n<h2 style=\"text-align: center;\"><span style=\"color: #ea7633;\"><strong>NUESTROS VALORES<\/strong><\/span><\/h2>\n<p style=\"text-align: center;\"><span style=\"color: #ffffff;\">Saber y tener gusto por trabajar en equipo;<br \/>\nTener orgullo y pasi\u00f3n por los productos del mar;<br \/>\nSer responsable y aprender con los errores;<br \/>\nQuerer ser m\u00e1s y mejor, siempre.<\/span><\/p>\n<h2 style=\"text-align: center;\"><strong><span style=\"color: #ea7633;\">NUESTRO OBJETIVO<\/span><\/strong><\/h2>\n<p style=\"text-align: center;\"><span style=\"color: #ffffff;\">Queremos contribuir a diario para mejorar la calidad de vida de nuestros consumidores, promoviendo una alimentaci\u00f3n equilibrada y un estilo de vida activo y saludable. Gestionamos, de manera responsable y sostenible, los recursos que el mar nos ofrece, respetando siempre nuestra gran pasi\u00f3n por el mar.<\/span><\/p>\n<p>[\/vc_column_text][vc_empty_space height=\u00bb44px\u00bb][\/vc_column_inner][\/vc_row_inner][\/vc_column][\/vc_row][vc_row row_content_width=\u00bbgrid\u00bb][vc_column offset=\u00bbvc_hidden-lg vc_hidden-md vc_hidden-sm\u00bb][vc_column_text]<\/p>\n<h2 style=\"text-align: center;\"><strong>SOMOS EXPERTOS EN\u2026<\/strong><\/h2>\n<p>[\/vc_column_text][vc_empty_space height=\u00bb48px\u00bb][vc_row_inner content_placement=\u00bbtop\u00bb][vc_column_inner width=\u00bb1\/4&#8243;][vc_single_image image=\u00bb4166&#8243; alignment=\u00bbcenter\u00bb css=\u00bb.vc_custom_1638200920467{border-radius: 35px !important;}\u00bb][vc_column_text]<\/p>\n<h3 style=\"text-align: center;\"><strong>ACCEDER A LAS MEJORES MATERIAS PRIMAS, DE LOS MEJORES OR\u00cdGENES<\/strong><\/h3>\n<p>[\/vc_column_text][vc_empty_space height=\u00bb20px\u00bb][\/vc_column_inner][vc_column_inner width=\u00bb1\/4&#8243;][vc_single_image image=\u00bb4181&#8243; alignment=\u00bbcenter\u00bb css=\u00bb.vc_custom_1636738376757{border-radius: 35px !important;}\u00bb][vc_column_text]<\/p>\n<h3 style=\"text-align: center;\"><strong>USAR LAS TECNOLOG\u00cdAS M\u00c1S AVANZADAS<\/strong><\/h3>\n<p>[\/vc_column_text][vc_empty_space height=\u00bb20px\u00bb][\/vc_column_inner][vc_column_inner width=\u00bb1\/4&#8243;][vc_single_image image=\u00bb4184&#8243; alignment=\u00bbcenter\u00bb css=\u00bb.vc_custom_1636738383846{border-radius: 30px !important;}\u00bb][vc_column_text]<\/p>\n<h3 style=\"text-align: center;\"><strong>BUSCAR LA EXCELENCIA, PARA SEGUIR SIENDO UNA EMPRESA L\u00cdDER DE LA INDUSTRIA<\/strong><\/h3>\n<p>[\/vc_column_text][vc_empty_space height=\u00bb20px\u00bb][\/vc_column_inner][vc_column_inner width=\u00bb1\/4&#8243;][vc_single_image image=\u00bb4180&#8243; alignment=\u00bbcenter\u00bb css=\u00bb.vc_custom_1636738394356{border-radius: 35px !important;}\u00bb][vc_column_text]<\/p>\n<h3 style=\"text-align: center;\"><strong>CUMPLIR CON NUESTRA ESTRATEGIA DE RESPONSABILIDAD SOCIAL<\/strong><\/h3>\n<p>[\/vc_column_text][vc_empty_space height=\u00bb20px\u00bb][\/vc_column_inner][\/vc_row_inner][\/vc_column][\/vc_row][vc_row row_content_width=\u00bbgrid\u00bb][vc_column offset=\u00bbvc_hidden-xs\u00bb][vc_column_text]<\/p>\n<h2 style=\"text-align: center;\"><strong>SOMOS EXPERTOS EN\u2026<\/strong><\/h2>\n<p>[\/vc_column_text][vc_empty_space height=\u00bb48px\u00bb][vc_row_inner][vc_column_inner width=\u00bb1\/4&#8243;][vc_single_image image=\u00bb4166&#8243; alignment=\u00bbcenter\u00bb css=\u00bb.vc_custom_1636737656941{border-radius: 35px !important;}\u00bb][vc_column_text]<\/p>\n<h3 style=\"text-align: center;\"><strong>ACCEDER A LAS MEJORES MATERIAS PRIMAS, DE LOS MEJORES OR\u00cdGENES<\/strong><\/h3>\n<p>[\/vc_column_text][\/vc_column_inner][vc_column_inner width=\u00bb1\/4&#8243;][vc_single_image image=\u00bb4181&#8243; alignment=\u00bbcenter\u00bb css=\u00bb.vc_custom_1636738376757{border-radius: 35px !important;}\u00bb][vc_column_text]<\/p>\n<h3 style=\"text-align: center;\"><strong>USAR LAS TECNOLOG\u00cdAS M\u00c1S AVANZADAS<\/strong><\/h3>\n<p>[\/vc_column_text][\/vc_column_inner][vc_column_inner width=\u00bb1\/4&#8243;][vc_single_image image=\u00bb4184&#8243; alignment=\u00bbcenter\u00bb css=\u00bb.vc_custom_1636738383846{border-radius: 30px !important;}\u00bb][vc_column_text]<\/p>\n<h3 style=\"text-align: center;\"><strong>BUSCAR LA EXCELENCIA, PARA SEGUIR SIENDO UNA EMPRESA L\u00cdDER DE LA INDUSTRIA<\/strong><\/h3>\n<p>[\/vc_column_text][\/vc_column_inner][vc_column_inner width=\u00bb1\/4&#8243;][vc_single_image image=\u00bb4180&#8243; alignment=\u00bbcenter\u00bb css=\u00bb.vc_custom_1636738394356{border-radius: 35px !important;}\u00bb][vc_column_text]<\/p>\n<h3 style=\"text-align: center;\"><strong>CUMPLIR CON NUESTRA ESTRATEGIA DE RESPONSABILIDAD SOCIAL<\/strong><\/h3>\n<p>[\/vc_column_text][\/vc_column_inner][\/vc_row_inner][\/vc_column][\/vc_row][vc_row][vc_column][vc_empty_space height=\u00bb100px\u00bb][\/vc_column][\/vc_row][vc_row][vc_column][vc_column_text]<\/p>\n<h1 style=\"text-align: center;\"><span style=\"font-size: 30px;\"><span style=\"font-family: Barlow;\">Ver tambi\u00e9n<\/span><\/span><\/h1>\n<p>[\/vc_column_text][\/vc_column][\/vc_row][vc_row][vc_column][vc_empty_space height=\u00bb40px\u00bb][\/vc_column][\/vc_row][vc_row row_content_width=\u00bbgrid\u00bb][vc_column width=\u00bb1\/2&#8243;][vc_raw_html]JTNDYSUyMGhyZWYlM0QlMjJodHRwcyUzQSUyRiUyRmJyYXNtYXIuY29tJTJGZXMlMkZnYW1hcy1icmFzbWFyJTIyJTNFJTNDZGl2JTIwY2xhc3MlM0QlMjJ2ZWphdGFtYmVtLWxlZnQlMjIlM0UlMEElM0NwJTIwY2xhc3MlM0QlMjJib3R0b20tbGVmdCUyMiUzRUdhbWFzJTIwQnJhc21hciUzQyUyRnAlM0UlMEElM0MlMkZkaXYlM0UlMEElM0MlMkZhJTNF[\/vc_raw_html][\/vc_column][vc_column width=\u00bb1\/2&#8243;][vc_raw_html]JTNDYSUyMGhyZWYlM0QlMjJodHRwcyUzQSUyRiUyRmJyYXNtYXIuY29tJTJGZXMlMkZwcm9kdWN0b3MtYnJhc21hciUyMiUzRSUzQ2RpdiUyMGNsYXNzJTNEJTIydmVqYXRhbWJlbS1yaWdodCUyMiUzRSUwQSUzQ3AlMjBjbGFzcyUzRCUyMmJvdHRvbS1sZWZ0JTIyJTNFUHJvZHVjdG9zJTIwQnJhc21hciUzQyUyRnAlM0UlMEElM0MlMkZkaXYlM0UlMEElM0MlMkZhJTNF[\/vc_raw_html][\/vc_column][\/vc_row][vc_row][vc_column][vc_empty_space height=\u00bb70px\u00bb][\/vc_column][\/vc_row]<\/p>\n<\/div>","protected":false},"excerpt":{"rendered":"<p>[vc_row row_content_width=\u00bbgrid\u00bb css=\u00bb.vc_custom_1632238362268{padding-top: 25px !important;}\u00bb][vc_column offset=\u00bbvc_col-lg-6 vc_col-md-12 vc_col-xs-12 vc_hidden-xs\u00bb][\/vc_column][vc_column offset=\u00bbvc_col-lg-6 vc_col-md-12 vc_col-xs-12 vc_hidden-xs\u00bb][\/vc_column][\/vc_row][vc_row row_content_width=\u00bbgrid\u00bb css=\u00bb.vc_custom_1637334880294{margin-top: [&hellip;]<\/p>\n","protected":false},"author":1,"featured_media":0,"parent":0,"menu_order":35,"comment_status":"closed","ping_status":"closed","template":"full-width.php","meta":{"_seopress_robots_primary_cat":"0","_seopress_titles_title":"","_seopress_titles_desc":"Brasmar es la marca de productos del mar congelados con m\u00e1s diversidad en Portugal. Con una cartera de m\u00e1s de 200 especies, la marca ofrece productos en las categor\u00edas de pescado, marisco, cefal\u00f3podos y bacalao salado seco, desalado y al punto de sal ultracongelado.","_seopress_robots_index":"","cybocfi_hide_featured_image":"","footnotes":""},"class_list":["post-14472","page","type-page","status-publish","hentry"],"_links":{"self":[{"href":"https:\/\/brasmar.com\/es\/wp-json\/wp\/v2\/pages\/14472","targetHints":{"allow":["GET"]}}],"collection":[{"href":"https:\/\/brasmar.com\/es\/wp-json\/wp\/v2\/pages"}],"about":[{"href":"https:\/\/brasmar.com\/es\/wp-json\/wp\/v2\/types\/page"}],"author":[{"embeddable":true,"href":"https:\/\/brasmar.com\/es\/wp-json\/wp\/v2\/users\/1"}],"replies":[{"embeddable":true,"href":"https:\/\/brasmar.com\/es\/wp-json\/wp\/v2\/comments?post=14472"}],"version-history":[{"count":13,"href":"https:\/\/brasmar.com\/es\/wp-json\/wp\/v2\/pages\/14472\/revisions"}],"predecessor-version":[{"id":21628,"href":"https:\/\/brasmar.com\/es\/wp-json\/wp\/v2\/pages\/14472\/revisions\/21628"}],"wp:attachment":[{"href":"https:\/\/brasmar.com\/es\/wp-json\/wp\/v2\/media?parent=14472"}],"curies":[{"name":"wp","href":"https:\/\/api.w.org\/{rel}","templated":true}]}}