{"id":14484,"date":"2021-09-22T13:15:16","date_gmt":"2021-09-22T13:15:16","guid":{"rendered":"https:\/\/brasmar.com\/catalogos"},"modified":"2024-04-29T11:27:12","modified_gmt":"2024-04-29T11:27:12","slug":"catalogos","status":"publish","type":"page","link":"https:\/\/brasmar.com\/es\/catalogos","title":{"rendered":"Cat\u00e1logos"},"content":{"rendered":"<div class=\"wpb-content-wrapper\"><p>[vc_row row_content_width=\u00bbgrid\u00bb][vc_column offset=\u00bbvc_hidden-xs\u00bb][vc_empty_space height=\u00bb75px\u00bb][\/vc_column][\/vc_row][vc_row row_content_width=\u00bbgrid\u00bb][vc_column css=\u00bb.vc_custom_1642522818250{margin-top: 60px !important;}\u00bb]<div class=\"edgtf-section-title-holder   edgtf-st-custom-size\" style=\"text-align: center\">\n\t<div class=\"edgtf-st-inner\">\n\t\t\t\t\t\t\t<h1 class=\"edgtf-st-title \" style=\"font-size: 60px\">\n\t\t\t\tCat\u00e1logos\t\t\t<\/h1>\n\t\t\t\t\t<\/div>\n<\/div>[vc_column_text css=\u00bb.vc_custom_1650272891539{margin-top: -15px !important;}\u00bb]<\/p>\n<h2 style=\"text-align: center;\"><span style=\"font-family: 'Reenie Beanie'; text-transform: none; font-size: 30px; font-weight: 400;\">Vea aqu\u00ed nuestros cat\u00e1logos y folletos<\/span><\/h2>\n<p>[\/vc_column_text][vc_empty_space][\/vc_column][\/vc_row][vc_row gap=\u00bb10&#8243; row_content_width=\u00bbgrid\u00bb][vc_column width=\u00bb1\/5&#8243;][vc_empty_space][vc_hoverbox image=\u00bb14980&#8243; primary_title=\u00bb\u00bb hover_title=\u00bbFolleto Brasmar Group\u00bb hover_title_font_container=\u00bbfont_size:17px|color:%23ffffff\u00bb hover_title_use_theme_fonts=\u00bbyes\u00bb shape=\u00bbsquare\u00bb hover_background_color=\u00bbcustom\u00bb hover_btn_title=\u00bbDownload\u00bb hover_btn_style=\u00bboutline\u00bb hover_btn_shape=\u00bbsquare\u00bb hover_btn_align=\u00bbcenter\u00bb hover_btn_i_icon_fontawesome=\u00bbfa fa-arrow-circle-o-down\u00bb css_animation=\u00bbfadeIn\u00bb use_custom_fonts_hover_title=\u00bbtrue\u00bb hover_add_button=\u00bbtrue\u00bb hover_btn_add_icon=\u00bbtrue\u00bb hover_custom_background=\u00bb#001730&#8243; hover_btn_link=\u00bburl:https%3A%2F%2Fbrasmar-my.sharepoint.com%2F%3Ab%3A%2Fp%2Fbrunateixeira%2FEURNXdCHePJFtFJPIrYkJl0BRbJk0vTqsT20g4tmdv2NAg%3Fe%3DyqmUnO|title:Brochura%20Brasmar%20Group|target:%20_blank|\u00bb hover_title_link=\u00bburl:https%3A%2F%2Fbrasmar.com%2Fwp-content%2Fuploads%2F2023%2F09%2FES_Apresentacao-brasmar-group_260923.pdf|title:Brochura%20Brasmar%20Group||\u00bb][\/vc_hoverbox][vc_empty_space][\/vc_column][vc_column width=\u00bb1\/5&#8243;][vc_empty_space][vc_hoverbox image=\u00bb14972&#8243; primary_title=\u00bb\u00bb hover_title=\u00bbCat\u00e1logo Pulpo\u00bb hover_title_font_container=\u00bbfont_size:17px|color:%23ffffff\u00bb hover_title_use_theme_fonts=\u00bbyes\u00bb shape=\u00bbsquare\u00bb hover_background_color=\u00bbcustom\u00bb hover_btn_title=\u00bbDownload\u00bb hover_btn_style=\u00bboutline\u00bb hover_btn_shape=\u00bbsquare\u00bb hover_btn_align=\u00bbcenter\u00bb hover_btn_i_icon_fontawesome=\u00bbfa fa-arrow-circle-o-down\u00bb css_animation=\u00bbfadeIn\u00bb use_custom_fonts_hover_title=\u00bbtrue\u00bb hover_add_button=\u00bbtrue\u00bb hover_btn_add_icon=\u00bbtrue\u00bb hover_custom_background=\u00bb#001730&#8243; hover_btn_link=\u00bburl:https%3A%2F%2Fbrasmar.com%2Fwp-content%2Fuploads%2F2022%2F03%2Fcatalogo_polvo_2022_ES-IT_01.pdf|title:Cat%C3%A1logo%20Polvo|target:%20_blank|\u00bb][\/vc_hoverbox][vc_empty_space][\/vc_column][vc_column width=\u00bb1\/5&#8243;][vc_empty_space][vc_hoverbox image=\u00bb14957&#8243; primary_title=\u00bb\u00bb hover_title=\u00bbCat\u00e1logo Bacalao\u00bb hover_title_font_container=\u00bbfont_size:17px|color:%23ffffff\u00bb hover_title_use_theme_fonts=\u00bbyes\u00bb shape=\u00bbsquare\u00bb hover_background_color=\u00bbcustom\u00bb hover_btn_title=\u00bbDownload\u00bb hover_btn_style=\u00bboutline\u00bb hover_btn_shape=\u00bbsquare\u00bb hover_btn_align=\u00bbcenter\u00bb hover_btn_i_icon_fontawesome=\u00bbfa fa-arrow-circle-o-down\u00bb css_animation=\u00bbfadeIn\u00bb use_custom_fonts_hover_title=\u00bbtrue\u00bb hover_add_button=\u00bbtrue\u00bb hover_btn_add_icon=\u00bbtrue\u00bb hover_custom_background=\u00bb#001730&#8243; hover_btn_link=\u00bburl:https%3A%2F%2Fbrasmar.com%2Fwp-content%2Fuploads%2F2022%2F03%2Fcatalogo_bacalhau_2022_ES-IT_02.pdf|title:Cat%C3%A1logo%20Bacalhau|target:%20_blank|\u00bb][\/vc_hoverbox][vc_empty_space][\/vc_column][vc_column width=\u00bb1\/5&#8243;][vc_empty_space][vc_hoverbox image=\u00bb15009&#8243; primary_title=\u00bb\u00bb hover_title=\u00bbCat\u00e1logo Bacalao al Punto de Sal\u00bb hover_title_font_container=\u00bbfont_size:17px|color:%23ffffff\u00bb hover_title_use_theme_fonts=\u00bbyes\u00bb shape=\u00bbsquare\u00bb hover_background_color=\u00bbcustom\u00bb hover_btn_title=\u00bbDownload\u00bb hover_btn_style=\u00bboutline\u00bb hover_btn_shape=\u00bbsquare\u00bb hover_btn_align=\u00bbcenter\u00bb hover_btn_i_icon_fontawesome=\u00bbfa fa-arrow-circle-o-down\u00bb css_animation=\u00bbfadeIn\u00bb use_custom_fonts_hover_title=\u00bbtrue\u00bb hover_add_button=\u00bbtrue\u00bb hover_btn_add_icon=\u00bbtrue\u00bb hover_custom_background=\u00bb#001730&#8243; hover_btn_link=\u00bburl:https%3A%2F%2Fbrasmar.com%2Fwp-content%2Fuploads%2F2022%2F04%2Fcatalogo_retail_bacalhau_ES_PONTO-SAL-1.pdf|title:Cat%C3%A1logo%20Bacalhau%20Ponto%20de%20Sal|target:%20_blank|\u00bb][\/vc_hoverbox][vc_empty_space][\/vc_column][\/vc_row][vc_row row_content_width=\u00bbgrid\u00bb][vc_column offset=\u00bbvc_hidden-xs\u00bb][vc_empty_space height=\u00bb100px\u00bb][\/vc_column][\/vc_row][vc_row row_content_width=\u00bbgrid\u00bb][vc_column offset=\u00bbvc_hidden-xs\u00bb][vc_column_text]<\/p>\n<h1 style=\"text-align: center;\"><span style=\"font-size: 30px;\"><span style=\"font-family: Barlow;\">Ver Tambi\u00e9n<\/span><\/span><\/h1>\n<p>[\/vc_column_text][\/vc_column][\/vc_row][vc_row row_content_width=\u00bbgrid\u00bb][vc_column offset=\u00bbvc_hidden-xs\u00bb][vc_empty_space height=\u00bb40px\u00bb][\/vc_column][\/vc_row][vc_row row_content_width=\u00bbgrid\u00bb][vc_column width=\u00bb1\/2&#8243; offset=\u00bbvc_hidden-xs\u00bb][vc_raw_html]JTNDYSUyMGhyZWYlM0QlMjJodHRwcyUzQSUyRiUyRmJyYXNtYXIuY29tJTJGZXMlMkZsYS1tYXJjYSUyMiUzRSUzQ2RpdiUyMGNsYXNzJTNEJTIydmVqYXRhbWJlbS1sZWZ0LWNhdGFsb2dvcy1wdCUyMiUzRSUwQSUzQ3AlMjBjbGFzcyUzRCUyMmJvdHRvbS1sZWZ0JTIyJTNFTSVDMyVBMXMlMjBpbmZvcm1hY2klQzMlQjNuJTIwc29icmUlMjBCcmFzbWFyJTNDJTJGcCUzRSUwQSUzQyUyRmRpdiUzRSUwQSUzQyUyRmElM0U=[\/vc_raw_html][\/vc_column][vc_column width=\u00bb1\/2&#8243;][vc_raw_html]JTNDYSUyMGhyZWYlM0QlMjJodHRwcyUzQSUyRiUyRmJyYXNtYXIuY29tJTJGZXMlMkZwcm9kdWN0b3MtYnJhc21hciUyMiUzRSUzQ2RpdiUyMGNsYXNzJTNEJTIydmVqYXRhbWJlbS1yaWdodCUyMiUzRSUwQSUzQ3AlMjBjbGFzcyUzRCUyMmJvdHRvbS1sZWZ0JTIyJTNFUHJvZHV0b3MlMjBCcmFzbWFyJTNDJTJGcCUzRSUwQSUzQyUyRmRpdiUzRSUwQSUzQyUyRmElM0U=[\/vc_raw_html][\/vc_column][\/vc_row][vc_row row_content_width=\u00bbgrid\u00bb][vc_column offset=\u00bbvc_hidden-xs\u00bb][vc_empty_space height=\u00bb70px\u00bb][\/vc_column][\/vc_row]<\/p>\n<\/div>","protected":false},"excerpt":{"rendered":"<p>[vc_row row_content_width=\u00bbgrid\u00bb][vc_column offset=\u00bbvc_hidden-xs\u00bb][vc_empty_space height=\u00bb75px\u00bb][\/vc_column][\/vc_row][vc_row row_content_width=\u00bbgrid\u00bb][vc_column css=\u00bb.vc_custom_1642522818250{margin-top: 60px !important;}\u00bb][vc_column_text css=\u00bb.vc_custom_1650272891539{margin-top: -15px !important;}\u00bb] Vea aqu\u00ed nuestros cat\u00e1logos [&hellip;]<\/p>\n","protected":false},"author":1,"featured_media":0,"parent":0,"menu_order":71,"comment_status":"closed","ping_status":"closed","template":"","meta":{"_seopress_robots_primary_cat":"0","_seopress_titles_title":"","_seopress_titles_desc":"Conozca m\u00e1s sobre Brasmar y vea aqu\u00ed nuestros cat\u00e1logos y folletos.","_seopress_robots_index":"","cybocfi_hide_featured_image":"","footnotes":""},"class_list":["post-14484","page","type-page","status-publish","hentry"],"_links":{"self":[{"href":"https:\/\/brasmar.com\/es\/wp-json\/wp\/v2\/pages\/14484","targetHints":{"allow":["GET"]}}],"collection":[{"href":"https:\/\/brasmar.com\/es\/wp-json\/wp\/v2\/pages"}],"about":[{"href":"https:\/\/brasmar.com\/es\/wp-json\/wp\/v2\/types\/page"}],"author":[{"embeddable":true,"href":"https:\/\/brasmar.com\/es\/wp-json\/wp\/v2\/users\/1"}],"replies":[{"embeddable":true,"href":"https:\/\/brasmar.com\/es\/wp-json\/wp\/v2\/comments?post=14484"}],"version-history":[{"count":14,"href":"https:\/\/brasmar.com\/es\/wp-json\/wp\/v2\/pages\/14484\/revisions"}],"predecessor-version":[{"id":22340,"href":"https:\/\/brasmar.com\/es\/wp-json\/wp\/v2\/pages\/14484\/revisions\/22340"}],"wp:attachment":[{"href":"https:\/\/brasmar.com\/es\/wp-json\/wp\/v2\/media?parent=14484"}],"curies":[{"name":"wp","href":"https:\/\/api.w.org\/{rel}","templated":true}]}}