{"id":14488,"date":"2021-11-04T10:38:50","date_gmt":"2021-11-04T10:38:50","guid":{"rendered":"https:\/\/brasmar.com\/contacto"},"modified":"2024-05-31T23:26:15","modified_gmt":"2024-05-31T23:26:15","slug":"contacto","status":"publish","type":"page","link":"https:\/\/brasmar.com\/es\/contacto","title":{"rendered":"Contacto"},"content":{"rendered":"<div class=\"wpb-content-wrapper\"><p>[vc_row row_content_width=\u00bbgrid\u00bb content_text_aligment=\u00bbcenter\u00bb][vc_column offset=\u00bbvc_hidden-xs\u00bb][vc_empty_space height=\u00bb28px\u00bb][\/vc_column][\/vc_row][vc_row row_content_width=\u00bbgrid\u00bb][vc_column width=\u00bb1\/2&#8243; offset=\u00bbvc_hidden-xs\u00bb][vc_empty_space height=\u00bb62px\u00bb][vc_column_text]<\/p>\n<h1 style=\"text-align: center;\"><span style=\"color: #001830;\"><strong>CONT\u00c1CTENOS<\/strong><br \/>\n<\/span><\/h1>\n<p>[\/vc_column_text][vc_empty_space height=\u00bb12px\u00bb][vc_column_text]<\/p>\n<h2 style=\"text-align: center;\"><strong><span style=\"color: #001832;\">DIRECCI\u00d3N<\/span><\/strong><\/h2>\n<p>[\/vc_column_text][vc_column_text][\/vc_column_text][vc_column_text]<\/p>\n<p style=\"text-align: center;\">Avenida Ferreira de Castro, n\u00ba 73<br \/>\n4745-251 Guid\u00f5es<br \/>\nTrofa, Portugal<\/p>\n<p style=\"text-align: center;\">T. +351 252 490 070<br \/>\n(Llamada a un tel\u00e9fono de Portugal)<\/p>\n<p>[\/vc_column_text][vc_column_text]<\/p>\n<h2 style=\"text-align: center;\"><strong><span style=\"color: #001832;\">ATENCI\u00d3N AL CLIENTE<\/span><\/strong><\/h2>\n<p>[\/vc_column_text][vc_column_text]<\/p>\n<p style=\"text-align: center;\">T. +351 252 100 252<br \/>\n(Llamada a un tel\u00e9fono de Portugal)<\/p>\n<p style=\"text-align: center;\">Correo: apoiocliente@brasmar.com<\/p>\n<p>[\/vc_column_text][vc_column_text]<\/p>\n<h2 style=\"text-align: center;\"><strong><span style=\"color: #001832;\">CORREO ELECTR\u00d3NICO<\/span><\/strong><\/h2>\n<p>[\/vc_column_text][vc_column_text]<\/p>\n<p style=\"text-align: center;\"><a href=\"mailto:geral@brasmar.com\">geral@brasmar.com<\/a><\/p>\n<p>[\/vc_column_text][vc_empty_space height=\u00bb12px\u00bb][vc_single_image image=\u00bb3391&#8243; img_size=\u00bbfull\u00bb alignment=\u00bbcenter\u00bb][vc_empty_space height=\u00bb30px\u00bb][\/vc_column][vc_column width=\u00bb1\/2&#8243; offset=\u00bbvc_hidden-xs\u00bb][vc_empty_space height=\u00bb100px\u00bb][vc_column_text]<\/p>\n<h3 style=\"text-align: center;\"><span style=\"color: #001830;\"><strong>CONT\u00c1CTENOS A TRAV\u00c9S DEL SIGUIENTE FORMULARIO<\/strong><br \/>\n<\/span><\/h3>\n<p>[\/vc_column_text][vc_empty_space height=\u00bb18px\u00bb][vc_column_text css=\u00bb\u00bb]<div class='fluentform ff-default fluentform_wrapper_4 ffs_custom_wrap'><form data-form_id=\"4\" id=\"fluentform_4\" class=\"frm-fluent-form fluent_form_4 ff-el-form-top ff_form_instance_4_1 ff-form-loading ffs_custom\" data-form_instance=\"ff_form_instance_4_1\" method=\"POST\" ><fieldset  style=\"border: none!important;margin: 0!important;padding: 0!important;background-color: transparent!important;box-shadow: none!important;outline: none!important; min-inline-size: 100%;\">\n                    <legend class=\"ff_screen_reader_title\" style=\"display: block; margin: 0!important;padding: 0!important;height: 0!important;text-indent: -999999px;width: 0!important;overflow:hidden;\">Formul\u00e1rio Contacto ES<\/legend><input type='hidden' name='__fluent_form_embded_post_id' value='14488' \/><input type=\"hidden\" id=\"_fluentform_4_fluentformnonce\" name=\"_fluentform_4_fluentformnonce\" value=\"1a420073d6\" \/><input type=\"hidden\" name=\"_wp_http_referer\" value=\"\/es\/wp-json\/wp\/v2\/pages\/14488\" \/><div class='ff-el-group'><div class=\"ff-el-input--label ff-el-is-required asterisk-right\"><label for='ff_4_your-name' id='label_ff_4_your-name' >Nombre<\/label><\/div><div class='ff-el-input--content'><input type=\"text\" name=\"your-name\" class=\"ff-el-form-control\" id=\"ff_4_your-name\" data-name=\"your-name\"  aria-invalid=\"false\" aria-required=true><\/div><\/div><div class='ff-el-group'><div class=\"ff-el-input--label ff-el-is-required asterisk-right\"><label for='ff_4_your-email' id='label_ff_4_your-email' aria-label=\"Email\">Email<\/label><\/div><div class='ff-el-input--content'><input type=\"email\" name=\"your-email\" class=\"ff-el-form-control\" id=\"ff_4_your-email\" data-name=\"your-email\"  aria-invalid=\"false\" aria-required=true><\/div><\/div><div class='ff-el-group'><div class=\"ff-el-input--label ff-el-is-required asterisk-right\"><label for='ff_4_your-subject' id='label_ff_4_your-subject' aria-label=\"Asunto\">Asunto<\/label><\/div><div class='ff-el-input--content'><input type=\"text\" name=\"your-subject\" class=\"ff-el-form-control\" id=\"ff_4_your-subject\" data-name=\"your-subject\"  aria-invalid=\"false\" aria-required=true><\/div><\/div><div class='ff-el-group'><div class=\"ff-el-input--label ff-el-is-required asterisk-right\"><label for='ff_4_your-message' id='label_ff_4_your-message' aria-label=\"Su Mensaje\">Su Mensaje<\/label><\/div><div class='ff-el-input--content'><textarea aria-required=\"true\" aria-labelledby=\"label_ff_4_your-message\" name=\"your-message\" class=\"ff-el-form-control\" id=\"ff_4_your-message\" rows=\"7\" cols=\"2\" data-name=\"your-message\" ><\/textarea><\/div><\/div><div class='ff-el-group    ff-el-input--content'><div class='ff-el-form-check ff-el-tc'><label aria-label='T\u00e9rminos y condiciones: He le\u00eddo y acepto los t\u00e9rminos y condiciones relacionados con la pol\u00edtica de privacidad y las pol\u00edticas de procesamiento de datos de VigentGroup. Contiene 1 enlace. Usa la navegaci\u00f3n por pesta\u00f1as para rese\u00f1ar.' class='ff-el-form-check-label ff_tc_label' for=rgpd_d4bb0b1d3bdb9c886a22f34db4e83a9e><span class='ff_tc_checkbox'><input type=\"checkbox\" name=\"rgpd\" class=\"ff-el-form-check-input\" data-name=\"rgpd\" id=\"rgpd_d4bb0b1d3bdb9c886a22f34db4e83a9e\"  value='on' aria-invalid='false' aria-required=true><\/span> <div class='ff_t_c'><p>He le\u00eddo y acepto los t\u00e9rminos y condiciones relacionados con la <a class=\"rgpd1\" href=\"\/es\/politica-de-privacidad\"><strong>pol\u00edtica de privacidad<\/strong><\/a> y las pol\u00edticas de procesamiento de datos de VigentGroup.<\/p><\/div><\/label><\/div><\/div><div class='ff-el-group ff-text-left ff_submit_btn_wrapper'><button type=\"submit\" class=\"ff-btn ff-btn-submit ff-btn-md ff_btn_style\"  aria-label=\"Enviar\">Enviar<\/button><\/div><\/fieldset><\/form><div id='fluentform_4_errors' class='ff-errors-in-stack ff_form_instance_4_1 ff-form-loading_errors ff_form_instance_4_1_errors'><\/div><\/div>            <script type=\"text\/javascript\">\n                window.fluent_form_ff_form_instance_4_1 = {\"id\":\"4\",\"ajaxUrl\":\"https:\\\/\\\/brasmar.com\\\/wp-admin\\\/admin-ajax.php\",\"settings\":{\"layout\":{\"labelPlacement\":\"top\",\"helpMessagePlacement\":\"with_label\",\"errorMessagePlacement\":\"inline\",\"cssClassName\":\"\",\"asteriskPlacement\":\"asterisk-right\"},\"restrictions\":{\"denyEmptySubmission\":{\"enabled\":false}}},\"form_instance\":\"ff_form_instance_4_1\",\"form_id_selector\":\"fluentform_4\",\"rules\":{\"your-name\":{\"required\":{\"value\":true,\"message\":\"Este campo es obligatorio\",\"global\":false,\"global_message\":\"This field is required\"}},\"your-email\":{\"required\":{\"value\":true,\"message\":\"Este campo es obligatorio\",\"global\":false,\"global_message\":\"This field is required\"},\"email\":{\"value\":1,\"message\":\"This field must contain a valid email\",\"global\":false,\"global_message\":\"This field must contain a valid email\"}},\"your-subject\":{\"required\":{\"value\":true,\"message\":\"Este campo es obligatorio\",\"global\":false,\"global_message\":\"This field is required\"}},\"your-message\":{\"required\":{\"value\":true,\"message\":\"Este campo es obligatorio\",\"global\":false,\"global_message\":\"This field is required\"}},\"rgpd\":{\"required\":{\"value\":true,\"message\":\"Este campo es obligatorio\",\"global\":false,\"global_message\":\"This field is required\"}}},\"debounce_time\":300};\n                            <\/script>\n            [\/vc_column_text][vc_empty_space height=\u00bb22px\u00bb][\/vc_column][\/vc_row][vc_row row_content_width=\u00bbgrid\u00bb content_text_aligment=\u00bbcenter\u00bb][vc_column offset=\u00bbvc_hidden-xs\u00bb][vc_empty_space height=\u00bb60 px\u00bb]<div class=\"edgtf-google-map-holder \">\n\t<div class=\"edgtf-google-map\" id=\"edgtf-map-1319482\" data-addresses='[\"Avenida Ferreira de Castro, n\u00ba 73 4745-251 Guid\u00f5es TROFA, PORTUGAL\"]' data-custom-map-style=no data-color-overlay=#393939 data-saturation=-100 data-lightness=-60 data-zoom=15 data-pin=https:\/\/brasmar.com\/wp-content\/themes\/gastrobar\/assets\/img\/pin.png data-unique-id=1319482 data-scroll-wheel=no data-height=600 data-full-height=no data-predefined-style=yes data-predefined-style-type=style-2><\/div>\n\t\t\t<div class=\"edgtf-google-map-overlay\"><\/div>\n\t<\/div>\n[vc_empty_space height=\u00bb60 px\u00bb][\/vc_column][\/vc_row][vc_row row_content_width=\u00bbgrid\u00bb][vc_column width=\u00bb1\/2&#8243; offset=\u00bbvc_hidden-lg vc_hidden-md vc_hidden-sm\u00bb][vc_column_text]<\/p>\n<h1 style=\"text-align: center;\"><span style=\"color: #001830;\"><strong>CONT\u00c1CTENOS<\/strong><br \/>\n<\/span><\/h1>\n<p>[\/vc_column_text][vc_empty_space height=\u00bb12px\u00bb][vc_column_text]<\/p>\n<h2 style=\"text-align: center;\"><strong><span style=\"color: #001832;\">DIRECCI\u00d3N<\/span><\/strong><\/h2>\n<p>[\/vc_column_text][vc_column_text][\/vc_column_text][vc_column_text]<\/p>\n<p style=\"text-align: center;\">Avenida Ferreira de Castro, n\u00ba 73<br \/>\n4745-251 Guid\u00f5es<br \/>\nTrofa, Portugal<\/p>\n<p style=\"text-align: center;\">T. +351 252 490 070<br \/>\n(Llamada a un tel\u00e9fono de Portugal)<\/p>\n<p>[\/vc_column_text][vc_column_text]<\/p>\n<h2 style=\"text-align: center;\"><strong><span style=\"color: #001832;\">ATENCI\u00d3N AL CLIENTE<\/span><\/strong><\/h2>\n<p>[\/vc_column_text][vc_column_text]<\/p>\n<p style=\"text-align: center;\">T. +351 252 100 252<br \/>\n(Llamada a un tel\u00e9fono de Portugal)<\/p>\n<p style=\"text-align: center;\">Correo: apoiocliente@brasmar.com<\/p>\n<p>[\/vc_column_text][vc_column_text]<\/p>\n<h2 style=\"text-align: center;\"><strong><span style=\"color: #001832;\">CORREO ELECTR\u00d3NICO<\/span><\/strong><\/h2>\n<p>[\/vc_column_text][vc_column_text]<\/p>\n<p style=\"text-align: center;\"><a href=\"mailto:geral@brasmar.com\">geral@brasmar.com<\/a><\/p>\n<p>[\/vc_column_text][vc_empty_space height=\u00bb30px\u00bb][\/vc_column][vc_column width=\u00bb1\/2&#8243; offset=\u00bbvc_hidden-lg vc_hidden-md vc_hidden-sm\u00bb][vc_column_text]<\/p>\n<h3 style=\"text-align: center;\"><span style=\"color: #001830;\"><strong>CONT\u00c1CTENOS A TRAV\u00c9S DEL SIGUIENTE FORMULARIO<\/strong><br \/>\n<\/span><\/h3>\n<p>[\/vc_column_text][vc_empty_space height=\u00bb22px\u00bb][contact-form-7 id=\u00bb15027&#8243; html_class=\u00bbcf7_custom_style_2&#8243;][vc_empty_space height=\u00bb22px\u00bb][\/vc_column][\/vc_row][vc_row row_content_width=\u00bbgrid\u00bb content_text_aligment=\u00bbcenter\u00bb][vc_column offset=\u00bbvc_hidden-lg vc_hidden-md vc_hidden-sm\u00bb][vc_empty_space height=\u00bb12px\u00bb]<div class=\"edgtf-google-map-holder \">\n\t<div class=\"edgtf-google-map\" id=\"edgtf-map-1184959\" data-addresses='[\"Avenida Ferreira de Castro, n\u00ba 73 4745-251 Guid\u00f5es TROFA, PORTUGAL\"]' data-custom-map-style=no data-color-overlay=#393939 data-saturation=-100 data-lightness=-60 data-zoom=15 data-pin=https:\/\/brasmar.com\/wp-content\/themes\/gastrobar\/assets\/img\/pin.png data-unique-id=1184959 data-scroll-wheel=no data-height=600 data-full-height=no data-predefined-style=yes data-predefined-style-type=style-2><\/div>\n\t\t\t<div class=\"edgtf-google-map-overlay\"><\/div>\n\t<\/div>\n[vc_empty_space height=\u00bb30px\u00bb][\/vc_column][\/vc_row]<\/p>\n<\/div>","protected":false},"excerpt":{"rendered":"<p>[vc_row row_content_width=\u00bbgrid\u00bb content_text_aligment=\u00bbcenter\u00bb][vc_column offset=\u00bbvc_hidden-xs\u00bb][vc_empty_space height=\u00bb28px\u00bb][\/vc_column][\/vc_row][vc_row row_content_width=\u00bbgrid\u00bb][vc_column width=\u00bb1\/2&#8243; offset=\u00bbvc_hidden-xs\u00bb][vc_empty_space height=\u00bb62px\u00bb][vc_column_text] CONT\u00c1CTENOS [\/vc_column_text][vc_empty_space height=\u00bb12px\u00bb][vc_column_text] DIRECCI\u00d3N [\/vc_column_text][vc_column_text][\/vc_column_text][vc_column_text] Avenida [&hellip;]<\/p>\n","protected":false},"author":1,"featured_media":0,"parent":0,"menu_order":80,"comment_status":"closed","ping_status":"closed","template":"","meta":{"_seopress_robots_primary_cat":"","_seopress_titles_title":"","_seopress_titles_desc":"Cont\u00e1ctenos a trav\u00e9s de nuestro correo electr\u00f3nico general o la atenci\u00f3n al cliente.","_seopress_robots_index":"","cybocfi_hide_featured_image":"","footnotes":""},"class_list":["post-14488","page","type-page","status-publish","hentry"],"_links":{"self":[{"href":"https:\/\/brasmar.com\/es\/wp-json\/wp\/v2\/pages\/14488","targetHints":{"allow":["GET"]}}],"collection":[{"href":"https:\/\/brasmar.com\/es\/wp-json\/wp\/v2\/pages"}],"about":[{"href":"https:\/\/brasmar.com\/es\/wp-json\/wp\/v2\/types\/page"}],"author":[{"embeddable":true,"href":"https:\/\/brasmar.com\/es\/wp-json\/wp\/v2\/users\/1"}],"replies":[{"embeddable":true,"href":"https:\/\/brasmar.com\/es\/wp-json\/wp\/v2\/comments?post=14488"}],"version-history":[{"count":9,"href":"https:\/\/brasmar.com\/es\/wp-json\/wp\/v2\/pages\/14488\/revisions"}],"predecessor-version":[{"id":22427,"href":"https:\/\/brasmar.com\/es\/wp-json\/wp\/v2\/pages\/14488\/revisions\/22427"}],"wp:attachment":[{"href":"https:\/\/brasmar.com\/es\/wp-json\/wp\/v2\/media?parent=14488"}],"curies":[{"name":"wp","href":"https:\/\/api.w.org\/{rel}","templated":true}]}}