{"id":14500,"date":"2021-11-08T17:12:14","date_gmt":"2021-11-08T17:12:14","guid":{"rendered":"https:\/\/brasmar.com\/marisco"},"modified":"2022-10-27T16:56:55","modified_gmt":"2022-10-27T16:56:55","slug":"marisco","status":"publish","type":"page","link":"https:\/\/brasmar.com\/es\/marisco","title":{"rendered":"Marisco"},"content":{"rendered":"<div class=\"wpb-content-wrapper\"><p>[vc_row full_width=\u00bbstretch_row_content\u00bb][vc_column offset=\u00bbvc_hidden-xs\u00bb][vc_single_image image=\u00bb4026&#8243; img_size=\u00bbfull\u00bb alignment=\u00bbcenter\u00bb][\/vc_column][\/vc_row][vc_row full_width=\u00bbstretch_row_content\u00bb][vc_column offset=\u00bbvc_hidden-lg vc_hidden-md vc_hidden-sm\u00bb][vc_single_image image=\u00bb5491&#8243; img_size=\u00bbfull\u00bb alignment=\u00bbcenter\u00bb][\/vc_column][\/vc_row][vc_row gap=\u00bb10&#8243; row_content_width=\u00bbgrid\u00bb][vc_column width=\u00bb1\/4&#8243;][\/vc_column][vc_column width=\u00bb1\/2&#8243;][vc_empty_space height=\u00bb40px\u00bb]<div class=\"edgtf-section-title-holder   edgtf-st-custom-size\" style=\"text-align: center\">\n\t<div class=\"edgtf-st-inner\">\n\t\t\t\t\t\t\t<h1 class=\"edgtf-st-title \" style=\"font-size: 42px\">\n\t\t\t\tMarisco\t\t\t<\/h1>\n\t\t\t\t\t<\/div>\n<\/div>[vc_column_text]<\/p>\n<h2 style=\"text-align: center;\"><span style=\"font-family: 'Reenie Beanie'; text-transform: none; font-size: 30px; font-weight: 400;\">Sabor y calidad<\/span><\/h2>\n<p>[\/vc_column_text][vc_empty_space height=\u00bb30px\u00bb][vc_column_text]Tenemos una oferta variada de marisco, con la posibilidad de adaptar la mayor\u00eda a la realidad de la venta al por menor y Food Service, con las m\u00e1s distintas formas y tipos de presentaci\u00f3n.[\/vc_column_text][vc_empty_space][\/vc_column][vc_column width=\u00bb1\/4&#8243; offset=\u00bbvc_hidden-lg vc_hidden-md vc_hidden-sm vc_hidden-xs\u00bb][vc_empty_space][vc_single_image image=\u00bb3043&#8243; img_size=\u00bb200&#215;170&#8243;][vc_empty_space][\/vc_column][\/vc_row][vc_row][vc_column][vc_empty_space][\/vc_column][\/vc_row][vc_row row_content_width=\u00bbgrid\u00bb][vc_column]<div class=\"edgtf-portfolio-list-holder edgtf-pl-gallery edgtf-small-space edgtf-pl-four-columns edgtf-pl-standard-shader    edgtf-pl-pag-no-pagination edgtf-pl-has-filter edgtf-pl-has-animation   \"  data-type=gallery data-number-of-columns=4 data-space-between-items=small data-number-of-items=-1 data-image-proportions=full data-enable-fixed-proportions=no data-enable-image-shadow=no data-category=marisco data-orderby=date data-order=ASC data-item-style=standard-shader data-enable-title=yes data-title-tag=h3 data-enable-category=no data-enable-excerpt=yes data-excerpt-length=300 data-pagination-type=no-pagination data-filter=yes data-filter-order-by=name data-enable-article-animation=yes data-portfolio-slider-on=no data-enable-loop=yes data-enable-autoplay=yes data-slider-speed=5000 data-slider-speed-animation=600 data-enable-navigation=yes data-enable-pagination=yes data-max-num-pages=0 data-next-page=2>\n\t\t<div class=\"edgtf-pl-filter-holder\" >\n\t\t<div class=\"edgtf-plf-inner\">\n\t\t\t\t\t<\/div>\n\t<\/div>\n\t<div class=\"edgtf-pl-inner edgtf-outer-space  clearfix\">\n\t\t<article class=\"edgtf-pl-item edgtf-item-space  post-15029 portfolio-item type-portfolio-item status-publish has-post-thumbnail hentry portfolio-category-marisco-es\">\n\t<div class=\"edgtf-pl-item-inner\">\n\t\t<div class=\"edgtf-pli-image\">\n\t<img loading=\"lazy\" decoding=\"async\" width=\"550\" height=\"550\" src=\"https:\/\/brasmar.com\/wp-content\/uploads\/2021\/11\/ameijoa-vietnamita.jpg\" class=\"attachment-full size-full wp-post-image\" alt=\"\" srcset=\"https:\/\/brasmar.com\/wp-content\/uploads\/2021\/11\/ameijoa-vietnamita.jpg 550w, https:\/\/brasmar.com\/wp-content\/uploads\/2021\/11\/ameijoa-vietnamita-300x300.jpg 300w, https:\/\/brasmar.com\/wp-content\/uploads\/2021\/11\/ameijoa-vietnamita-150x150.jpg 150w\" sizes=\"auto, (max-width: 550px) 100vw, 550px\" \/><\/div>\n<div class=\"edgtf-pli-text-holder\">\n\t<div class=\"edgtf-pli-text-wrapper\">\n\t\t<div class=\"edgtf-pli-text\">\n\t\t\t\t<h3 itemprop=\"name\" class=\"edgtf-pli-title entry-title\" >\n\t\tAlmejas\t<\/h3>\n\n\t\t\t\n\t\t\t\t<p itemprop=\"description\" class=\"edgtf-pli-excerpt\">[vc_row][vc_column offset=\u00bbvc_hidden-xs\u00bb][vc_empty_space height=\u00bb40px\u00bb][\/vc_column][\/vc_row][vc_row content_placement=\u00bbtop\u00bb row_content_width=\u00bbgrid\u00bb css=\u00bb.vc_custom_1638119811301{margin-top: 0px !important;margin-right: 0px !important;margin-bottom: 0px !important;margin-left: 0px !importan<\/p>\n\t\t<\/div>\n\t<\/div>\n<\/div>\t\t\n\t\t<a itemprop=\"url\" class=\"edgtf-pli-link edgtf-block-drag-link\" href=\"https:\/\/brasmar.com\/es\/produtos\/almejas\" target=\"_self\"><\/a>\n\t<\/div>\n<\/article><article class=\"edgtf-pl-item edgtf-item-space  post-15030 portfolio-item type-portfolio-item status-publish has-post-thumbnail hentry portfolio-category-marisco-es\">\n\t<div class=\"edgtf-pl-item-inner\">\n\t\t<div class=\"edgtf-pli-image\">\n\t<img loading=\"lazy\" decoding=\"async\" width=\"550\" height=\"550\" src=\"https:\/\/brasmar.com\/wp-content\/uploads\/2021\/11\/miolo-berbigao-legitimo-brasmar.jpg\" class=\"attachment-full size-full wp-post-image\" alt=\"\" srcset=\"https:\/\/brasmar.com\/wp-content\/uploads\/2021\/11\/miolo-berbigao-legitimo-brasmar.jpg 550w, https:\/\/brasmar.com\/wp-content\/uploads\/2021\/11\/miolo-berbigao-legitimo-brasmar-300x300.jpg 300w, https:\/\/brasmar.com\/wp-content\/uploads\/2021\/11\/miolo-berbigao-legitimo-brasmar-150x150.jpg 150w\" sizes=\"auto, (max-width: 550px) 100vw, 550px\" \/><\/div>\n<div class=\"edgtf-pli-text-holder\">\n\t<div class=\"edgtf-pli-text-wrapper\">\n\t\t<div class=\"edgtf-pli-text\">\n\t\t\t\t<h3 itemprop=\"name\" class=\"edgtf-pli-title entry-title\" >\n\t\tBerberecho\t<\/h3>\n\n\t\t\t\n\t\t\t\t<p itemprop=\"description\" class=\"edgtf-pli-excerpt\">[vc_row][vc_column offset=\u00bbvc_hidden-xs\u00bb][vc_empty_space height=\u00bb40px\u00bb][\/vc_column][\/vc_row][vc_row content_placement=\u00bbtop\u00bb row_content_width=\u00bbgrid\u00bb css=\u00bb.vc_custom_1638120941192{margin-top: 0px !important;margin-right: 0px !important;margin-bottom: 0px !important;margin-left: 0px !importan<\/p>\n\t\t<\/div>\n\t<\/div>\n<\/div>\t\t\n\t\t<a itemprop=\"url\" class=\"edgtf-pli-link edgtf-block-drag-link\" href=\"https:\/\/brasmar.com\/es\/produtos\/berberecho\" target=\"_self\"><\/a>\n\t<\/div>\n<\/article><article class=\"edgtf-pl-item edgtf-item-space  post-15001 portfolio-item type-portfolio-item status-publish has-post-thumbnail hentry portfolio-category-marisco-es\">\n\t<div class=\"edgtf-pl-item-inner\">\n\t\t<div class=\"edgtf-pli-image\">\n\t<img loading=\"lazy\" decoding=\"async\" width=\"550\" height=\"550\" src=\"https:\/\/brasmar.com\/wp-content\/uploads\/2021\/11\/camarao-vanamei.jpg\" class=\"attachment-full size-full wp-post-image\" alt=\"\" srcset=\"https:\/\/brasmar.com\/wp-content\/uploads\/2021\/11\/camarao-vanamei.jpg 550w, https:\/\/brasmar.com\/wp-content\/uploads\/2021\/11\/camarao-vanamei-300x300.jpg 300w, https:\/\/brasmar.com\/wp-content\/uploads\/2021\/11\/camarao-vanamei-150x150.jpg 150w\" sizes=\"auto, (max-width: 550px) 100vw, 550px\" \/><\/div>\n<div class=\"edgtf-pli-text-holder\">\n\t<div class=\"edgtf-pli-text-wrapper\">\n\t\t<div class=\"edgtf-pli-text\">\n\t\t\t\t<h3 itemprop=\"name\" class=\"edgtf-pli-title entry-title\" >\n\t\tLangostino vannamei\t<\/h3>\n\n\t\t\t\n\t\t\t\t<p itemprop=\"description\" class=\"edgtf-pli-excerpt\">[vc_row][vc_column offset=\u00bbvc_hidden-xs\u00bb][vc_empty_space height=\u00bb40px\u00bb][\/vc_column][\/vc_row][vc_row content_placement=\u00bbtop\u00bb row_content_width=\u00bbgrid\u00bb css=\u00bb.vc_custom_1638117590155{margin-top: 0px !important;margin-right: 0px !important;margin-bottom: 0px !important;margin-left: 0px !importan<\/p>\n\t\t<\/div>\n\t<\/div>\n<\/div>\t\t\n\t\t<a itemprop=\"url\" class=\"edgtf-pli-link edgtf-block-drag-link\" href=\"https:\/\/brasmar.com\/es\/produtos\/langostino-vannamei\" target=\"_self\"><\/a>\n\t<\/div>\n<\/article><article class=\"edgtf-pl-item edgtf-item-space  post-15057 portfolio-item type-portfolio-item status-publish has-post-thumbnail hentry portfolio-category-marisco-es\">\n\t<div class=\"edgtf-pl-item-inner\">\n\t\t<div class=\"edgtf-pli-image\">\n\t<img loading=\"lazy\" decoding=\"async\" width=\"550\" height=\"550\" src=\"https:\/\/brasmar.com\/wp-content\/uploads\/2022\/01\/caudas-lagosta-brasmar.jpg\" class=\"attachment-full size-full wp-post-image\" alt=\"\" srcset=\"https:\/\/brasmar.com\/wp-content\/uploads\/2022\/01\/caudas-lagosta-brasmar.jpg 550w, https:\/\/brasmar.com\/wp-content\/uploads\/2022\/01\/caudas-lagosta-brasmar-300x300.jpg 300w, https:\/\/brasmar.com\/wp-content\/uploads\/2022\/01\/caudas-lagosta-brasmar-150x150.jpg 150w\" sizes=\"auto, (max-width: 550px) 100vw, 550px\" \/><\/div>\n<div class=\"edgtf-pli-text-holder\">\n\t<div class=\"edgtf-pli-text-wrapper\">\n\t\t<div class=\"edgtf-pli-text\">\n\t\t\t\t<h3 itemprop=\"name\" class=\"edgtf-pli-title entry-title\" >\n\t\tLangosta\t<\/h3>\n\n\t\t\t\n\t\t\t\t<p itemprop=\"description\" class=\"edgtf-pli-excerpt\">[vc_row][vc_column offset=\u00bbvc_hidden-xs\u00bb][vc_empty_space height=\u00bb40px\u00bb][\/vc_column][\/vc_row][vc_row content_placement=\u00bbtop\u00bb row_content_width=\u00bbgrid\u00bb css=\u00bb.vc_custom_1638121191668{margin-top: 0px !important;margin-right: 0px !important;margin-bottom: 0px !important;margin-left: 0px !importan<\/p>\n\t\t<\/div>\n\t<\/div>\n<\/div>\t\t\n\t\t<a itemprop=\"url\" class=\"edgtf-pli-link edgtf-block-drag-link\" href=\"https:\/\/brasmar.com\/es\/produtos\/langosta\" target=\"_self\"><\/a>\n\t<\/div>\n<\/article><article class=\"edgtf-pl-item edgtf-item-space  post-15028 portfolio-item type-portfolio-item status-publish has-post-thumbnail hentry portfolio-category-marisco-es\">\n\t<div class=\"edgtf-pl-item-inner\">\n\t\t<div class=\"edgtf-pli-image\">\n\t<img loading=\"lazy\" decoding=\"async\" width=\"2560\" height=\"2560\" src=\"https:\/\/brasmar.com\/wp-content\/uploads\/2021\/11\/miolo-camarao-selvagem-scaled.jpg\" class=\"attachment-full size-full wp-post-image\" alt=\"\" srcset=\"https:\/\/brasmar.com\/wp-content\/uploads\/2021\/11\/miolo-camarao-selvagem-scaled.jpg 2560w, https:\/\/brasmar.com\/wp-content\/uploads\/2021\/11\/miolo-camarao-selvagem-300x300.jpg 300w, https:\/\/brasmar.com\/wp-content\/uploads\/2021\/11\/miolo-camarao-selvagem-1024x1024.jpg 1024w, https:\/\/brasmar.com\/wp-content\/uploads\/2021\/11\/miolo-camarao-selvagem-150x150.jpg 150w, https:\/\/brasmar.com\/wp-content\/uploads\/2021\/11\/miolo-camarao-selvagem-768x768.jpg 768w, https:\/\/brasmar.com\/wp-content\/uploads\/2021\/11\/miolo-camarao-selvagem-1536x1536.jpg 1536w, https:\/\/brasmar.com\/wp-content\/uploads\/2021\/11\/miolo-camarao-selvagem-550x550.jpg 550w, https:\/\/brasmar.com\/wp-content\/uploads\/2021\/11\/miolo-camarao-selvagem-1100x1100.jpg 1100w\" sizes=\"auto, (max-width: 2560px) 100vw, 2560px\" \/><\/div>\n<div class=\"edgtf-pli-text-holder\">\n\t<div class=\"edgtf-pli-text-wrapper\">\n\t\t<div class=\"edgtf-pli-text\">\n\t\t\t\t<h3 itemprop=\"name\" class=\"edgtf-pli-title entry-title\" >\n\t\tGamb\u00f3n\t<\/h3>\n\n\t\t\t\n\t\t\t\t<p itemprop=\"description\" class=\"edgtf-pli-excerpt\">[vc_row][vc_column offset=\u00bbvc_hidden-xs\u00bb][vc_empty_space height=\u00bb40px\u00bb][\/vc_column][\/vc_row][vc_row content_placement=\u00bbtop\u00bb row_content_width=\u00bbgrid\u00bb css=\u00bb.vc_custom_1638121191668{margin-top: 0px !important;margin-right: 0px !important;margin-bottom: 0px !important;margin-left: 0px !importan<\/p>\n\t\t<\/div>\n\t<\/div>\n<\/div>\t\t\n\t\t<a itemprop=\"url\" class=\"edgtf-pli-link edgtf-block-drag-link\" href=\"https:\/\/brasmar.com\/es\/produtos\/gambon\" target=\"_self\"><\/a>\n\t<\/div>\n<\/article><article class=\"edgtf-pl-item edgtf-item-space  post-15021 portfolio-item type-portfolio-item status-publish has-post-thumbnail hentry portfolio-category-marisco-es\">\n\t<div class=\"edgtf-pl-item-inner\">\n\t\t<div class=\"edgtf-pli-image\">\n\t<img loading=\"lazy\" decoding=\"async\" width=\"550\" height=\"550\" src=\"https:\/\/brasmar.com\/wp-content\/uploads\/2021\/11\/camarao-tigre-quenia-brasmar-selecao-.jpg\" class=\"attachment-full size-full wp-post-image\" alt=\"\" srcset=\"https:\/\/brasmar.com\/wp-content\/uploads\/2021\/11\/camarao-tigre-quenia-brasmar-selecao-.jpg 550w, https:\/\/brasmar.com\/wp-content\/uploads\/2021\/11\/camarao-tigre-quenia-brasmar-selecao--300x300.jpg 300w, https:\/\/brasmar.com\/wp-content\/uploads\/2021\/11\/camarao-tigre-quenia-brasmar-selecao--150x150.jpg 150w\" sizes=\"auto, (max-width: 550px) 100vw, 550px\" \/><\/div>\n<div class=\"edgtf-pli-text-holder\">\n\t<div class=\"edgtf-pli-text-wrapper\">\n\t\t<div class=\"edgtf-pli-text\">\n\t\t\t\t<h3 itemprop=\"name\" class=\"edgtf-pli-title entry-title\" >\n\t\tLangostino salvaje\t<\/h3>\n\n\t\t\t\n\t\t\t\t<p itemprop=\"description\" class=\"edgtf-pli-excerpt\">[vc_row content_placement=\u00bbtop\u00bb][vc_column offset=\u00bbvc_hidden-xs\u00bb][vc_empty_space height=\u00bb40px\u00bb][\/vc_column][\/vc_row][vc_row content_placement=\u00bbtop\u00bb row_content_width=\u00bbgrid\u00bb css=\u00bb.vc_custom_1638117970380{margin-top: 0px !important;margin-right: 0px !important;margin-bottom: 0px !important;<\/p>\n\t\t<\/div>\n\t<\/div>\n<\/div>\t\t\n\t\t<a itemprop=\"url\" class=\"edgtf-pli-link edgtf-block-drag-link\" href=\"https:\/\/brasmar.com\/es\/produtos\/langostino-salvaje\" target=\"_self\"><\/a>\n\t<\/div>\n<\/article><article class=\"edgtf-pl-item edgtf-item-space  post-14948 portfolio-item type-portfolio-item status-publish has-post-thumbnail hentry portfolio-category-marisco-es\">\n\t<div class=\"edgtf-pl-item-inner\">\n\t\t<div class=\"edgtf-pli-image\">\n\t<img loading=\"lazy\" decoding=\"async\" width=\"550\" height=\"550\" src=\"https:\/\/brasmar.com\/wp-content\/uploads\/2021\/11\/mexilhao-meia-concha-brasmar-500gr.jpg\" class=\"attachment-full size-full wp-post-image\" alt=\"\" srcset=\"https:\/\/brasmar.com\/wp-content\/uploads\/2021\/11\/mexilhao-meia-concha-brasmar-500gr.jpg 550w, https:\/\/brasmar.com\/wp-content\/uploads\/2021\/11\/mexilhao-meia-concha-brasmar-500gr-300x300.jpg 300w, https:\/\/brasmar.com\/wp-content\/uploads\/2021\/11\/mexilhao-meia-concha-brasmar-500gr-150x150.jpg 150w\" sizes=\"auto, (max-width: 550px) 100vw, 550px\" \/><\/div>\n<div class=\"edgtf-pli-text-holder\">\n\t<div class=\"edgtf-pli-text-wrapper\">\n\t\t<div class=\"edgtf-pli-text\">\n\t\t\t\t<h3 itemprop=\"name\" class=\"edgtf-pli-title entry-title\" >\n\t\tMejill\u00f3n\t<\/h3>\n\n\t\t\t\n\t\t\t\t<p itemprop=\"description\" class=\"edgtf-pli-excerpt\">[vc_row][vc_column offset=\u00bbvc_hidden-xs\u00bb][vc_empty_space height=\u00bb40px\u00bb][\/vc_column][\/vc_row][vc_row content_placement=\u00bbtop\u00bb row_content_width=\u00bbgrid\u00bb css=\u00bb.vc_custom_1638116268997{margin-top: 0px !important;margin-right: 0px !important;margin-bottom: 0px !important;margin-left: 0px !importan<\/p>\n\t\t<\/div>\n\t<\/div>\n<\/div>\t\t\n\t\t<a itemprop=\"url\" class=\"edgtf-pli-link edgtf-block-drag-link\" href=\"https:\/\/brasmar.com\/es\/produtos\/mejillon\" target=\"_self\"><\/a>\n\t<\/div>\n<\/article><article class=\"edgtf-pl-item edgtf-item-space  post-15024 portfolio-item type-portfolio-item status-publish has-post-thumbnail hentry portfolio-category-marisco-es\">\n\t<div class=\"edgtf-pl-item-inner\">\n\t\t<div class=\"edgtf-pli-image\">\n\t<img loading=\"lazy\" decoding=\"async\" width=\"550\" height=\"550\" src=\"https:\/\/brasmar.com\/wp-content\/uploads\/2021\/11\/camarao-tigre-brasmar-selecao-caixa.jpg\" class=\"attachment-full size-full wp-post-image\" alt=\"\" srcset=\"https:\/\/brasmar.com\/wp-content\/uploads\/2021\/11\/camarao-tigre-brasmar-selecao-caixa.jpg 550w, https:\/\/brasmar.com\/wp-content\/uploads\/2021\/11\/camarao-tigre-brasmar-selecao-caixa-300x300.jpg 300w, https:\/\/brasmar.com\/wp-content\/uploads\/2021\/11\/camarao-tigre-brasmar-selecao-caixa-150x150.jpg 150w\" sizes=\"auto, (max-width: 550px) 100vw, 550px\" \/><\/div>\n<div class=\"edgtf-pli-text-holder\">\n\t<div class=\"edgtf-pli-text-wrapper\">\n\t\t<div class=\"edgtf-pli-text\">\n\t\t\t\t<h3 itemprop=\"name\" class=\"edgtf-pli-title entry-title\" >\n\t\tLangostino tigre\t<\/h3>\n\n\t\t\t\n\t\t\t\t<p itemprop=\"description\" class=\"edgtf-pli-excerpt\">[vc_row][vc_column offset=\u00bbvc_hidden-xs\u00bb][vc_empty_space height=\u00bb40px\u00bb][\/vc_column][\/vc_row][vc_row content_placement=\u00bbtop\u00bb row_content_width=\u00bbgrid\u00bb css=\u00bb.vc_custom_1638119169262{margin-top: 0px !important;margin-right: 0px !important;margin-bottom: 0px !important;margin-left: 0px !importan<\/p>\n\t\t<\/div>\n\t<\/div>\n<\/div>\t\t\n\t\t<a itemprop=\"url\" class=\"edgtf-pli-link edgtf-block-drag-link\" href=\"https:\/\/brasmar.com\/es\/produtos\/langostino-tigre\" target=\"_self\"><\/a>\n\t<\/div>\n<\/article><article class=\"edgtf-pl-item edgtf-item-space  post-14955 portfolio-item type-portfolio-item status-publish has-post-thumbnail hentry portfolio-category-marisco-es\">\n\t<div class=\"edgtf-pl-item-inner\">\n\t\t<div class=\"edgtf-pli-image\">\n\t<img loading=\"lazy\" decoding=\"async\" width=\"2100\" height=\"2100\" src=\"https:\/\/brasmar.com\/wp-content\/uploads\/2021\/11\/sapateira-brasmar.jpg\" class=\"attachment-full size-full wp-post-image\" alt=\"\" srcset=\"https:\/\/brasmar.com\/wp-content\/uploads\/2021\/11\/sapateira-brasmar.jpg 2100w, https:\/\/brasmar.com\/wp-content\/uploads\/2021\/11\/sapateira-brasmar-300x300.jpg 300w, https:\/\/brasmar.com\/wp-content\/uploads\/2021\/11\/sapateira-brasmar-1024x1024.jpg 1024w, https:\/\/brasmar.com\/wp-content\/uploads\/2021\/11\/sapateira-brasmar-150x150.jpg 150w, https:\/\/brasmar.com\/wp-content\/uploads\/2021\/11\/sapateira-brasmar-768x768.jpg 768w, https:\/\/brasmar.com\/wp-content\/uploads\/2021\/11\/sapateira-brasmar-1536x1536.jpg 1536w, https:\/\/brasmar.com\/wp-content\/uploads\/2021\/11\/sapateira-brasmar-550x550.jpg 550w, https:\/\/brasmar.com\/wp-content\/uploads\/2021\/11\/sapateira-brasmar-1100x1100.jpg 1100w\" sizes=\"auto, (max-width: 2100px) 100vw, 2100px\" \/><\/div>\n<div class=\"edgtf-pli-text-holder\">\n\t<div class=\"edgtf-pli-text-wrapper\">\n\t\t<div class=\"edgtf-pli-text\">\n\t\t\t\t<h3 itemprop=\"name\" class=\"edgtf-pli-title entry-title\" >\n\t\tBuey de mar\t<\/h3>\n\n\t\t\t\n\t\t\t\t<p itemprop=\"description\" class=\"edgtf-pli-excerpt\">[vc_row][vc_column offset=\u00bbvc_hidden-xs\u00bb][vc_empty_space height=\u00bb40px\u00bb][\/vc_column][\/vc_row][vc_row content_placement=\u00bbtop\u00bb row_content_width=\u00bbgrid\u00bb css=\u00bb.vc_custom_1638116566859{margin-top: 0px !important;margin-right: 0px !important;margin-bottom: 0px !important;margin-left: 0px !importan<\/p>\n\t\t<\/div>\n\t<\/div>\n<\/div>\t\t\n\t\t<a itemprop=\"url\" class=\"edgtf-pli-link edgtf-block-drag-link\" href=\"https:\/\/brasmar.com\/es\/produtos\/buey-de-mar\" target=\"_self\"><\/a>\n\t<\/div>\n<\/article><article class=\"edgtf-pl-item edgtf-item-space  post-14988 portfolio-item type-portfolio-item status-publish has-post-thumbnail hentry portfolio-category-marisco-es\">\n\t<div class=\"edgtf-pl-item-inner\">\n\t\t<div class=\"edgtf-pli-image\">\n\t<img loading=\"lazy\" decoding=\"async\" width=\"550\" height=\"550\" src=\"https:\/\/brasmar.com\/wp-content\/uploads\/2021\/11\/miolo-vieiras-brasmar-selecao.jpg\" class=\"attachment-full size-full wp-post-image\" alt=\"\" srcset=\"https:\/\/brasmar.com\/wp-content\/uploads\/2021\/11\/miolo-vieiras-brasmar-selecao.jpg 550w, https:\/\/brasmar.com\/wp-content\/uploads\/2021\/11\/miolo-vieiras-brasmar-selecao-300x300.jpg 300w, https:\/\/brasmar.com\/wp-content\/uploads\/2021\/11\/miolo-vieiras-brasmar-selecao-150x150.jpg 150w\" sizes=\"auto, (max-width: 550px) 100vw, 550px\" \/><\/div>\n<div class=\"edgtf-pli-text-holder\">\n\t<div class=\"edgtf-pli-text-wrapper\">\n\t\t<div class=\"edgtf-pli-text\">\n\t\t\t\t<h3 itemprop=\"name\" class=\"edgtf-pli-title entry-title\" >\n\t\tVieiras\t<\/h3>\n\n\t\t\t\n\t\t\t\t<p itemprop=\"description\" class=\"edgtf-pli-excerpt\">[vc_row][vc_column offset=\u00bbvc_hidden-xs\u00bb][vc_empty_space height=\u00bb40px\u00bb][\/vc_column][\/vc_row][vc_row content_placement=\u00bbtop\u00bb row_content_width=\u00bbgrid\u00bb css=\u00bb.vc_custom_1638116897074{margin-top: 0px !important;margin-right: 0px !important;margin-bottom: 0px !important;margin-left: 0px !importan<\/p>\n\t\t<\/div>\n\t<\/div>\n<\/div>\t\t\n\t\t<a itemprop=\"url\" class=\"edgtf-pli-link edgtf-block-drag-link\" href=\"https:\/\/brasmar.com\/es\/produtos\/vieiras\" target=\"_self\"><\/a>\n\t<\/div>\n<\/article>\t<\/div>\n\t\n\t<\/div>[\/vc_column][\/vc_row][vc_row row_content_width=\u00bbgrid\u00bb][vc_column][vc_empty_space height=\u00bb100px\u00bb][\/vc_column][\/vc_row][vc_row row_content_width=\u00bbgrid\u00bb][vc_column][vc_column_text]<\/p>\n<h1 style=\"text-align: center;\"><span style=\"font-size: 30px;\"><span style=\"font-family: Barlow;\">Ver Tambi\u00e9n<\/span><\/span><\/h1>\n<p>[\/vc_column_text][\/vc_column][\/vc_row][vc_row row_content_width=\u00bbgrid\u00bb][vc_column][vc_empty_space height=\u00bb40px\u00bb][\/vc_column][\/vc_row][vc_row row_content_width=\u00bbgrid\u00bb][vc_column width=\u00bb1\/2&#8243;][vc_raw_html]JTNDYSUyMGhyZWYlM0QlMjJodHRwcyUzQSUyRiUyRmJyYXNtYXIuY29tJTJGcHQtcHQlMkZyZWNlaXRhcyUyMiUzRSUzQ2RpdiUyMGNsYXNzJTNEJTIydmVqYXRhbWJlbS1sZWZ0LXJlY2VpdGFzLXB0JTIyJTNFJTBBJTNDcCUyMGNsYXNzJTNEJTIyYm90dG9tLWxlZnQlMjIlM0VPdXIlMjByZWNpcGVzJTNDJTJGcCUzRSUwQSUzQyUyRmRpdiUzRSUwQSUzQyUyRmElM0U=[\/vc_raw_html][\/vc_column][vc_column width=\u00bb1\/2&#8243;][vc_raw_html]JTNDYSUyMGhyZWYlM0QlMjJodHRwcyUzQSUyRiUyRmJyYXNtYXIuY29tJTJGZXMlMkZsYS1tYXJjYSUyMiUzRSUzQ2RpdiUyMGNsYXNzJTNEJTIydmVqYXRhbWJlbS1yaWdodC1tYXJjYS1wdCUyMiUzRSUwQSUzQ3AlMjBjbGFzcyUzRCUyMmJvdHRvbS1sZWZ0JTIyJTNFTSVDMyVBMXMlMjBpbmZvcm1hY2klQzMlQjNuJTIwc29icmUlMjBCcmFzbWFyJTNDJTJGcCUzRSUwQSUzQyUyRmRpdiUzRSUwQSUzQyUyRmElM0U=[\/vc_raw_html][\/vc_column][\/vc_row][vc_row row_content_width=\u00bbgrid\u00bb][vc_column][vc_empty_space height=\u00bb70px\u00bb][\/vc_column][\/vc_row]<\/p>\n<\/div>","protected":false},"excerpt":{"rendered":"<p>[vc_row full_width=\u00bbstretch_row_content\u00bb][vc_column offset=\u00bbvc_hidden-xs\u00bb][vc_single_image image=\u00bb4026&#8243; img_size=\u00bbfull\u00bb alignment=\u00bbcenter\u00bb][\/vc_column][\/vc_row][vc_row full_width=\u00bbstretch_row_content\u00bb][vc_column offset=\u00bbvc_hidden-lg vc_hidden-md vc_hidden-sm\u00bb][vc_single_image image=\u00bb5491&#8243; img_size=\u00bbfull\u00bb alignment=\u00bbcenter\u00bb][\/vc_column][\/vc_row][vc_row gap=\u00bb10&#8243; row_content_width=\u00bbgrid\u00bb][vc_column [&hellip;]<\/p>\n","protected":false},"author":1,"featured_media":0,"parent":0,"menu_order":126,"comment_status":"closed","ping_status":"closed","template":"full-width.php","meta":{"_seopress_robots_primary_cat":"0","_seopress_titles_title":"","_seopress_titles_desc":"Tenemos una oferta variada de marisco, con la posibilidad de adaptar la mayor\u00eda a la realidad de la venta al por menor y Food Service, con las m\u00e1s distintas formas y tipos de presentaci\u00f3n.","_seopress_robots_index":"","cybocfi_hide_featured_image":"","footnotes":""},"class_list":["post-14500","page","type-page","status-publish","hentry"],"_links":{"self":[{"href":"https:\/\/brasmar.com\/es\/wp-json\/wp\/v2\/pages\/14500","targetHints":{"allow":["GET"]}}],"collection":[{"href":"https:\/\/brasmar.com\/es\/wp-json\/wp\/v2\/pages"}],"about":[{"href":"https:\/\/brasmar.com\/es\/wp-json\/wp\/v2\/types\/page"}],"author":[{"embeddable":true,"href":"https:\/\/brasmar.com\/es\/wp-json\/wp\/v2\/users\/1"}],"replies":[{"embeddable":true,"href":"https:\/\/brasmar.com\/es\/wp-json\/wp\/v2\/comments?post=14500"}],"version-history":[{"count":5,"href":"https:\/\/brasmar.com\/es\/wp-json\/wp\/v2\/pages\/14500\/revisions"}],"predecessor-version":[{"id":19473,"href":"https:\/\/brasmar.com\/es\/wp-json\/wp\/v2\/pages\/14500\/revisions\/19473"}],"wp:attachment":[{"href":"https:\/\/brasmar.com\/es\/wp-json\/wp\/v2\/media?parent=14500"}],"curies":[{"name":"wp","href":"https:\/\/api.w.org\/{rel}","templated":true}]}}