{"id":14516,"date":"2021-10-26T14:37:13","date_gmt":"2021-10-26T14:37:13","guid":{"rendered":"https:\/\/brasmar.com\/polvo"},"modified":"2022-10-27T16:47:37","modified_gmt":"2022-10-27T16:47:37","slug":"pulpo","status":"publish","type":"page","link":"https:\/\/brasmar.com\/es\/pulpo","title":{"rendered":"Pulpo"},"content":{"rendered":"<div class=\"wpb-content-wrapper\"><p>[vc_row full_width=\u00bbstretch_row_content\u00bb][vc_column offset=\u00bbvc_hidden-xs\u00bb][vc_single_image image=\u00bb4569&#8243; img_size=\u00bbfull\u00bb alignment=\u00bbcenter\u00bb][\/vc_column][\/vc_row][vc_row full_width=\u00bbstretch_row_content\u00bb][vc_column offset=\u00bbvc_hidden-lg vc_hidden-md vc_hidden-sm\u00bb][vc_single_image image=\u00bb5485&#8243; img_size=\u00bbfull\u00bb alignment=\u00bbcenter\u00bb][\/vc_column][\/vc_row][vc_row gap=\u00bb10&#8243; row_content_width=\u00bbgrid\u00bb][vc_column width=\u00bb1\/4&#8243;][\/vc_column][vc_column width=\u00bb1\/2&#8243;][vc_empty_space height=\u00bb40px\u00bb]<div class=\"edgtf-section-title-holder   edgtf-st-custom-size\" style=\"text-align: center\">\n\t<div class=\"edgtf-st-inner\">\n\t\t\t\t\t\t\t<h1 class=\"edgtf-st-title \" style=\"font-size: 42px\">\n\t\t\t\tPulpo\t\t\t<\/h1>\n\t\t\t\t\t<\/div>\n<\/div>[vc_column_text]<\/p>\n<h2 style=\"text-align: center;\"><span style=\"font-family: 'Reenie Beanie'; text-transform: none; font-size: 30px; font-weight: 400;\">El mejor pulpo del mejor origen<\/span><\/h2>\n<p>[\/vc_column_text][vc_empty_space height=\u00bb30px\u00bb][vc_column_text]Ofrecemos una completa selecci\u00f3n de pulpo\u00a0 con un perfil de sabor y textura con caracter\u00edsticas \u00fanicas. Tenemos\u00a0distintas formas y tipos de presentaci\u00f3n, seg\u00fan las necesidades espec\u00edficas de cada cliente.[\/vc_column_text][vc_empty_space][\/vc_column][vc_column width=\u00bb1\/4&#8243; offset=\u00bbvc_hidden-lg vc_hidden-md vc_hidden-sm vc_hidden-xs\u00bb][vc_empty_space][vc_empty_space][\/vc_column][\/vc_row][vc_row][vc_column][vc_empty_space][\/vc_column][\/vc_row][vc_row row_content_width=\u00bbgrid\u00bb][vc_column]<div class=\"edgtf-portfolio-list-holder edgtf-pl-gallery edgtf-small-space edgtf-pl-three-columns edgtf-pl-standard-shader    edgtf-pl-pag-no-pagination edgtf-pl-has-filter edgtf-pl-has-animation   \"  data-type=gallery data-number-of-columns=3 data-space-between-items=small data-number-of-items=-1 data-image-proportions=full data-enable-fixed-proportions=no data-enable-image-shadow=no data-category=polvo data-orderby=menu_order data-order=ASC data-item-style=standard-shader data-enable-title=yes data-title-tag=h3 data-enable-category=no data-enable-excerpt=yes data-excerpt-length=300 data-pagination-type=no-pagination data-filter=yes data-filter-order-by=name data-enable-article-animation=yes data-portfolio-slider-on=no data-enable-loop=yes data-enable-autoplay=yes data-slider-speed=5000 data-slider-speed-animation=600 data-enable-navigation=yes data-enable-pagination=yes data-max-num-pages=0 data-next-page=2>\n\t\t<div class=\"edgtf-pl-filter-holder\" >\n\t\t<div class=\"edgtf-plf-inner\">\n\t\t\t\t\t\t\t<ul >\n\t\t\t\t\t<li class=\"edgtf-pl-filter\" data-filter=\"\">\n\t\t\t\t\t\t<span>Mostrar todo<\/span>\n\t\t\t\t\t<\/li>\n\t\t\t\t\t\t\t\t\t\t\t<li class=\"edgtf-pl-filter\" data-filter=\".portfolio-category-pulpo-limpio\">\n\t\t\t\t\t\t\t<span>Pulpo limpio<\/span>\n\t\t\t\t\t\t<\/li>\n\t\t\t\t\t\t\t\t\t\t\t<li class=\"edgtf-pl-filter\" data-filter=\".portfolio-category-pulpo-cocido\">\n\t\t\t\t\t\t\t<span>Pulpo cocido<\/span>\n\t\t\t\t\t\t<\/li>\n\t\t\t\t\t\t\t\t\t<\/ul>\n\t\t\t\t\t<\/div>\n\t<\/div>\n\t<div class=\"edgtf-pl-inner edgtf-outer-space  clearfix\">\n\t\t<article class=\"edgtf-pl-item edgtf-item-space  post-14827 portfolio-item type-portfolio-item status-publish has-post-thumbnail hentry portfolio-category-pulpo portfolio-category-pulpo-cocido\">\n\t<div class=\"edgtf-pl-item-inner\">\n\t\t<div class=\"edgtf-pli-image\">\n\t<img loading=\"lazy\" decoding=\"async\" width=\"2293\" height=\"2293\" src=\"https:\/\/brasmar.com\/wp-content\/uploads\/2022\/02\/polvo-cozido-inteiro-brasmar.jpg\" class=\"attachment-full size-full wp-post-image\" alt=\"\" srcset=\"https:\/\/brasmar.com\/wp-content\/uploads\/2022\/02\/polvo-cozido-inteiro-brasmar.jpg 2293w, https:\/\/brasmar.com\/wp-content\/uploads\/2022\/02\/polvo-cozido-inteiro-brasmar-300x300.jpg 300w, https:\/\/brasmar.com\/wp-content\/uploads\/2022\/02\/polvo-cozido-inteiro-brasmar-1024x1024.jpg 1024w, https:\/\/brasmar.com\/wp-content\/uploads\/2022\/02\/polvo-cozido-inteiro-brasmar-150x150.jpg 150w, https:\/\/brasmar.com\/wp-content\/uploads\/2022\/02\/polvo-cozido-inteiro-brasmar-768x768.jpg 768w, https:\/\/brasmar.com\/wp-content\/uploads\/2022\/02\/polvo-cozido-inteiro-brasmar-1536x1536.jpg 1536w, https:\/\/brasmar.com\/wp-content\/uploads\/2022\/02\/polvo-cozido-inteiro-brasmar-550x550.jpg 550w, https:\/\/brasmar.com\/wp-content\/uploads\/2022\/02\/polvo-cozido-inteiro-brasmar-1100x1100.jpg 1100w\" sizes=\"auto, (max-width: 2293px) 100vw, 2293px\" \/><\/div>\n<div class=\"edgtf-pli-text-holder\">\n\t<div class=\"edgtf-pli-text-wrapper\">\n\t\t<div class=\"edgtf-pli-text\">\n\t\t\t\t<h3 itemprop=\"name\" class=\"edgtf-pli-title entry-title\" >\n\t\tPulpo cocido entero\t<\/h3>\n\n\t\t\t\n\t\t\t\t<p itemprop=\"description\" class=\"edgtf-pli-excerpt\">[vc_row content_placement=\u00bbtop\u00bb][vc_column offset=\u00bbvc_hidden-xs\u00bb][vc_empty_space height=\u00bb40px\u00bb][\/vc_column][\/vc_row][vc_row content_placement=\u00bbtop\u00bb row_content_width=\u00bbgrid\u00bb css=\u00bb.vc_custom_1637946952752{margin-top: 0px !important;margin-right: 0px !important;margin-bottom: 0px !important;<\/p>\n\t\t<\/div>\n\t<\/div>\n<\/div>\t\t\n\t\t<a itemprop=\"url\" class=\"edgtf-pli-link edgtf-block-drag-link\" href=\"https:\/\/brasmar.com\/es\/produtos\/pulpo-cocido-entero\" target=\"_self\"><\/a>\n\t<\/div>\n<\/article><article class=\"edgtf-pl-item edgtf-item-space  post-14822 portfolio-item type-portfolio-item status-publish has-post-thumbnail hentry portfolio-category-pulpo portfolio-category-pulpo-cocido\">\n\t<div class=\"edgtf-pl-item-inner\">\n\t\t<div class=\"edgtf-pli-image\">\n\t<img loading=\"lazy\" decoding=\"async\" width=\"550\" height=\"550\" src=\"https:\/\/brasmar.com\/wp-content\/uploads\/2021\/11\/polvo-cozido-skin.jpg\" class=\"attachment-full size-full wp-post-image\" alt=\"\" srcset=\"https:\/\/brasmar.com\/wp-content\/uploads\/2021\/11\/polvo-cozido-skin.jpg 550w, https:\/\/brasmar.com\/wp-content\/uploads\/2021\/11\/polvo-cozido-skin-300x300.jpg 300w, https:\/\/brasmar.com\/wp-content\/uploads\/2021\/11\/polvo-cozido-skin-150x150.jpg 150w\" sizes=\"auto, (max-width: 550px) 100vw, 550px\" \/><\/div>\n<div class=\"edgtf-pli-text-holder\">\n\t<div class=\"edgtf-pli-text-wrapper\">\n\t\t<div class=\"edgtf-pli-text\">\n\t\t\t\t<h3 itemprop=\"name\" class=\"edgtf-pli-title entry-title\" >\n\t\tPulpo cocido tentaculos\t<\/h3>\n\n\t\t\t\n\t\t\t\t<p itemprop=\"description\" class=\"edgtf-pli-excerpt\">[vc_row content_placement=\u00bbtop\u00bb][vc_column offset=\u00bbvc_hidden-xs\u00bb][vc_empty_space height=\u00bb40px\u00bb][\/vc_column][\/vc_row][vc_row content_placement=\u00bbtop\u00bb row_content_width=\u00bbgrid\u00bb css=\u00bb.vc_custom_1637946952752{margin-top: 0px !important;margin-right: 0px !important;margin-bottom: 0px !important;<\/p>\n\t\t<\/div>\n\t<\/div>\n<\/div>\t\t\n\t\t<a itemprop=\"url\" class=\"edgtf-pli-link edgtf-block-drag-link\" href=\"https:\/\/brasmar.com\/es\/produtos\/pulpo-cocido-tentaculos\" target=\"_self\"><\/a>\n\t<\/div>\n<\/article><article class=\"edgtf-pl-item edgtf-item-space  post-14819 portfolio-item type-portfolio-item status-publish has-post-thumbnail hentry portfolio-category-pulpo portfolio-category-pulpo-limpio portfolio-tag-nacional portfolio-tag-original\">\n\t<div class=\"edgtf-pl-item-inner\">\n\t\t<div class=\"edgtf-pli-image\">\n\t<img loading=\"lazy\" decoding=\"async\" width=\"550\" height=\"550\" src=\"https:\/\/brasmar.com\/wp-content\/uploads\/2021\/11\/polvo-limpo.jpg\" class=\"attachment-full size-full wp-post-image\" alt=\"\" srcset=\"https:\/\/brasmar.com\/wp-content\/uploads\/2021\/11\/polvo-limpo.jpg 550w, https:\/\/brasmar.com\/wp-content\/uploads\/2021\/11\/polvo-limpo-300x300.jpg 300w, https:\/\/brasmar.com\/wp-content\/uploads\/2021\/11\/polvo-limpo-150x150.jpg 150w\" sizes=\"auto, (max-width: 550px) 100vw, 550px\" \/><\/div>\n<div class=\"edgtf-pli-text-holder\">\n\t<div class=\"edgtf-pli-text-wrapper\">\n\t\t<div class=\"edgtf-pli-text\">\n\t\t\t\t<h3 itemprop=\"name\" class=\"edgtf-pli-title entry-title\" >\n\t\tPulpo limpio\t<\/h3>\n\n\t\t\t\n\t\t\t\t<p itemprop=\"description\" class=\"edgtf-pli-excerpt\">[vc_row][vc_column offset=\u00bbvc_hidden-xs\u00bb][vc_empty_space height=\u00bb40px\u00bb][\/vc_column][\/vc_row][vc_row content_placement=\u00bbtop\u00bb row_content_width=\u00bbgrid\u00bb css=\u00bb.vc_custom_1637947953286{margin-top: 0px !important;margin-right: 0px !important;margin-bottom: 0px !important;margin-left: 0px !importan<\/p>\n\t\t<\/div>\n\t<\/div>\n<\/div>\t\t\n\t\t<a itemprop=\"url\" class=\"edgtf-pli-link edgtf-block-drag-link\" href=\"https:\/\/brasmar.com\/es\/produtos\/pulpo-limpio\" target=\"_self\"><\/a>\n\t<\/div>\n<\/article>\t<\/div>\n\t\n\t<\/div>[\/vc_column][\/vc_row][vc_row row_content_width=\u00bbgrid\u00bb][vc_column][vc_empty_space height=\u00bb60px\u00bb][\/vc_column][\/vc_row][vc_row full_width=\u00bbstretch_row_content\u00bb equal_height=\u00bbyes\u00bb content_placement=\u00bbtop\u00bb][vc_column offset=\u00bbvc_hidden-xs\u00bb][vc_cta h2=\u00bb\u00a1ACCEDE A NUESTROS CAT\u00c1LOGOS DE PULPO AQU\u00cd!\u00bb h2_font_container=\u00bbfont_size:20px|color:%23001832&#8243; h2_use_theme_fonts=\u00bbyes\u00bb txt_align=\u00bbcenter\u00bb shape=\u00bbsquare\u00bb style=\u00bbflat\u00bb el_width=\u00bbxs\u00bb add_button=\u00bbbottom\u00bb btn_title=\u00bbDownload\u00bb btn_style=\u00bboutline\u00bb btn_shape=\u00bbsquare\u00bb btn_color=\u00bbprimary\u00bb btn_align=\u00bbcenter\u00bb btn_i_icon_fontawesome=\u00bbfa fa-arrow-circle-o-down\u00bb use_custom_fonts_h2=\u00bbtrue\u00bb btn_add_icon=\u00bbtrue\u00bb h2_link=\u00bburl:https%3A%2F%2Fbrasmar.com%2Fwp-content%2Fuploads%2F2022%2F03%2Fcatalogo_polvo_2022_ES-IT_01.pdf||target:%20_blank|\u00bb btn_link=\u00bburl:https%3A%2F%2Fbrasmar.com%2Fwp-content%2Fuploads%2F2022%2F03%2Fcatalogo_polvo_2022_ES-IT_01.pdf||target:%20_blank|\u00bb][\/vc_cta][\/vc_column][\/vc_row][vc_row row_content_width=\u00bbgrid\u00bb][vc_column][vc_empty_space height=\u00bb100px\u00bb][\/vc_column][\/vc_row][vc_row row_content_width=\u00bbgrid\u00bb][vc_column][vc_column_text]<\/p>\n<h1 style=\"text-align: center;\"><span style=\"font-size: 30px;\"><span style=\"font-family: Barlow;\">Ver Tambi\u00e9n<\/span><\/span><\/h1>\n<p>[\/vc_column_text][\/vc_column][\/vc_row][vc_row row_content_width=\u00bbgrid\u00bb][vc_column][vc_empty_space height=\u00bb40px\u00bb][\/vc_column][\/vc_row][vc_row row_content_width=\u00bbgrid\u00bb][vc_column width=\u00bb1\/2&#8243;][vc_raw_html]JTNDYSUyMGhyZWYlM0QlMjJodHRwcyUzQSUyRiUyRmJyYXNtYXIuY29tJTJGcHQtcHQlMkZyZWNlaXRhcyUyMiUzRSUzQ2RpdiUyMGNsYXNzJTNEJTIydmVqYXRhbWJlbS1sZWZ0LXJlY2VpdGFzLXB0JTIyJTNFJTBBJTNDcCUyMGNsYXNzJTNEJTIyYm90dG9tLWxlZnQlMjIlM0VPdXIlMjByZWNpcGVzJTNDJTJGcCUzRSUwQSUzQyUyRmRpdiUzRSUwQSUzQyUyRmElM0U=[\/vc_raw_html][\/vc_column][vc_column width=\u00bb1\/2&#8243;][vc_raw_html]JTNDYSUyMGhyZWYlM0QlMjJodHRwcyUzQSUyRiUyRmJyYXNtYXIuY29tJTJGZXMlMkZsYS1tYXJjYSUyMiUzRSUzQ2RpdiUyMGNsYXNzJTNEJTIydmVqYXRhbWJlbS1yaWdodC1tYXJjYS1wdCUyMiUzRSUwQSUzQ3AlMjBjbGFzcyUzRCUyMmJvdHRvbS1sZWZ0JTIyJTNFTSVDMyVBMXMlMjBpbmZvcm1hY2klQzMlQjNuJTIwc29icmUlMjBCcmFzbWFyJTNDJTJGcCUzRSUwQSUzQyUyRmRpdiUzRSUwQSUzQyUyRmElM0U=[\/vc_raw_html][\/vc_column][\/vc_row][vc_row row_content_width=\u00bbgrid\u00bb][vc_column][vc_empty_space height=\u00bb70px\u00bb][\/vc_column][\/vc_row]<\/p>\n<\/div>","protected":false},"excerpt":{"rendered":"<p>[vc_row full_width=\u00bbstretch_row_content\u00bb][vc_column offset=\u00bbvc_hidden-xs\u00bb][vc_single_image image=\u00bb4569&#8243; img_size=\u00bbfull\u00bb alignment=\u00bbcenter\u00bb][\/vc_column][\/vc_row][vc_row full_width=\u00bbstretch_row_content\u00bb][vc_column offset=\u00bbvc_hidden-lg vc_hidden-md vc_hidden-sm\u00bb][vc_single_image image=\u00bb5485&#8243; img_size=\u00bbfull\u00bb alignment=\u00bbcenter\u00bb][\/vc_column][\/vc_row][vc_row gap=\u00bb10&#8243; row_content_width=\u00bbgrid\u00bb][vc_column [&hellip;]<\/p>\n","protected":false},"author":1,"featured_media":0,"parent":0,"menu_order":167,"comment_status":"closed","ping_status":"closed","template":"full-width.php","meta":{"_seopress_robots_primary_cat":"0","_seopress_titles_title":"","_seopress_titles_desc":"Ofrecemos una completa selecci\u00f3n de pulpo\u00a0 con un perfil de sabor y textura con caracter\u00edsticas \u00fanicas. Tenemos\u00a0distintas formas y tipos de presentaci\u00f3n, seg\u00fan las necesidades espec\u00edficas de cada cliente.","_seopress_robots_index":"","cybocfi_hide_featured_image":"","footnotes":""},"class_list":["post-14516","page","type-page","status-publish","hentry"],"_links":{"self":[{"href":"https:\/\/brasmar.com\/es\/wp-json\/wp\/v2\/pages\/14516","targetHints":{"allow":["GET"]}}],"collection":[{"href":"https:\/\/brasmar.com\/es\/wp-json\/wp\/v2\/pages"}],"about":[{"href":"https:\/\/brasmar.com\/es\/wp-json\/wp\/v2\/types\/page"}],"author":[{"embeddable":true,"href":"https:\/\/brasmar.com\/es\/wp-json\/wp\/v2\/users\/1"}],"replies":[{"embeddable":true,"href":"https:\/\/brasmar.com\/es\/wp-json\/wp\/v2\/comments?post=14516"}],"version-history":[{"count":7,"href":"https:\/\/brasmar.com\/es\/wp-json\/wp\/v2\/pages\/14516\/revisions"}],"predecessor-version":[{"id":19471,"href":"https:\/\/brasmar.com\/es\/wp-json\/wp\/v2\/pages\/14516\/revisions\/19471"}],"wp:attachment":[{"href":"https:\/\/brasmar.com\/es\/wp-json\/wp\/v2\/media?parent=14516"}],"curies":[{"name":"wp","href":"https:\/\/api.w.org\/{rel}","templated":true}]}}