{"id":14528,"date":"2017-12-01T09:00:27","date_gmt":"2017-12-01T09:00:27","guid":{"rendered":"https:\/\/brasmar.com\/tudo-sobre-o-mar"},"modified":"2022-05-04T08:36:19","modified_gmt":"2022-05-04T08:36:19","slug":"todo-sobre-el-mar","status":"publish","type":"page","link":"https:\/\/brasmar.com\/es\/todo-sobre-el-mar","title":{"rendered":"Todo sobre el mar"},"content":{"rendered":"<div class=\"wpb-content-wrapper\"><p>[vc_row][vc_column offset=\u00bbvc_hidden-xs\u00bb][vc_empty_space height=\u00bb135px\u00bb][\/vc_column][\/vc_row][vc_row content_placement=\u00bbtop\u00bb row_content_width=\u00bbgrid\u00bb css=\u00bb.vc_custom_1638722953881{margin-top: 0px !important;margin-right: 0px !important;margin-bottom: 0px !important;margin-left: 0px !important;padding-right: 0px !important;padding-left: 0px !important;}\u00bb][vc_column css=\u00bb.vc_custom_1642522002461{margin-top: 0px !important;margin-right: 0px !important;margin-bottom: 0px !important;margin-left: 0px !important;padding-right: 0px !important;padding-left: 0px !important;}\u00bb]<div class=\"edgtf-elements-holder   edgtf-one-column  edgtf-responsive-mode-768 \" ><div class=\"edgtf-eh-item    \"  data-item-class=\"edgtf-eh-custom-7785\">\n\t<div class=\"edgtf-eh-item-inner\">\n\t\t<div class=\"edgtf-eh-item-content edgtf-eh-custom-7785\" style=\"padding: 0px 0% 0px 0%\">\n\t\t\t<div class=\"edgtf-section-title-holder   edgtf-st-custom-size\" style=\"text-align: center\">\n\t<div class=\"edgtf-st-inner\">\n\t\t\t\t\t\t\t<h1 class=\"edgtf-st-title \" style=\"font-size: 60px\">\n\t\t\t\tTodo sobre el mar\t\t\t<\/h1>\n\t\t\t\t\t<\/div>\n<\/div>[vc_column_text css=\u00bb.vc_custom_1650276571066{margin-top: -15px !important;}\u00bb]<\/p>\n<h2 style=\"text-align: center;\"><span style=\"font-family: 'Reenie Beanie'; text-transform: none; font-size: 30px; font-weight: 400;\">Mitos y verdades, Trucos y consejos, Nutrici\u00f3n y alimentaci\u00f3n saludable, Curiosidades<\/span><\/h2>\n<p>[\/vc_column_text][vc_empty_space height=\u00bb50px\u00bb]\t\t<\/div>\n\t<\/div>\n<\/div><\/div>[vc_basic_grid post_type=\u00bbpost\u00bb max_items=\u00bb10&#8243; show_filter=\u00bbyes\u00bb filter_style=\u00bbdropdown\u00bb filter_size=\u00bblg\u00bb grid_id=\u00bbvc_gid:1651653354023-00186193-0296-3&#8243; taxonomies=\u00bb119&#8243; filter_source=\u00bbcategory\u00bb exclude_filter=\u00bb119&#8243;][\/vc_column][\/vc_row]<\/p>\n<\/div>","protected":false},"excerpt":{"rendered":"<p>[vc_row][vc_column offset=\u00bbvc_hidden-xs\u00bb][vc_empty_space height=\u00bb135px\u00bb][\/vc_column][\/vc_row][vc_row content_placement=\u00bbtop\u00bb row_content_width=\u00bbgrid\u00bb css=\u00bb.vc_custom_1638722953881{margin-top: 0px !important;margin-right: 0px !important;margin-bottom: 0px !important;margin-left: 0px !important;padding-right: 0px [&hellip;]<\/p>\n","protected":false},"author":1,"featured_media":0,"parent":0,"menu_order":198,"comment_status":"closed","ping_status":"closed","template":"full-width.php","meta":{"_seopress_robots_primary_cat":"0","_seopress_titles_title":"","_seopress_titles_desc":"El mar es la pasi\u00f3n de Brasmar. Aqu\u00ed, revelamos todo sobre el mar: mitos y verdades, trucos y consejos y abordamos la alimentaci\u00f3n saludable y la nutrici\u00f3n.","_seopress_robots_index":"","cybocfi_hide_featured_image":"","footnotes":""},"class_list":["post-14528","page","type-page","status-publish","hentry"],"_links":{"self":[{"href":"https:\/\/brasmar.com\/es\/wp-json\/wp\/v2\/pages\/14528","targetHints":{"allow":["GET"]}}],"collection":[{"href":"https:\/\/brasmar.com\/es\/wp-json\/wp\/v2\/pages"}],"about":[{"href":"https:\/\/brasmar.com\/es\/wp-json\/wp\/v2\/types\/page"}],"author":[{"embeddable":true,"href":"https:\/\/brasmar.com\/es\/wp-json\/wp\/v2\/users\/1"}],"replies":[{"embeddable":true,"href":"https:\/\/brasmar.com\/es\/wp-json\/wp\/v2\/comments?post=14528"}],"version-history":[{"count":3,"href":"https:\/\/brasmar.com\/es\/wp-json\/wp\/v2\/pages\/14528\/revisions"}],"predecessor-version":[{"id":15651,"href":"https:\/\/brasmar.com\/es\/wp-json\/wp\/v2\/pages\/14528\/revisions\/15651"}],"wp:attachment":[{"href":"https:\/\/brasmar.com\/es\/wp-json\/wp\/v2\/media?parent=14528"}],"curies":[{"name":"wp","href":"https:\/\/api.w.org\/{rel}","templated":true}]}}