{"id":14599,"date":"2021-11-19T12:54:40","date_gmt":"2021-11-19T12:54:40","guid":{"rendered":"https:\/\/brasmar.com\/politica-de-cookies-e-rgpd"},"modified":"2022-04-19T10:06:59","modified_gmt":"2022-04-19T10:06:59","slug":"politica-de-cookies-y-rgpd","status":"publish","type":"page","link":"https:\/\/brasmar.com\/es\/politica-de-cookies-y-rgpd","title":{"rendered":"Pol\u00edtica de Cookies y RGPD"},"content":{"rendered":"<div class=\"wpb-content-wrapper\"><p>[vc_row][vc_column offset=\u00bbvc_hidden-xs\u00bb][vc_row_inner][vc_column_inner][vc_empty_space height=\u00bb80px\u00bb][\/vc_column_inner][\/vc_row_inner][\/vc_column][\/vc_row][vc_row content_placement=\u00bbtop\u00bb row_content_width=\u00bbgrid\u00bb][vc_column offset=\u00bbvc_col-lg-12 vc_col-md-12 vc_col-xs-12&#8243;]<div class=\"edgtf-elements-holder   edgtf-one-column  edgtf-responsive-mode-768 \" ><div class=\"edgtf-eh-item    \"  data-item-class=\"edgtf-eh-custom-9463\">\n\t<div class=\"edgtf-eh-item-inner\">\n\t\t<div class=\"edgtf-eh-item-content edgtf-eh-custom-9463\" >\n\t\t\t[vc_column_text]<\/p>\n<h1>Pol\u00edtica de Cookies y RGPD<\/h1>\n<p>[\/vc_column_text][vc_empty_space height=\u00bb15px\u00bb][vc_column_text]<\/p>\n<h2>1. COOKIES \u00bfQU\u00c9 SON?<\/h2>\n<p>Las cookies son archivos de texto de tama\u00f1o reducido almacenadas en el equipo de los usuarios (\u00abUsuario\u00bb) durante el ingreso a algunas p\u00e1ginas de Internet (\u00abP\u00e1ginas web\u00bb). El uso de este tipo de tecnolog\u00eda en el acceso a P\u00e1ginas web es una pr\u00e1ctica com\u00fan, no perjudica los equipos de los Usuarios (computadora, Smartphone, Tablet, etc.) y los diferentes browsers (navegadores) permiten a cada usuario tener la posibilidad de rechazar su uso y\/o de eliminar los que ya se han almacenado.<\/p>\n<p>Las cookies desempe\u00f1an un papel importante en el funcionamiento de las diversas p\u00e1ginas web y en el acceso a diferentes contenidos, ya que permiten percibir c\u00f3mo los usuarios est\u00e1n utilizando la p\u00e1gina web y facilitar la respectiva navegaci\u00f3n, a fin de asegurar una mejor experiencia de uso de la p\u00e1gina web.<\/p>\n<h3>2. \u00bfPOR QU\u00c9 UTILIZAMOS COOKIES?<\/h3>\n<p>Las p\u00e1ginas web almacenan las cookies utilizadas para mejorar el rendimiento y la experiencia de los Usuarios, en los t\u00e9rminos legalmente permitidos.<\/p>\n<p>Las cookies almacenadas en las p\u00e1ginas web no se utilizan para el registro de cualquier informaci\u00f3n personal o privada, ni para el registro de navegaci\u00f3n en Internet externa a las p\u00e1ginas web p\u00e1ginas no identifican al usuario, s\u00f3lo el equipo utilizado, y permiten mejorar su experiencia de navegaci\u00f3n y uso, por ejemplo, ayud\u00e1ndonos a asociar su equipo a sus preferencias o proporcionarle contenidos que pensamos que pueden ser de su inter\u00e9s.<\/p>\n<h3>3. CATEGOR\u00cdAS DE COOKIES<\/h3>\n<p>Las cookies almacenadas en las p\u00e1ginas web pueden ser de tres tipos:<\/p>\n<p><u>Cookies simples:<\/u> son cookies necesarias para las p\u00e1ginas web funcionan eficientemente, registran el recorrido del usuario durante su visita sin identificarlo y se eliminan autom\u00e1ticamente al salir de las P\u00c1GINAS WEB IMPRESA PUBLISHING.<\/p>\n<p><u>Cookies persistentes<\/u>: son cookies que no son esenciales para el funcionamiento de las p\u00e1ginas web pero permiten identificar a los Usuarios siempre que acceden a las p\u00e1ginas optimizando su experiencia de navegaci\u00f3n. Con estas cookies se le asigna un n\u00famero \u00fanico que identifica al usuario cuando entra a las p\u00e1ginas web. Las cookies persistentes se mantienen en la computadora hasta que el usuario realice su eliminaci\u00f3n.<\/p>\n<p><u>Cookies de publicidad comportamental<\/u>: son cookies que permiten presentar publicidad al usuario que corresponde a sus intereses y gustos. Por ejemplo, si es un lector interesado en art\u00edculos sobre coches, es probable que se le presente publicidad sobre los servicios y bienes relacionados con los autom\u00f3viles.<\/p>\n<p><u>Otras cookies o cookies de terceros<\/u>: son cookies habitualmente colocadas por p\u00e1ginas web de entidades terceras con el permiso de las p\u00e1ginas web, permitiendo recordarle que el Usuario ya visit\u00f3 esa misma P\u00e1gina web.<\/p>\n<p>Adicionalmente, las p\u00e1ginas web pueden integrar etiquetas de p\u00edxeles (p\u00edxeles etiquetas y web beacon p\u00edxeles) y que permiten detectar \u00a0el \u00a0uso que le dan los usuarios a las p\u00e1ginas web. Las etiquetas de p\u00edxeles no recopilan datos personales y se utilizan para recopilar informaci\u00f3n sobre los destinos populares.<\/p>\n<h3>4. C\u00d3MO GESTIONAR COOKIES<\/h3>\n<p>Al proceder con la navegaci\u00f3n en las p\u00e1ginas web, y salvo que se hayan desactivado las cookies, se est\u00e1 aceptando su uso, de acuerdo con la presente Pol\u00edtica de Cookies.<\/p>\n<p>Si opta por la desactivaci\u00f3n de cookies, todas o algunas partes de las p\u00e1ginas web, pueden no funcionar correctamente y la experiencia de navegaci\u00f3n en las p\u00e1ginas web, puede presentar alg\u00fan deterioro significativo.<\/p>\n<p>Los diferentes browsers (navegadores) permiten ver las cookies que existen en su equipo e inhibir o borrar, individual o totalmente, las cookies.<\/p>\n<p>Para obtener y consultar m\u00e1s informaci\u00f3n sobre cookies, su uso y c\u00f3mo gestionar sus preferencias sobre cookies, puede consultar las p\u00e1ginas de ayuda espec\u00edfica de los distintos browsers (navegadores) o p\u00e1ginas gen\u00e9ricas sobre este tema, por ejemplo:<\/p>\n<p><a href=\"https:\/\/support.google.com\/chrome\/answer\/95647?co=GENIE.Platform%3DDesktop&amp;hl=pt\">https:\/\/support.google.com\/chrome\/answer\/95647?co=GENIE.Platform%3DDesktop&amp;hl=pt<\/a>[\/vc_column_text]\t\t<\/div>\n\t<\/div>\n<\/div><\/div>[\/vc_column][\/vc_row][vc_row][vc_column][vc_row_inner][vc_column_inner][vc_empty_space height=\u00bb80px\u00bb][\/vc_column_inner][\/vc_row_inner][\/vc_column][\/vc_row]<\/p>\n<\/div>","protected":false},"excerpt":{"rendered":"<p>[vc_row][vc_column offset=\u00bbvc_hidden-xs\u00bb][vc_row_inner][vc_column_inner][vc_empty_space height=\u00bb80px\u00bb][\/vc_column_inner][\/vc_row_inner][\/vc_column][\/vc_row][vc_row content_placement=\u00bbtop\u00bb row_content_width=\u00bbgrid\u00bb][vc_column offset=\u00bbvc_col-lg-12 vc_col-md-12 vc_col-xs-12&#8243;][\/vc_column][\/vc_row][vc_row][vc_column][vc_row_inner][vc_column_inner][vc_empty_space height=\u00bb80px\u00bb][\/vc_column_inner][\/vc_row_inner][\/vc_column][\/vc_row]<\/p>\n","protected":false},"author":1,"featured_media":0,"parent":0,"menu_order":156,"comment_status":"closed","ping_status":"closed","template":"","meta":{"_seopress_robots_primary_cat":"0","_seopress_titles_title":"","_seopress_titles_desc":"Conozca la Pol\u00edtica de Cookies y RGPD de Brasmar.","_seopress_robots_index":"","cybocfi_hide_featured_image":"","footnotes":""},"class_list":["post-14599","page","type-page","status-publish","hentry"],"_links":{"self":[{"href":"https:\/\/brasmar.com\/es\/wp-json\/wp\/v2\/pages\/14599","targetHints":{"allow":["GET"]}}],"collection":[{"href":"https:\/\/brasmar.com\/es\/wp-json\/wp\/v2\/pages"}],"about":[{"href":"https:\/\/brasmar.com\/es\/wp-json\/wp\/v2\/types\/page"}],"author":[{"embeddable":true,"href":"https:\/\/brasmar.com\/es\/wp-json\/wp\/v2\/users\/1"}],"replies":[{"embeddable":true,"href":"https:\/\/brasmar.com\/es\/wp-json\/wp\/v2\/comments?post=14599"}],"version-history":[{"count":4,"href":"https:\/\/brasmar.com\/es\/wp-json\/wp\/v2\/pages\/14599\/revisions"}],"predecessor-version":[{"id":14678,"href":"https:\/\/brasmar.com\/es\/wp-json\/wp\/v2\/pages\/14599\/revisions\/14678"}],"wp:attachment":[{"href":"https:\/\/brasmar.com\/es\/wp-json\/wp\/v2\/media?parent=14599"}],"curies":[{"name":"wp","href":"https:\/\/api.w.org\/{rel}","templated":true}]}}