{"id":13352,"date":"2021-09-22T07:16:23","date_gmt":"2021-09-22T07:16:23","guid":{"rendered":"https:\/\/brasmar.com\/a-marca"},"modified":"2023-06-01T10:15:51","modified_gmt":"2023-06-01T10:15:51","slug":"il-marchio","status":"publish","type":"page","link":"https:\/\/brasmar.com\/it\/il-marchio","title":{"rendered":"Il marchio"},"content":{"rendered":"<div class=\"wpb-content-wrapper\"><p>[vc_row row_content_width=&#8221;grid&#8221; css=&#8221;.vc_custom_1632238362268{padding-top: 25px !important;}&#8221;][vc_column offset=&#8221;vc_col-lg-6 vc_col-md-12 vc_col-xs-12 vc_hidden-xs&#8221;]<div class=\"edgtf-elements-holder   edgtf-one-column  edgtf-responsive-mode-768 \" ><div class=\"edgtf-eh-item    \"  data-item-class=\"edgtf-eh-custom-6914\">\n\t<div class=\"edgtf-eh-item-inner\">\n\t\t<div class=\"edgtf-eh-item-content edgtf-eh-custom-6914\" style=\"padding: 60px 0% 50px 0%\">\n\t\t\t[vc_single_image image=&#8221;3391&#8243; img_size=&#8221;&#8221;][vc_empty_space height=&#8221;15px&#8221;][vc_column_text]Brasmar \u00e8 il marchio di prodotti ittici congelati con maggiore diversit\u00e0 in Portogallo. Con una variet\u00e0 di oltre 200 specie, il marchio offre prodotti nelle categorie pesce, frutti di mare, cefalopodi e baccal\u00e0 salato secco, ammollato e punto di sale.<br \/>\nOltre a offrire un\u2019ampia vasta scelta di prodotti ittici, Brasmar si distingue nel mercato per essere specializzata nella lavorazione del polpo e del baccal\u00e0, i suoi prodotti di punta.[\/vc_column_text][vc_empty_space height=&#8221;42px&#8221;]<div class=\"edgtf-animation-holder edgtf-grow-in\" data-animation=\"edgtf-grow-in\" data-animation-delay=\"\"><div class=\"edgtf-animation-inner\">[vc_single_image image=&#8221;3266&#8243; img_size=&#8221;full&#8221;]<\/div><\/div>\t\t<\/div>\n\t<\/div>\n<\/div><\/div>[\/vc_column][vc_column offset=&#8221;vc_col-lg-6 vc_col-md-12 vc_col-xs-12 vc_hidden-xs&#8221;]<div class=\"edgtf-animation-holder edgtf-element-from-right\" data-animation=\"edgtf-element-from-right\" data-animation-delay=\"\"><div class=\"edgtf-animation-inner\">[vc_empty_space height=&#8221;150px&#8221;][vc_single_image image=&#8221;16205&#8243; img_size=&#8221;full&#8221;]<\/div><\/div>[\/vc_column][\/vc_row][vc_row row_content_width=&#8221;grid&#8221; css=&#8221;.vc_custom_1637334880294{margin-top: -35px !important;}&#8221;][vc_column offset=&#8221;vc_col-lg-6 vc_hidden-lg vc_col-md-12 vc_hidden-md vc_hidden-sm vc_col-xs-12&#8243;]<div class=\"edgtf-elements-holder   edgtf-one-column  edgtf-responsive-mode-768 \" ><div class=\"edgtf-eh-item    \"  data-item-class=\"edgtf-eh-custom-2520\">\n\t<div class=\"edgtf-eh-item-inner\">\n\t\t<div class=\"edgtf-eh-item-content edgtf-eh-custom-2520\" style=\"padding: 60px 0% 50px 0%\">\n\t\t\t[vc_single_image image=&#8221;13709&#8243; img_size=&#8221;full&#8221;][vc_column_text]Brasmar \u00e8 il marchio di prodotti ittici congelati con maggiore diversit\u00e0 in Portogallo. Con una variet\u00e0 di oltre 200 specie, il marchio offre prodotti nelle categorie pesce, frutti di mare, cefalopodi e baccal\u00e0 salato secco, ammollato e punto di sale.<br \/>\nOltre a offrire un\u2019ampia vasta scelta di prodotti ittici, Brasmar si distingue nel mercato per essere specializzata nella lavorazione del polpo e del baccal\u00e0, i suoi prodotti di punta.[\/vc_column_text][vc_empty_space height=&#8221;42px&#8221;]<div class=\"edgtf-animation-holder edgtf-grow-in\" data-animation=\"edgtf-grow-in\" data-animation-delay=\"\"><div class=\"edgtf-animation-inner\">[vc_single_image image=&#8221;3266&#8243; img_size=&#8221;full&#8221;]<\/div><\/div>\t\t<\/div>\n\t<\/div>\n<\/div><\/div>[\/vc_column][vc_column offset=&#8221;vc_col-lg-6 vc_hidden-lg vc_col-md-12 vc_hidden-md vc_hidden-sm vc_col-xs-12&#8243;]<div class=\"edgtf-animation-holder edgtf-element-from-right\" data-animation=\"edgtf-element-from-right\" data-animation-delay=\"\"><div class=\"edgtf-animation-inner\"><\/div><\/div>[\/vc_column][\/vc_row][vc_row content_placement=&#8221;top&#8221; row_content_width=&#8221;grid&#8221; content_text_aligment=&#8221;center&#8221;][vc_column][vc_single_image image=&#8221;3322&#8243; img_size=&#8221;full&#8221; alignment=&#8221;center&#8221;]<div class=\"edgtf-item-showcase-holder clearfix\"><div class=\"edgtf-is-item edgtf-is-left edgtf-is-has-icon\">\n\t\t\t<div class=\"edgtf-is-icon\">\n\t\t\t<img loading=\"lazy\" decoding=\"async\" width=\"70\" height=\"70\" src=\"https:\/\/brasmar.com\/wp-content\/uploads\/2021\/10\/icone-peixe.png\" class=\"edgtf-is-default-img\" alt=\"\" \/>\t\t\t\t\t<\/div>\n\t\t<div class=\"edgtf-is-content\">\n\t\t\t\t\t<p class=\"edgtf-is-title\" >\n\t\t\t\t\t\t\t\t2003\t\t\t\t\t\t\t<\/p>\n\t\t\t\t\t\t\t<p class=\"edgtf-is-text\" >Commercializzazione del marchio Brasmar nel mercato portoghese.<\/p>\n\t\t\t<\/div>\n<\/div><div class=\"edgtf-is-item edgtf-is-left edgtf-is-has-icon\">\n\t\t\t<div class=\"edgtf-is-icon\">\n\t\t\t<img loading=\"lazy\" decoding=\"async\" width=\"70\" height=\"70\" src=\"https:\/\/brasmar.com\/wp-content\/uploads\/2021\/10\/icone-peixe.png\" class=\"edgtf-is-default-img\" alt=\"\" \/>\t\t\t\t\t<\/div>\n\t\t<div class=\"edgtf-is-content\">\n\t\t\t\t\t<p class=\"edgtf-is-title\" >\n\t\t\t\t\t\t\t\t2006\t\t\t\t\t\t\t<\/p>\n\t\t\t\t\t\t\t<p class=\"edgtf-is-text\" >Commercializzazione del marchio Brasmar nel mercato Saudade.<\/p>\n\t\t\t<\/div>\n<\/div><div class=\"edgtf-is-item edgtf-is-right edgtf-is-has-icon\">\n\t\t\t<div class=\"edgtf-is-icon\">\n\t\t\t<img loading=\"lazy\" decoding=\"async\" width=\"70\" height=\"70\" src=\"https:\/\/brasmar.com\/wp-content\/uploads\/2021\/10\/icone-peixe.png\" class=\"edgtf-is-default-img\" alt=\"\" \/>\t\t\t\t\t<\/div>\n\t\t<div class=\"edgtf-is-content\">\n\t\t\t\t\t<p class=\"edgtf-is-title\" >\n\t\t\t\t\t\t\t\t2017\t\t\t\t\t\t\t<\/p>\n\t\t\t\t\t\t\t<p class=\"edgtf-is-text\" >Rebranding del marchio Brasmar e organizzazione del portafoglio per gamme di prodotti.<\/p>\n\t\t\t<\/div>\n<\/div><div class=\"edgtf-is-item edgtf-is-left edgtf-is-has-icon\">\n\t\t\t<div class=\"edgtf-is-icon\">\n\t\t\t<img loading=\"lazy\" decoding=\"async\" width=\"70\" height=\"70\" src=\"https:\/\/brasmar.com\/wp-content\/uploads\/2021\/10\/icone-peixe.png\" class=\"edgtf-is-default-img\" alt=\"\" \/>\t\t\t\t\t<\/div>\n\t\t<div class=\"edgtf-is-content\">\n\t\t\t\t\t<p class=\"edgtf-is-title\" >\n\t\t\t\t\t\t\t\t2017\t\t\t\t\t\t\t<\/p>\n\t\t\t\t\t\t\t<p class=\"edgtf-is-text\" >Brasmar \u00e8 stata premiata per la prima volta con il marchio \u201cSabor do Ano\u201d nella categoria polpo pulito.<\/p>\n\t\t\t<\/div>\n<\/div><div class=\"edgtf-is-item edgtf-is-right edgtf-is-has-icon\">\n\t\t\t<div class=\"edgtf-is-icon\">\n\t\t\t<img loading=\"lazy\" decoding=\"async\" width=\"70\" height=\"70\" src=\"https:\/\/brasmar.com\/wp-content\/uploads\/2021\/10\/icone-peixe.png\" class=\"edgtf-is-default-img\" alt=\"\" \/>\t\t\t\t\t<\/div>\n\t\t<div class=\"edgtf-is-content\">\n\t\t\t\t\t<p class=\"edgtf-is-title\" >\n\t\t\t\t\t\t\t\t2020\t\t\t\t\t\t\t<\/p>\n\t\t\t\t\t\t\t<p class=\"edgtf-is-text\" >Brasmar \u00e8 stata premiata per la prima volta con il marchio \u201cSabor do Ano\u201d nella categoria baccal\u00e0 ammollato.<\/p>\n\t\t\t<\/div>\n<\/div><div class=\"edgtf-is-item edgtf-is-right edgtf-is-has-icon\">\n\t\t\t<div class=\"edgtf-is-icon\">\n\t\t\t<img loading=\"lazy\" decoding=\"async\" width=\"70\" height=\"70\" src=\"https:\/\/brasmar.com\/wp-content\/uploads\/2021\/10\/icone-peixe.png\" class=\"edgtf-is-default-img\" alt=\"\" \/>\t\t\t\t\t<\/div>\n\t\t<div class=\"edgtf-is-content\">\n\t\t\t\t\t<p class=\"edgtf-is-title\" >\n\t\t\t\t\t\t\t\t2021\t\t\t\t\t\t\t<\/p>\n\t\t\t\t\t\t\t<p class=\"edgtf-is-text\" >Aggiornamento dell\u2019immagine del marchio e nuovo packaging.<\/p>\n\t\t\t<\/div>\n<\/div><div class=\"edgtf-is-image\" style=\"margin-top: 36px\"><img loading=\"lazy\" decoding=\"async\" width=\"411\" height=\"411\" src=\"https:\/\/brasmar.com\/wp-content\/uploads\/2021\/10\/centro-produtos.png\" class=\"attachment-full size-full\" alt=\"\" srcset=\"https:\/\/brasmar.com\/wp-content\/uploads\/2021\/10\/centro-produtos.png 411w, https:\/\/brasmar.com\/wp-content\/uploads\/2021\/10\/centro-produtos-300x300.png 300w, https:\/\/brasmar.com\/wp-content\/uploads\/2021\/10\/centro-produtos-150x150.png 150w\" sizes=\"auto, (max-width: 411px) 100vw, 411px\" \/><\/div><\/div>[vc_empty_space height=&#8221;44px&#8221;][\/vc_column][\/vc_row][vc_row full_width=&#8221;stretch_row&#8221; content_text_aligment=&#8221;center&#8221; css=&#8221;.vc_custom_1636728248267{padding-top: 25px !important;}&#8221; el_id=&#8221;uno&#8221; simple_background_color=&#8221;#05182e&#8221; parallax_background_image=&#8221;4566&#8243;][vc_column offset=&#8221;vc_col-lg-12 vc_col-md-12 vc_col-xs-12&#8243;][vc_row_inner row_content_width=&#8221;grid&#8221;][vc_column_inner][vc_column_text]<\/p>\n<h1 style=\"text-align: center;\"><strong><span style=\"color: #ffffff;\">BRASMAR GROUP<\/span><\/strong><\/h1>\n<p>[\/vc_column_text][vc_separator color=&#8221;custom&#8221; el_width=&#8221;70&#8243; accent_color=&#8221;#ea7633&#8243; css=&#8221;.vc_custom_1636635861442{margin-top: 1% !important;margin-bottom: 3% !important;}&#8221;][vc_column_text]<\/p>\n<div style=\"text-align: center;\" data-canvas-width=\"556.1400000000004\"><span style=\"color: #ffffff;\">Il marchio Brasmar appartiene <strong>Brasmar Group<\/strong>, gruppo aziendale di riferimento in Europa nel settore dei prodotti ittici congelati, refrigerati e salati.<\/span><br \/>\n<span style=\"color: #ffffff;\">Brasmar Group dispone di <strong>6 unit\u00e0 industriali <\/strong>per tipo di prodotto che permettono di offrire un\u2019ampia scelta di prodotti ittici.<\/span><br \/>\n<span style=\"color: #ffffff;\">Grazie all\u2019elevata capacit\u00e0 produttiva e alla qualit\u00e0 e sicurezza dei prodotti, l\u2019azienda \u00e8 in grado <strong>di esportare in pi\u00f9 di 40 paesi<\/strong> e <\/span><\/div>\n<div style=\"text-align: center;\" data-canvas-width=\"556.1400000000004\"><span style=\"color: #ffffff;\">di disporre di <strong>filiali commerciali in 8 paesi<\/strong> del mondo: <\/span><span style=\"color: #ffffff;\">Portogallo, Spagna, Italia, Francia, Regno Unito, Norvegia, Brasile e Stati Uniti. <\/span><\/div>\n<div style=\"text-align: center;\" data-canvas-width=\"556.1400000000004\"><span style=\"color: #ffffff;\">Brasmar Group possiede i marchi <strong>Brasmar<\/strong>, <strong>La Balinesa<\/strong>, <strong>Nuchar<\/strong>, <strong>Marnobre<\/strong>,<strong> Argus<\/strong> e <strong>Amarras<\/strong>.<\/span><\/div>\n<p>[\/vc_column_text][vc_column_text]<\/p>\n<h2 style=\"text-align: center;\" data-canvas-width=\"546.1886666666669\"><strong><span style=\"color: #ea7633;\">LA NOSTRA VISION<\/span><\/strong><\/h2>\n<p style=\"text-align: center;\"><span style=\"color: #ffffff;\">Essere, in tutto il mondo, un\u2019azienda riconosciuta, apprezzata e rinomata nel settore dei prodotti ittici.<\/span><\/p>\n<h2 style=\"text-align: center;\"><span style=\"color: #ea7633;\"><strong>LA NOSTRA MISSION<\/strong><\/span><\/h2>\n<p style=\"text-align: center;\"><span style=\"color: #ffffff;\">Essere il partner di riferimento dei nostri clienti;<br \/>\nEssere pionieri nell\u2019offrire nuovi prodotti e forme di imballaggio;<br \/>\nEssere riconosciuti per la qualit\u00e0, uniformit\u00e0 e variet\u00e0 della nostra gamma di prodotti;<br \/>\nOttenere il riconoscimento da parte dei consumatori come azienda solida, sostenibile, responsabile a livello ambientale e sociale.<\/span><\/p>\n<h2 style=\"text-align: center;\"><span style=\"color: #ea7633;\"><strong>I NOSTRI VALORI<\/strong><\/span><\/h2>\n<p style=\"text-align: center;\"><span style=\"color: #ffffff;\">Saper lavorare in squadra e apprezzarne il valore;<br \/>\nEssere orgogliosi e appassionati dei prodotti ittici;<br \/>\nEssere responsabili e imparare dagli errori;<br \/>\nVoler sempre fare di pi\u00f9 e meglio.<\/span><\/p>\n<h2 style=\"text-align: center;\"><strong><span style=\"color: #ea7633;\">IL NOSTRO SCOPO<\/span><\/strong><\/h2>\n<p style=\"text-align: center;\"><span style=\"color: #ffffff;\">Desideriamo contribuire quotidianamente a migliorare la qualit\u00e0 della vita dei nostri consumatori, attraverso la promozione di un\u2019alimentazione equilibrata e di uno stile di vita attivo e sano. Gestiamo le risorse che il mare ci offre in modo responsabile e sostenibile, sempre nel rispetto della nostra profonda passione per il mare.<\/span><\/p>\n<p>[\/vc_column_text][vc_empty_space height=&#8221;44px&#8221;][\/vc_column_inner][\/vc_row_inner][\/vc_column][\/vc_row][vc_row row_content_width=&#8221;grid&#8221;][vc_column offset=&#8221;vc_hidden-lg vc_hidden-md vc_hidden-sm&#8221;][vc_column_text]<\/p>\n<h2 style=\"text-align: center;\"><strong>SIAMO SPECIALIZZATI&#8230;<\/strong><\/h2>\n<p>[\/vc_column_text][vc_empty_space height=&#8221;48px&#8221;][vc_row_inner content_placement=&#8221;top&#8221;][vc_column_inner width=&#8221;1\/4&#8243;][vc_single_image image=&#8221;4166&#8243; alignment=&#8221;center&#8221; css=&#8221;.vc_custom_1638200920467{border-radius: 35px !important;}&#8221;][vc_column_text]<\/p>\n<h3 style=\"text-align: center;\"><strong>NELL\u2019ACCEDERE ALLE MIGLIORI MATERIE PRIME PROVENIENTI DAI MARI MIGLIORI<\/strong><\/h3>\n<p>[\/vc_column_text][vc_empty_space height=&#8221;20px&#8221;][\/vc_column_inner][vc_column_inner width=&#8221;1\/4&#8243;][vc_single_image image=&#8221;4181&#8243; alignment=&#8221;center&#8221; css=&#8221;.vc_custom_1636738376757{border-radius: 35px !important;}&#8221;][vc_column_text]<\/p>\n<h3 style=\"text-align: center;\"><strong>NELL\u2019UTILIZZARE LE TECNOLOGIE PI\u00d9 AVANZATE<\/strong><\/h3>\n<p>[\/vc_column_text][vc_empty_space height=&#8221;20px&#8221;][\/vc_column_inner][vc_column_inner width=&#8221;1\/4&#8243;][vc_single_image image=&#8221;4184&#8243; alignment=&#8221;center&#8221; css=&#8221;.vc_custom_1636738383846{border-radius: 30px !important;}&#8221;][vc_column_text]<\/p>\n<h3 style=\"text-align: center;\"><strong>NEL CERCARE L\u2019ECCELLENZA, PER CONTINUARE AD ESSERE L\u2019AZIENDA LEADER NEL SETTORE<\/strong><\/h3>\n<p>[\/vc_column_text][vc_empty_space height=&#8221;20px&#8221;][\/vc_column_inner][vc_column_inner width=&#8221;1\/4&#8243;][vc_single_image image=&#8221;4180&#8243; alignment=&#8221;center&#8221; css=&#8221;.vc_custom_1636738394356{border-radius: 35px !important;}&#8221;][vc_column_text]<\/p>\n<h3 style=\"text-align: center;\"><strong>NELL\u2019ADEMPIERE ALLA NOSTRA STRATEGIA DI RESPONSABILIT\u00c0 SOCIALE<\/strong><\/h3>\n<p>[\/vc_column_text][vc_empty_space height=&#8221;20px&#8221;][\/vc_column_inner][\/vc_row_inner][\/vc_column][\/vc_row][vc_row row_content_width=&#8221;grid&#8221;][vc_column offset=&#8221;vc_hidden-xs&#8221;][vc_column_text]<\/p>\n<h2 style=\"text-align: center;\"><strong>SIAMO SPECIALIZZATI&#8230;<\/strong><\/h2>\n<p>[\/vc_column_text][vc_empty_space height=&#8221;48px&#8221;][vc_row_inner][vc_column_inner width=&#8221;1\/4&#8243;][vc_single_image image=&#8221;4166&#8243; alignment=&#8221;center&#8221; css=&#8221;.vc_custom_1636737656941{border-radius: 35px !important;}&#8221;][vc_column_text]<\/p>\n<h3 style=\"text-align: center;\"><strong>NELL\u2019ACCEDERE ALLE MIGLIORI MATERIE PRIME PROVENIENTI DAI MARI MIGLIORI<\/strong><\/h3>\n<p>[\/vc_column_text][\/vc_column_inner][vc_column_inner width=&#8221;1\/4&#8243;][vc_single_image image=&#8221;4181&#8243; alignment=&#8221;center&#8221; css=&#8221;.vc_custom_1636738376757{border-radius: 35px !important;}&#8221;][vc_column_text]<\/p>\n<h3 style=\"text-align: center;\"><strong>NELL\u2019UTILIZZARE LE TECNOLOGIE PI\u00d9 AVANZATE<\/strong><\/h3>\n<p>[\/vc_column_text][\/vc_column_inner][vc_column_inner width=&#8221;1\/4&#8243;][vc_single_image image=&#8221;4184&#8243; alignment=&#8221;center&#8221; css=&#8221;.vc_custom_1636738383846{border-radius: 30px !important;}&#8221;][vc_column_text]<\/p>\n<h3 style=\"text-align: center;\"><strong>NEL CERCARE L\u2019ECCELLENZA, PER CONTINUARE AD ESSERE L\u2019AZIENDA LEADER NEL SETTORE<\/strong><\/h3>\n<p>[\/vc_column_text][\/vc_column_inner][vc_column_inner width=&#8221;1\/4&#8243;][vc_single_image image=&#8221;4180&#8243; alignment=&#8221;center&#8221; css=&#8221;.vc_custom_1636738394356{border-radius: 35px !important;}&#8221;][vc_column_text]<\/p>\n<h3 style=\"text-align: center;\"><strong>NELL\u2019ADEMPIERE ALLA NOSTRA STRATEGIA DI RESPONSABILIT\u00c0 SOCIALE<\/strong><\/h3>\n<p>[\/vc_column_text][\/vc_column_inner][\/vc_row_inner][\/vc_column][\/vc_row][vc_row][vc_column][vc_empty_space height=&#8221;100px&#8221;][\/vc_column][\/vc_row][vc_row][vc_column][vc_column_text]<\/p>\n<h1 style=\"text-align: center;\"><span style=\"font-size: 30px;\"><span style=\"font-family: Barlow;\">Vedere Anche<\/span><\/span><\/h1>\n<p>[\/vc_column_text][\/vc_column][\/vc_row][vc_row][vc_column][vc_empty_space height=&#8221;40px&#8221;][\/vc_column][\/vc_row][vc_row row_content_width=&#8221;grid&#8221;][vc_column width=&#8221;1\/2&#8243;][vc_raw_html]JTNDYSUyMGhyZWYlM0QlMjJodHRwcyUzQSUyRiUyRmJyYXNtYXIuY29tJTJGaXQlMkZnYW1tZS1icmFzbWFyJTIyJTNFJTNDZGl2JTIwY2xhc3MlM0QlMjJ2ZWphdGFtYmVtLWxlZnQtaXQlMjIlM0UlMEElM0NwJTIwY2xhc3MlM0QlMjJib3R0b20tbGVmdCUyMiUzRUdhbW1lJTIwQnJhc21hciUzQyUyRnAlM0UlMEElM0MlMkZkaXYlM0UlMEElM0MlMkZhJTNF[\/vc_raw_html][\/vc_column][vc_column width=&#8221;1\/2&#8243;][vc_raw_html]JTNDYSUyMGhyZWYlM0QlMjJodHRwcyUzQSUyRiUyRmJyYXNtYXIuY29tJTJGaXQlMkZwcm9kb3R0aS1icmFzbWFyJTIyJTNFJTNDZGl2JTIwY2xhc3MlM0QlMjJ2ZWphdGFtYmVtLXJpZ2h0JTIyJTNFJTBBJTNDcCUyMGNsYXNzJTNEJTIyYm90dG9tLWxlZnQlMjIlM0VQcm9kb3R0aSUyMEJyYXNtYXIlM0MlMkZwJTNFJTBBJTNDJTJGZGl2JTNFJTBBJTNDJTJGYSUzRQ==[\/vc_raw_html][\/vc_column][\/vc_row][vc_row][vc_column][vc_empty_space height=&#8221;100px&#8221;][\/vc_column][\/vc_row]<\/p>\n<\/div>","protected":false},"excerpt":{"rendered":"<p>[vc_row row_content_width=&#8221;grid&#8221; css=&#8221;.vc_custom_1632238362268{padding-top: 25px !important;}&#8221;][vc_column offset=&#8221;vc_col-lg-6 vc_col-md-12 vc_col-xs-12 vc_hidden-xs&#8221;][\/vc_column][vc_column offset=&#8221;vc_col-lg-6 vc_col-md-12 vc_col-xs-12 vc_hidden-xs&#8221;][\/vc_column][\/vc_row][vc_row row_content_width=&#8221;grid&#8221; css=&#8221;.vc_custom_1637334880294{margin-top: [&hellip;]<\/p>\n","protected":false},"author":1,"featured_media":0,"parent":0,"menu_order":32,"comment_status":"closed","ping_status":"closed","template":"full-width.php","meta":{"_seopress_robots_primary_cat":"0","_seopress_titles_title":"","_seopress_titles_desc":"Brasmar \u00e8 il marchio di prodotti ittici congelati con maggiore diversit\u00e0 in Portogallo. Con una variet\u00e0 di oltre 200 specie, il marchio offre prodotti nelle categorie pesce, frutti di mare, cefalopodi e baccal\u00e0 salato essiccato, ammollato e dissalato pronto da cucinare surgelato.","_seopress_robots_index":"","cybocfi_hide_featured_image":"","footnotes":""},"class_list":["post-13352","page","type-page","status-publish","hentry"],"_links":{"self":[{"href":"https:\/\/brasmar.com\/it\/wp-json\/wp\/v2\/pages\/13352","targetHints":{"allow":["GET"]}}],"collection":[{"href":"https:\/\/brasmar.com\/it\/wp-json\/wp\/v2\/pages"}],"about":[{"href":"https:\/\/brasmar.com\/it\/wp-json\/wp\/v2\/types\/page"}],"author":[{"embeddable":true,"href":"https:\/\/brasmar.com\/it\/wp-json\/wp\/v2\/users\/1"}],"replies":[{"embeddable":true,"href":"https:\/\/brasmar.com\/it\/wp-json\/wp\/v2\/comments?post=13352"}],"version-history":[{"count":13,"href":"https:\/\/brasmar.com\/it\/wp-json\/wp\/v2\/pages\/13352\/revisions"}],"predecessor-version":[{"id":21636,"href":"https:\/\/brasmar.com\/it\/wp-json\/wp\/v2\/pages\/13352\/revisions\/21636"}],"wp:attachment":[{"href":"https:\/\/brasmar.com\/it\/wp-json\/wp\/v2\/media?parent=13352"}],"curies":[{"name":"wp","href":"https:\/\/api.w.org\/{rel}","templated":true}]}}