{"id":13359,"date":"2021-09-22T07:42:32","date_gmt":"2021-09-22T07:42:32","guid":{"rendered":"https:\/\/brasmar.com\/gamas-brasmar"},"modified":"2022-04-06T16:43:05","modified_gmt":"2022-04-06T16:43:05","slug":"gamme-brasmar","status":"publish","type":"page","link":"https:\/\/brasmar.com\/it\/gamme-brasmar","title":{"rendered":"Gamme brasmar"},"content":{"rendered":"<div class=\"wpb-content-wrapper\"><p>[vc_row css=&#8221;.vc_custom_1510650628667{margin-top: 0px !important;margin-right: 0px !important;margin-bottom: 0px !important;margin-left: 0px !important;padding-top: 0px !important;padding-right: 0px !important;padding-bottom: 0px !important;padding-left: 0px !important;}&#8221;][vc_column css=&#8221;.vc_custom_1637840399669{margin-top: 0px !important;margin-right: 0px !important;margin-bottom: 0px !important;margin-left: 0px !important;padding-top: 0px !important;padding-right: 0px !important;padding-bottom: 0px !important;padding-left: 0px !important;}&#8221; offset=&#8221;vc_hidden-sm vc_hidden-xs&#8221;]<div class=\"edgtf-vertical-split-slider \"><div class=\"edgtf-vss-ms-left\"><div class=\"edgtf-vss-ms-section \" data-header-style=\"light\" style=\"background-image: url(https:\/\/brasmar.com\/wp-content\/uploads\/2021\/11\/topo-gamas-esquerda-01.jpg);padding: 0%;text-align: left\">\n\t<\/div><div class=\"edgtf-vss-ms-section \" data-header-style=\"light\" style=\"background-image: url(https:\/\/brasmar.com\/wp-content\/uploads\/2021\/11\/pescador.png);padding: 0%;text-align: left\">\n\t<div class=\"edgtf-elements-holder   edgtf-one-column  edgtf-responsive-mode-768 \" ><div class=\"edgtf-eh-item    \"  data-item-class=\"edgtf-eh-custom-6699\" data-1024-1280=\"4% 20% 10% 20%\" data-768-1024=\"8% 22% 8% 22%\" data-680-768=\"23% 24% 0% 24%\">\n\t<div class=\"edgtf-eh-item-inner\">\n\t\t<div class=\"edgtf-eh-item-content edgtf-eh-custom-6699\" style=\"padding: 0% 22% 2% 22%\">\n\t\t\t<div class=\"edgtf-section-title-holder   \" style=\"text-align: center\">\n\t<div class=\"edgtf-st-inner\">\n\t\t\t\t\t\t\t<h3 class=\"edgtf-st-title \" style=\"color: #0a0000\">\n\t\t\t\tBrasmar Original\t\t\t<\/h3>\n\t\t\t\t\t\t\t<p class=\"edgtf-st-text\" style=\"color: #001930\">\n\t\t\t\tDiversit\u00e0 e qualit\u00e0\t\t\t<\/p>\n\t\t\t<\/div>\n<\/div>[vc_empty_space height=&#8221;25px&#8221;]<div class=\"edgtf-pricing-list clearfix edgtf-pli-normal-space\">\n\t\t<div class=\"edgtf-pl-wrapper\">\n\t\t<div class=\"edgtf-pricing-list-item clearfix edgtf-pli-no-image\">\n\t\t<div class=\"edgtf-pli-content clearfix\">\n\t\t\t\t<div class=\"edgtf-pli-bottom-content\">\n\t\t\t\t\t\t\t<div class=\"edgtf-pli-desc clearfix\" >\n\t\t\t\t\t<p>I prodotti della nostra gamma diversificata \u201cBrasmar Original\u201d sono acquistati e lavorati secondo i pi\u00f9 rigorosi standard di qualit\u00e0 e con un eccezionale rapporto qualit\u00e0\/prezzo, che ci permette di affermare che abbiamo la pi\u00f9 grande e ampia variet\u00e0 di prodotti e a dimostrarlo sono le oltre 200 specie di pesci, frutti di mare e cefalopodi che offriamo.<\/p>\n\t\t\t\t<\/div>\n\t\t\t\t\t<\/div>\n\t<\/div>\n<\/div>\t\t<\/div>\n<\/div>\t\t<\/div>\n\t<\/div>\n<\/div><\/div><\/div><div class=\"edgtf-vss-ms-section predefined_background\" data-header-style=\"light\" style=\"background-image: url(https:\/\/brasmar.com\/wp-content\/uploads\/2022\/03\/GAMME-BRASMAR-SELEZIONE-scaled.jpg);background-position: left center;;background-repeat: no-repeat;;padding: 0%;text-align: center\">\n\t<\/div><div class=\"edgtf-vss-ms-section predefined_background\" data-header-style=\"light\" style=\"background-image: url(https:\/\/brasmar.com\/wp-content\/uploads\/2022\/01\/gama-tradicao.jpg);background-position: left center;;background-repeat: no-repeat;;padding: 0%;text-align: center\">\n\t<\/div><div class=\"edgtf-vss-ms-section \" data-header-style=\"light\" style=\"background-image: url(https:\/\/brasmar.com\/wp-content\/uploads\/2021\/11\/teste-2-e1637844674357.png);padding: 0%;text-align: left\">\n\t<div class=\"edgtf-elements-holder   edgtf-one-column  edgtf-responsive-mode-768 \" ><div class=\"edgtf-eh-item    \"  data-item-class=\"edgtf-eh-custom-3120\" data-1024-1280=\"4% 20% 10% 20%\" data-768-1024=\"8% 22% 8% 22%\" data-680-768=\"23% 24% 0% 24%\">\n\t<div class=\"edgtf-eh-item-inner\">\n\t\t<div class=\"edgtf-eh-item-content edgtf-eh-custom-3120\" style=\"padding: 0% 22% 2% 22%\">\n\t\t\t<div class=\"edgtf-section-title-holder   \" style=\"text-align: center\">\n\t<div class=\"edgtf-st-inner\">\n\t\t\t\t\t\t\t<h3 class=\"edgtf-st-title \" >\n\t\t\t\tBrasmar Premium\t\t\t<\/h3>\n\t\t\t\t\t\t\t<p class=\"edgtf-st-text\" >\n\t\t\t\tLa migliore selezione proveniente dai migliori mari\t\t\t<\/p>\n\t\t\t<\/div>\n<\/div>[vc_empty_space height=&#8221;25px&#8221;]<div class=\"edgtf-pricing-list clearfix edgtf-pli-normal-space\">\n\t\t<div class=\"edgtf-pl-wrapper\">\n\t\t<div class=\"edgtf-pricing-list-item clearfix edgtf-pli-no-image\">\n\t\t<div class=\"edgtf-pli-content clearfix\">\n\t\t\t\t<div class=\"edgtf-pli-bottom-content\">\n\t\t\t\t\t\t\t<div class=\"edgtf-pli-desc clearfix\" >\n\t\t\t\t\t<p>\u201cBrasmar Premium\u201d \u00e8 la nostra gamma dedicata al baccal\u00e0 salato essiccato e al baccal\u00e0 ammollato e surgelato di migliore provenienza (Isole Faroe), acquistato e lavorato attraverso un\u2019attenta selezione di pesce fresco delle migliori specie (Gadus morhua) e dei migliori esemplari. Inoltre, Brasmar nella gamma Brasmar Premium offre anche il suo rinomato baccal\u00e0 sottoposto a una maturazione controllata tipica del Portogallo nota come \u201ccura amarela\u201d.<\/p>\n\t\t\t\t<\/div>\n\t\t\t\t\t<\/div>\n\t<\/div>\n<\/div>\t\t<\/div>\n<\/div>\t\t<\/div>\n\t<\/div>\n<\/div><\/div><\/div><\/div><div class=\"edgtf-vss-ms-right\"><div class=\"edgtf-vss-ms-section predefined_background\" data-header-style=\"light\" style=\"background-image: url(https:\/\/brasmar.com\/wp-content\/uploads\/2021\/11\/topo-gamas-direita-01.jpg);background-position: left center;;background-repeat: no-repeat;;text-align: left\">\n\t[vc_empty_space height=&#8221;225px&#8221;]<div class=\"edgtf-section-title-holder chef1 edgtf-st-disable-title-break edgtf-st-custom-size\" style=\"text-align: center\">\n\t<div class=\"edgtf-st-inner\">\n\t\t\t\t\t\t\t<h1 class=\"edgtf-st-title \" style=\"color: #ffffff;font-size: 60px\">\n\t\t\t\tLE NOSTRE GAMME\t\t\t<\/h1>\n\t\t\t\t\t\t\t<p class=\"edgtf-st-text\" style=\"color: #ffffff;font-size: 40px\">\n\t\t\t\tAbbiamo un\u2019ampi diversit\u00e0 di prodotti ittici<br \/>\ne prodotti complementari per i pasti\t\t\t<\/p>\n\t\t\t<\/div>\n<\/div>[vc_column_text el_class=&#8221;chef2&#8243;]<img loading=\"lazy\" decoding=\"async\" class=\"size-medium wp-image-5394 aligncenter\" src=\"https:\/\/brasmar.com\/wp-content\/uploads\/2021\/11\/enjoy-1024x604-4-300x177.png\" alt=\"\" width=\"300\" height=\"177\" srcset=\"https:\/\/brasmar.com\/wp-content\/uploads\/2021\/11\/enjoy-1024x604-4-300x177.png 300w, https:\/\/brasmar.com\/wp-content\/uploads\/2021\/11\/enjoy-1024x604-4-768x453.png 768w, https:\/\/brasmar.com\/wp-content\/uploads\/2021\/11\/enjoy-1024x604-4.png 1024w\" sizes=\"auto, (max-width: 300px) 100vw, 300px\" \/>[\/vc_column_text]<\/div><div class=\"edgtf-vss-ms-section predefined_background\"  style=\"background-image: url(https:\/\/brasmar.com\/wp-content\/uploads\/2022\/03\/GAMME-BRASMAR-ORIGINAL-1-scaled.jpg);background-position: left center;;background-repeat: no-repeat;;padding: 0%;text-align: left\">\n\t<\/div><div class=\"edgtf-vss-ms-section \" data-header-style=\"light\" style=\"background-image: url(https:\/\/brasmar.com\/wp-content\/uploads\/2021\/11\/selecao-icone.png);padding: 0%;text-align: left\">\n\t<div class=\"edgtf-elements-holder   edgtf-one-column  edgtf-responsive-mode-768 \" ><div class=\"edgtf-eh-item    \"  data-item-class=\"edgtf-eh-custom-8463\" data-1280-1600=\"7% 22% 9% 22%\" data-1024-1280=\"5% 19% 15% 19%\" data-768-1024=\"8% 22% 8% 22%\" data-680-768=\"17% 24% 0% 24%\">\n\t<div class=\"edgtf-eh-item-inner\">\n\t\t<div class=\"edgtf-eh-item-content edgtf-eh-custom-8463\" style=\"padding: 7% 22% 9% 21%\">\n\t\t\t<div class=\"edgtf-section-title-holder   \" style=\"text-align: center\">\n\t<div class=\"edgtf-st-inner\">\n\t\t\t\t\t\t\t<h3 class=\"edgtf-st-title \" >\n\t\t\t\tBrasmar Sele\u00e7\u00e3o\t\t\t<\/h3>\n\t\t\t\t\t\t\t<p class=\"edgtf-st-text\" >\n\t\t\t\tQualit\u00e0 di eccellenza\t\t\t<\/p>\n\t\t\t<\/div>\n<\/div>[vc_empty_space height=&#8221;25px&#8221;]<div class=\"edgtf-pricing-list clearfix edgtf-pli-small-space\">\n\t\t<div class=\"edgtf-pl-wrapper\">\n\t\t<div class=\"edgtf-pricing-list-item clearfix edgtf-pli-no-image\">\n\t\t<div class=\"edgtf-pli-content clearfix\">\n\t\t\t\t<div class=\"edgtf-pli-bottom-content\">\n\t\t\t\t\t\t\t<div class=\"edgtf-pli-desc clearfix\" >\n\t\t\t\t\t<p>La nostra gamma di prodotti \u201cBrasmar Sele\u00e7\u00e3o\u201d \u00e8 stata progettata per offrire prodotti di mare di alta qualit\u00e0 dalla migliore provenienza e specie selezionate. Questa gamma scommette su prodotti che sono sottoposti ai processi di selezione pi\u00f9 attenti e rigorosi, obbedendo alle norme di qualit\u00e0 pi\u00f9 esigenti, il che si traduce in prodotti di eccellenza.<\/p>\n\t\t\t\t<\/div>\n\t\t\t\t\t<\/div>\n\t<\/div>\n<\/div>\t\t<\/div>\n<\/div>\t\t<\/div>\n\t<\/div>\n<\/div><\/div><\/div><div class=\"edgtf-vss-ms-section \" data-header-style=\"light\" style=\"background-image: url(https:\/\/brasmar.com\/wp-content\/uploads\/2021\/11\/barco-icone.png);padding: 0%;text-align: left\">\n\t<div class=\"edgtf-elements-holder   edgtf-one-column  edgtf-responsive-mode-768 \" ><div class=\"edgtf-eh-item    \"  data-item-class=\"edgtf-eh-custom-3171\" data-1280-1600=\"7% 22% 9% 22%\" data-1024-1280=\"5% 19% 15% 19%\" data-768-1024=\"8% 22% 8% 22%\" data-680-768=\"17% 24% 0% 24%\">\n\t<div class=\"edgtf-eh-item-inner\">\n\t\t<div class=\"edgtf-eh-item-content edgtf-eh-custom-3171\" style=\"padding: 7% 22% 9% 21%\">\n\t\t\t<div class=\"edgtf-section-title-holder   \" style=\"text-align: center\">\n\t<div class=\"edgtf-st-inner\">\n\t\t\t\t\t\t\t<h3 class=\"edgtf-st-title \" >\n\t\t\t\tBrasmar Tradi\u00e7\u00e3o\t\t\t<\/h3>\n\t\t\t\t\t\t\t<p class=\"edgtf-st-text\" >\n\t\t\t\tTipicamente portoghese\t\t\t<\/p>\n\t\t\t<\/div>\n<\/div>[vc_empty_space height=&#8221;25px&#8221;]<div class=\"edgtf-pricing-list clearfix edgtf-pli-small-space\">\n\t\t<div class=\"edgtf-pl-wrapper\">\n\t\t<div class=\"edgtf-pricing-list-item clearfix edgtf-pli-no-image\">\n\t\t<div class=\"edgtf-pli-content clearfix\">\n\t\t\t\t<div class=\"edgtf-pli-bottom-content\">\n\t\t\t\t\t\t\t<div class=\"edgtf-pli-desc clearfix\" >\n\t\t\t\t\t<p>La nostra gamma di prodotti \u201cBrasmar Tradi\u00e7\u00e3o\u201d \u00e8 progettata esclusivamente per il baccal\u00e0 salato essiccato e ammollato surgelato. Tutti i prodotti sono acquistati e lavorati attraverso un\u2019attenta selezione delle migliori specie (Gadus morhua), della migliore origine e sottoposti all\u2019eccezionale processo di maturazione portoghese. Frutto di anni di saggezza, ereditata dai portoghesi dal XV secolo, danno al nostro \u201cfedele compagno a tavola\u201d il gusto, l\u2019aroma e la consistenza tipicamente portoghesi.<\/p>\n\t\t\t\t<\/div>\n\t\t\t\t\t<\/div>\n\t<\/div>\n<\/div>\t\t<\/div>\n<\/div>\t\t<\/div>\n\t<\/div>\n<\/div><\/div><\/div><div class=\"edgtf-vss-ms-section predefined_background\"  style=\"background-image: url(https:\/\/brasmar.com\/wp-content\/uploads\/2022\/01\/GAMA-PREMIUM_02-scaled.jpg);background-position: left center;;background-repeat: no-repeat;;padding: 0%;text-align: left\">\n\t<\/div><\/div><div class=\"edgtf-vss-horizontal-mask\"><\/div><div class=\"edgtf-vss-vertical-mask\"><\/div><\/div>[\/vc_column][\/vc_row][vc_row row_content_width=&#8221;grid&#8221;][vc_column offset=&#8221;vc_hidden-lg&#8221;][rev_slider_vc alias=&#8221;gamas&#8221; enable_paspartu=&#8221;no&#8221;][\/vc_column][\/vc_row][vc_row row_content_width=&#8221;grid&#8221;][vc_column offset=&#8221;vc_hidden-lg&#8221;][vc_empty_space height=&#8221;55px&#8221;]<div class=\"edgtf-section-title-holder   \" style=\"text-align: center\">\n\t<div class=\"edgtf-st-inner\">\n\t\t\t\t\t\t\t<h3 class=\"edgtf-st-title \" >\n\t\t\t\tBrasmar Original\t\t\t<\/h3>\n\t\t\t\t\t\t\t<p class=\"edgtf-st-text\" >\n\t\t\t\tDiversit\u00e0 e qualit\u00e0\t\t\t<\/p>\n\t\t\t<\/div>\n<\/div>[vc_empty_space height=&#8221;25px&#8221;]<div class=\"edgtf-pricing-list clearfix edgtf-pli-normal-space\">\n\t\t<div class=\"edgtf-pl-wrapper\">\n\t\t<div class=\"edgtf-pricing-list-item clearfix edgtf-pli-no-image\">\n\t\t<div class=\"edgtf-pli-content clearfix\">\n\t\t\t\t<div class=\"edgtf-pli-bottom-content\">\n\t\t\t\t\t\t\t<div class=\"edgtf-pli-desc clearfix\" >\n\t\t\t\t\t<p>I prodotti della nostra gamma diversificata \u201cBrasmar Original\u201d sono acquistati e lavorati secondo i pi\u00f9 rigorosi standard di qualit\u00e0 e con un eccezionale rapporto qualit\u00e0\/prezzo, che ci permette di affermare che abbiamo la pi\u00f9 grande e ampia variet\u00e0 di prodotti e a dimostrarlo sono le oltre 200 specie di pesci, frutti di mare e cefalopodi che offriamo.<\/p>\n\t\t\t\t<\/div>\n\t\t\t\t\t<\/div>\n\t<\/div>\n<\/div>\t\t<\/div>\n<\/div>[vc_empty_space height=&#8221;25px&#8221;]<div class=\"edgtf-single-image-holder   \">\n    <div class=\"edgtf-si-inner\" style=\"background-image: url(https:\/\/brasmar.com\/wp-content\/uploads\/2022\/03\/GAMME-BRASMAR-ORIGINAL-1-scaled.jpg)\">\n                                    <img loading=\"lazy\" decoding=\"async\" width=\"910\" height=\"1024\" src=\"https:\/\/brasmar.com\/wp-content\/uploads\/2022\/03\/GAMME-BRASMAR-ORIGINAL-1-910x1024.jpg\" class=\"attachment-large size-large\" alt=\"\" srcset=\"https:\/\/brasmar.com\/wp-content\/uploads\/2022\/03\/GAMME-BRASMAR-ORIGINAL-1-910x1024.jpg 910w, https:\/\/brasmar.com\/wp-content\/uploads\/2022\/03\/GAMME-BRASMAR-ORIGINAL-1-267x300.jpg 267w, https:\/\/brasmar.com\/wp-content\/uploads\/2022\/03\/GAMME-BRASMAR-ORIGINAL-1-768x864.jpg 768w, https:\/\/brasmar.com\/wp-content\/uploads\/2022\/03\/GAMME-BRASMAR-ORIGINAL-1-1365x1536.jpg 1365w, https:\/\/brasmar.com\/wp-content\/uploads\/2022\/03\/GAMME-BRASMAR-ORIGINAL-1-1820x2048.jpg 1820w\" sizes=\"auto, (max-width: 910px) 100vw, 910px\" \/>                        <\/div>\n<\/div>[\/vc_column][\/vc_row][vc_row row_content_width=&#8221;grid&#8221;][vc_column offset=&#8221;vc_hidden-lg&#8221;][vc_empty_space height=&#8221;25px&#8221;]<div class=\"edgtf-section-title-holder   \" style=\"text-align: center\">\n\t<div class=\"edgtf-st-inner\">\n\t\t\t\t\t\t\t<h3 class=\"edgtf-st-title \" >\n\t\t\t\tBrasmar Sele\u00e7\u00e3o\t\t\t<\/h3>\n\t\t\t\t\t\t\t<p class=\"edgtf-st-text\" >\n\t\t\t\tQualit\u00e0 di eccellenza\t\t\t<\/p>\n\t\t\t<\/div>\n<\/div>[vc_empty_space height=&#8221;25px&#8221;]<div class=\"edgtf-pricing-list clearfix edgtf-pli-normal-space\">\n\t\t<div class=\"edgtf-pl-wrapper\">\n\t\t<div class=\"edgtf-pricing-list-item clearfix edgtf-pli-no-image\">\n\t\t<div class=\"edgtf-pli-content clearfix\">\n\t\t\t\t<div class=\"edgtf-pli-bottom-content\">\n\t\t\t\t\t\t\t<div class=\"edgtf-pli-desc clearfix\" >\n\t\t\t\t\t<p>La nostra gamma di prodotti \u201cBrasmar Sele\u00e7\u00e3o\u201d \u00e8 stata progettata per offrire prodotti di mare di alta qualit\u00e0 dalla migliore provenienza e specie selezionate. Questa gamma scommette su prodotti che sono sottoposti ai processi di selezione pi\u00f9 attenti e rigorosi, obbedendo alle norme di qualit\u00e0 pi\u00f9 esigenti, il che si traduce in prodotti di eccellenza.<\/p>\n\t\t\t\t<\/div>\n\t\t\t\t\t<\/div>\n\t<\/div>\n<\/div>\t\t<\/div>\n<\/div>[vc_empty_space height=&#8221;25px&#8221;]<div class=\"edgtf-single-image-holder   \">\n    <div class=\"edgtf-si-inner\" style=\"background-image: url(https:\/\/brasmar.com\/wp-content\/uploads\/2022\/03\/GAMME-BRASMAR-SELEZIONE-scaled.jpg)\">\n                                    <img loading=\"lazy\" decoding=\"async\" width=\"910\" height=\"1024\" src=\"https:\/\/brasmar.com\/wp-content\/uploads\/2022\/03\/GAMME-BRASMAR-SELEZIONE-910x1024.jpg\" class=\"attachment-large size-large\" alt=\"\" srcset=\"https:\/\/brasmar.com\/wp-content\/uploads\/2022\/03\/GAMME-BRASMAR-SELEZIONE-910x1024.jpg 910w, https:\/\/brasmar.com\/wp-content\/uploads\/2022\/03\/GAMME-BRASMAR-SELEZIONE-267x300.jpg 267w, https:\/\/brasmar.com\/wp-content\/uploads\/2022\/03\/GAMME-BRASMAR-SELEZIONE-768x864.jpg 768w, https:\/\/brasmar.com\/wp-content\/uploads\/2022\/03\/GAMME-BRASMAR-SELEZIONE-1365x1536.jpg 1365w, https:\/\/brasmar.com\/wp-content\/uploads\/2022\/03\/GAMME-BRASMAR-SELEZIONE-1820x2048.jpg 1820w\" sizes=\"auto, (max-width: 910px) 100vw, 910px\" \/>                        <\/div>\n<\/div>[\/vc_column][\/vc_row][vc_row row_content_width=&#8221;grid&#8221;][vc_column offset=&#8221;vc_hidden-lg vc_hidden-md&#8221;][vc_empty_space height=&#8221;25px&#8221;]<div class=\"edgtf-section-title-holder   \" style=\"text-align: center\">\n\t<div class=\"edgtf-st-inner\">\n\t\t\t\t\t\t\t<h3 class=\"edgtf-st-title \" >\n\t\t\t\tBrasmar Tradi\u00e7\u00e3o\t\t\t<\/h3>\n\t\t\t\t\t\t\t<p class=\"edgtf-st-text\" >\n\t\t\t\tTipicamente portoghese\t\t\t<\/p>\n\t\t\t<\/div>\n<\/div>[vc_empty_space height=&#8221;25px&#8221;]<div class=\"edgtf-pricing-list clearfix edgtf-pli-normal-space\">\n\t\t<div class=\"edgtf-pl-wrapper\">\n\t\t<div class=\"edgtf-pricing-list-item clearfix edgtf-pli-no-image\">\n\t\t<div class=\"edgtf-pli-content clearfix\">\n\t\t\t\t<div class=\"edgtf-pli-bottom-content\">\n\t\t\t\t\t\t\t<div class=\"edgtf-pli-desc clearfix\" >\n\t\t\t\t\t<p>La nostra gamma di prodotti \u201cBrasmar Tradi\u00e7\u00e3o\u201d \u00e8 progettata esclusivamente per il baccal\u00e0 salato essiccato e ammollato surgelato. Tutti i prodotti sono acquistati e lavorati attraverso un\u2019attenta selezione delle migliori specie (Gadus morhua), della migliore origine e sottoposti all\u2019eccezionale processo di maturazione portoghese. Frutto di anni di saggezza, ereditata dai portoghesi dal XV secolo, danno al nostro \u201cfedele compagno a tavola\u201d il gusto, l\u2019aroma e la consistenza tipicamente portoghesi.<\/p>\n\t\t\t\t<\/div>\n\t\t\t\t\t<\/div>\n\t<\/div>\n<\/div>\t\t<\/div>\n<\/div>[vc_empty_space height=&#8221;25px&#8221;]<div class=\"edgtf-single-image-holder   \">\n    <div class=\"edgtf-si-inner\" style=\"background-image: url(https:\/\/brasmar.com\/wp-content\/uploads\/2022\/01\/gama-tradicao.jpg)\">\n                                    <img loading=\"lazy\" decoding=\"async\" width=\"910\" height=\"1024\" src=\"https:\/\/brasmar.com\/wp-content\/uploads\/2022\/01\/gama-tradicao-910x1024.jpg\" class=\"attachment-large size-large\" alt=\"\" srcset=\"https:\/\/brasmar.com\/wp-content\/uploads\/2022\/01\/gama-tradicao-910x1024.jpg 910w, https:\/\/brasmar.com\/wp-content\/uploads\/2022\/01\/gama-tradicao-267x300.jpg 267w, https:\/\/brasmar.com\/wp-content\/uploads\/2022\/01\/gama-tradicao-768x864.jpg 768w, https:\/\/brasmar.com\/wp-content\/uploads\/2022\/01\/gama-tradicao-1365x1536.jpg 1365w, https:\/\/brasmar.com\/wp-content\/uploads\/2022\/01\/gama-tradicao-1820x2048.jpg 1820w\" sizes=\"auto, (max-width: 910px) 100vw, 910px\" \/>                        <\/div>\n<\/div>[\/vc_column][\/vc_row][vc_row row_content_width=&#8221;grid&#8221;][vc_column offset=&#8221;vc_hidden-lg vc_hidden-md&#8221;][vc_empty_space height=&#8221;25px&#8221;]<div class=\"edgtf-section-title-holder   \" style=\"text-align: center\">\n\t<div class=\"edgtf-st-inner\">\n\t\t\t\t\t\t\t<h3 class=\"edgtf-st-title \" >\n\t\t\t\tBrasmar Premium\t\t\t<\/h3>\n\t\t\t\t\t\t\t<p class=\"edgtf-st-text\" >\n\t\t\t\tLa migliore selezione proveniente dai migliori mari\t\t\t<\/p>\n\t\t\t<\/div>\n<\/div>[vc_empty_space height=&#8221;25px&#8221;]<div class=\"edgtf-pricing-list clearfix edgtf-pli-normal-space\">\n\t\t<div class=\"edgtf-pl-wrapper\">\n\t\t<div class=\"edgtf-pricing-list-item clearfix edgtf-pli-no-image\">\n\t\t<div class=\"edgtf-pli-content clearfix\">\n\t\t\t\t<div class=\"edgtf-pli-bottom-content\">\n\t\t\t\t\t\t\t<div class=\"edgtf-pli-desc clearfix\" >\n\t\t\t\t\t<p>\u201cBrasmar Premium\u201d \u00e8 la nostra gamma dedicata al baccal\u00e0 salato essiccato e al baccal\u00e0 ammollato e surgelato di migliore provenienza (Isole Faroe), acquistato e lavorato attraverso un\u2019attenta selezione di pesce fresco delle migliori specie (Gadus morhua) e dei migliori esemplari. Inoltre, Brasmar nella gamma Brasmar Premium offre anche il suo rinomato baccal\u00e0 sottoposto a una maturazione controllata tipica del Portogallo nota come \u201ccura amarela\u201d.<\/p>\n\t\t\t\t<\/div>\n\t\t\t\t\t<\/div>\n\t<\/div>\n<\/div>\t\t<\/div>\n<\/div>[vc_empty_space height=&#8221;25px&#8221;]<div class=\"edgtf-single-image-holder   \">\n    <div class=\"edgtf-si-inner\" style=\"background-image: url(https:\/\/brasmar.com\/wp-content\/uploads\/2021\/11\/GAMA-PREMIUM_02-scaled.jpg)\">\n                                    <img loading=\"lazy\" decoding=\"async\" width=\"910\" height=\"1024\" src=\"https:\/\/brasmar.com\/wp-content\/uploads\/2021\/11\/GAMA-PREMIUM_02-910x1024.jpg\" class=\"attachment-large size-large\" alt=\"\" srcset=\"https:\/\/brasmar.com\/wp-content\/uploads\/2021\/11\/GAMA-PREMIUM_02-910x1024.jpg 910w, https:\/\/brasmar.com\/wp-content\/uploads\/2021\/11\/GAMA-PREMIUM_02-267x300.jpg 267w, https:\/\/brasmar.com\/wp-content\/uploads\/2021\/11\/GAMA-PREMIUM_02-768x864.jpg 768w, https:\/\/brasmar.com\/wp-content\/uploads\/2021\/11\/GAMA-PREMIUM_02-1365x1536.jpg 1365w, https:\/\/brasmar.com\/wp-content\/uploads\/2021\/11\/GAMA-PREMIUM_02-1820x2048.jpg 1820w\" sizes=\"auto, (max-width: 910px) 100vw, 910px\" \/>                        <\/div>\n<\/div>[vc_empty_space height=&#8221;55px&#8221;][\/vc_column][\/vc_row]<\/p>\n<\/div>","protected":false},"excerpt":{"rendered":"<p>[vc_row css=&#8221;.vc_custom_1510650628667{margin-top: 0px !important;margin-right: 0px !important;margin-bottom: 0px !important;margin-left: 0px !important;padding-top: 0px !important;padding-right: 0px !important;padding-bottom: 0px [&hellip;]<\/p>\n","protected":false},"author":1,"featured_media":0,"parent":0,"menu_order":90,"comment_status":"closed","ping_status":"closed","template":"full-width.php","meta":{"_seopress_robots_primary_cat":"0","_seopress_titles_title":"","_seopress_titles_desc":"Il marchio Brasmar \u00e8 composto da sei gamme di prodotti: Original, Sele\u00e7\u00e3o, Nacional, Premium, Tradi\u00e7\u00e3o e Naturalmente +.","_seopress_robots_index":"","cybocfi_hide_featured_image":"","footnotes":""},"class_list":["post-13359","page","type-page","status-publish","hentry"],"_links":{"self":[{"href":"https:\/\/brasmar.com\/it\/wp-json\/wp\/v2\/pages\/13359","targetHints":{"allow":["GET"]}}],"collection":[{"href":"https:\/\/brasmar.com\/it\/wp-json\/wp\/v2\/pages"}],"about":[{"href":"https:\/\/brasmar.com\/it\/wp-json\/wp\/v2\/types\/page"}],"author":[{"embeddable":true,"href":"https:\/\/brasmar.com\/it\/wp-json\/wp\/v2\/users\/1"}],"replies":[{"embeddable":true,"href":"https:\/\/brasmar.com\/it\/wp-json\/wp\/v2\/comments?post=13359"}],"version-history":[{"count":12,"href":"https:\/\/brasmar.com\/it\/wp-json\/wp\/v2\/pages\/13359\/revisions"}],"predecessor-version":[{"id":13695,"href":"https:\/\/brasmar.com\/it\/wp-json\/wp\/v2\/pages\/13359\/revisions\/13695"}],"wp:attachment":[{"href":"https:\/\/brasmar.com\/it\/wp-json\/wp\/v2\/media?parent=13359"}],"curies":[{"name":"wp","href":"https:\/\/api.w.org\/{rel}","templated":true}]}}