{"id":13742,"date":"2022-03-31T15:09:51","date_gmt":"2022-03-31T15:09:51","guid":{"rendered":"https:\/\/brasmar.com\/?page_id=13742"},"modified":"2022-05-05T08:55:58","modified_gmt":"2022-05-05T08:55:58","slug":"informativa-sulla-privacy","status":"publish","type":"page","link":"https:\/\/brasmar.com\/it\/informativa-sulla-privacy","title":{"rendered":"Informativa sulla privacy"},"content":{"rendered":"<div class=\"wpb-content-wrapper\"><p>[vc_row css=&#8221;.vc_custom_1642759171058{margin-top: 0px !important;margin-right: 0px !important;margin-bottom: 0px !important;margin-left: 0px !important;padding-top: 0px !important;padding-right: 0px !important;padding-bottom: 0px !important;padding-left: 0px !important;background-color: #ffffff !important;}&#8221; simple_background_color=&#8221;#000000&#8243; el_class=&#8221;.edgtf-rev-main-home-slider&#8221;][vc_column css=&#8221;.vc_custom_1642759244322{margin-top: 0px !important;margin-right: 0px !important;margin-bottom: 0px !important;margin-left: 0px !important;padding-top: 0px !important;padding-right: 0px !important;padding-bottom: 0px !important;padding-left: 0px !important;}&#8221; offset=&#8221;vc_hidden-xs&#8221;][vc_row_inner][vc_column_inner][vc_empty_space height=&#8221;80px&#8221;][\/vc_column_inner][\/vc_row_inner][\/vc_column][\/vc_row][vc_row row_content_width=&#8221;grid&#8221;][vc_column offset=&#8221;vc_col-lg-12 vc_col-md-12 vc_col-xs-12&#8243;]<div class=\"edgtf-elements-holder   edgtf-one-column  edgtf-responsive-mode-768 \" ><div class=\"edgtf-eh-item    \"  data-item-class=\"edgtf-eh-custom-9933\">\n\t<div class=\"edgtf-eh-item-inner\">\n\t\t<div class=\"edgtf-eh-item-content edgtf-eh-custom-9933\" >\n\t\t\t[vc_column_text]<\/p>\n<h1>Informativa sulla privacy<\/h1>\n<p>[\/vc_column_text][vc_empty_space height=&#8221;15px&#8221;][vc_column_text]<\/p>\n<h2>1 \u2013 Inquadramento<\/h2>\n<p>La presente Informativa sulla privacy stabilisce l\u2019impegno di ciascuna delle aziende dell\u2019universo VIGENTGROUP nei confronti dei rispettivi stakeholders (tra cui clienti, dipendenti, fornitori, azionisti e investitori) in materia di protezione dei dati personali di cui \u00e8 responsabile, con l\u2019intenzione di contribuire a rafforzare e consolidare il rapporto di fiducia e vicinanza che intrattiene con loro, attraverso una comunicazione chiara e trasparente sull\u2019uso di tali dati e quali diritti riconosce ai rispettivi titolari e come questi possono esercitarli.<\/p>\n<p>VIGENTGROUP agisce nel rigoroso rispetto dei principi descritti nella presente informativa, del Regolamento (UE) 2016\/679 (Regolamento generale sulla protezione dei dati) e della legislazione applicabile sulla protezione dei dati, in tutte le attivit\u00e0 di trattamento dei dati personali di cui \u00e8 responsabile.<\/p>\n<p>L\u2019Informativa sulla privacy si inquadrata nel corpus normativo della protezione dei dati personali di VIGENTGROUP che comprende standard e procedure per la gestione della sicurezza e della privacy dei dati personali.<\/p>\n<p>VIGENTGROUP procede al trattamento dei dati personali con strumenti operativi e tecnici per supportare le attivit\u00e0 dei suoi processi aziendali.<\/p>\n<h3>A. Obiettivi<\/h3>\n<p>L\u2019Informativa sulla privacy, come strumento di comunicazione, ha come obiettivi principali:<\/p>\n<p>&#8211; Rafforzare e consolidare il rapporto di fiducia e vicinanza di VIGENTGROUP con tutti i suoi stakeholders;<br \/>\n&#8211; Dimostrare trasparenza sulle finalit\u00e0 e sulle attivit\u00e0 di trattamento effettuate da VIGENTGROUP, cos\u00ec come sui periodi di conservazione dei dati personali interessati;<br \/>\n&#8211; Informare gli interessati dei loro diritti in relazione alla protezione dei dati e di come possono esercitarli;<br \/>\n&#8211; Fornire agli interessati informazioni sui responsabili di VIGENTGROUP a cui possono rivolgersi per esercitare i loro diritti o chiarire in che modo sono trattati i loro dati personali.<\/p>\n<h3>B. Ambito di applicazione<\/h3>\n<p>L\u2019Informativa sulla privacy si applica esclusivamente al trattamento dei dati personali effettuato da VIGENTGROUP, nell\u2019ambito delle finalit\u00e0 previste.<\/p>\n<p>Ai fini della presente informativa sono considerati dati personali tutte le informazioni riguardanti una persona fisica identificata o identificabile (interessato).<\/p>\n<p>\u00c8 considerata identificabile una persona che pu\u00f2 essere identificata direttamente o indirettamente, ossia, mediante riferimento ad un numero di identificazione o ad uno o pi\u00f9 elementi specifici della sua identit\u00e0 fisica, fisiologica, genetica, mentale, economica, culturale o sociale.<\/p>\n<h2>C. Mantenimento, comunicazione e applicazione dell\u2019informativa<\/h2>\n<p>L\u2019Informativa sulla privacy deve essere rivista annualmente quando le circostanze cambiano e ogni volta che ci sono cambiamenti legislativi, per garantire che rimanga attuale e conforme ai regolamenti e alle leggi applicabili. Le proposte di revisione dell\u2019informativa e la supervisione della sua applicazione e conformit\u00e0 sono responsabilit\u00e0 dell\u2019organo di gestione competente di VIGENTGROUP.<\/p>\n<p>La presente informativa deve essere nota a tutti i dipendenti di VIGENTGROUP e deve essere messa a disposizione dei suoi stakeholders in caso di trattamento dei dati personali attraverso i canali appropriati, in particolare sul sito web di VIGENTGROUP.<\/p>\n<h3>2 &#8211; Contenuto dell\u2019Informativa sulla privacy<\/h3>\n<h4>a. Il nostro impegno per la privacy<\/h4>\n<p>VIGENTGROUP opera sulla base della fiducia e della trasparenza. Questo impegno si riflette nel rapporto quotidiano con i nostri clienti, dipendenti, fornitori e altre parti interessate.<\/p>\n<p>La privacy e la sicurezza dei dati \u00e8 per noi una priorit\u00e0.<\/p>\n<p>Il nostro impegno \u00e8 quello di raccogliere, conservare, elaborare, trasmettere o cancellare solo i dati personali in modo trasparente e che sono essenziali per la relazione in corso.<\/p>\n<p>Vi informeremo su come utilizziamo i vostri dati personali e per quali scopi, assicurandoci di raccogliere, condividere e conservare i vostri dati personali secondo le migliori pratiche nel campo della sicurezza e della protezione dei dati personali.<br \/>\nQuando i vostri dati personali sono raccolti, memorizzati, elaborati, trasmessi o cancellati da altri intervenienti, richiediamo loro lo stesso livello di privacy e sicurezza.<\/p>\n<p>Desideriamo fornirvi la certezza che i vostri dati personali sono al sicuro con noi, perch\u00e9 ci impegneremo sempre a proteggere la vostra privacy, e assumiamo le nostre responsabilit\u00e0 per quanto riguarda la protezione dei vostri dati personali molto seriamente e con grande impegno.<\/p>\n<p>In caso di domande sull\u2019uso dei vostri dati personali, saremo lieti di aiutarvi attraverso l\u2019indirizzo di posta elettronica dataprotection@vigent.pt<\/p>\n<h4>b. Chi \u00e8 il titolare del trattamento dei vostri dati personali?<\/h4>\n<p>La societ\u00e0 sopra identificata, alla quale avete fornito i vostri dati personali, \u00e8 il titolare del trattamento ai sensi del Regolamento generale sulla protezione dei dati e della legislazione complementare sulla protezione dei dati personali in vigore nei paesi in cui opera.<\/p>\n<p>Ciascuna delle societ\u00e0 sopra identificate fa parte di VIGENTGROUP e i suoi dati personali possono quindi essere trasmessi e trattati da una qualsiasi delle societ\u00e0 appartenenti a tale gruppo.<\/p>\n<h4>c. Dati personali che potremmo raccogliere<\/h4>\n<p>In questa Informativa sulla privacy, il termine \u201cDati personali\u201d indica l\u2019insieme di informazioni che vi riguardano e che ci permettono di identificarvi, direttamente o indirettamente. I vostri dati personali possono includere, ad esempio, il vostro nome, il vostro codice fiscale e i vostri dati di contatto (fisici e\/o elettronici), Possiamo, inoltre, ricevere i vostri dati personali da altre societ\u00e0, in particolare quando queste li raccolgono, li trattano o li conservano come parte di un contratto di servizio.<\/p>\n<h4>d. In che modo e perch\u00e9 usiamo i vostri dati personali?<\/h4>\n<p>Utilizziamo i vostri dati personali nella misura strettamente necessaria alla relazione in corso.<\/p>\n<h4>e. Per quanto tempo conserviamo i vostri dati personali?<\/h4>\n<p>Conserviamo i vostri dati personali solo per il tempo necessario a soddisfare le finalit\u00e0 definite all\u2019interno della relazione mantenuta e in conformit\u00e0 con la legge.<\/p>\n<p>Una volta raggiunto il periodo massimo di conservazione, i vostri dati personali saranno resi anonimi o distrutti\/cancellati in modo sicuro.<\/p>\n<h4>f. Con chi possiamo condividere i vostri dati personali?<\/h4>\n<p>In alcuni casi possiamo divulgare i vostri dati personali a terzi nell\u2019ambito dei servizi da loro forniti. In questi casi, richiediamo loro di mettere in atto misure di sicurezza adeguate a proteggere i vostri dati personali.<\/p>\n<p>Se richiesto dalla legge, potrebbe essere necessario divulgare i vostri dati personali alle autorit\u00e0 o a terzi.<\/p>\n<p>Quando i vostri dati personali sono resi accessibili o trasferiti da societ\u00e0 di VIGENTGROUP a fornitori o prestatori di servizi con sede al di fuori dell\u2019Unione europea, ci assicureremo che i vostri dati personali siano trattati in conformit\u00e0 con le misure di sicurezza e di protezione appropriate, compatibili con quelle da noi utilizzate.<\/p>\n<h4>g. In che modo potete esercitare i vostri diritti di protezione dei dati personali<\/h4>\n<p>In determinate circostanze avete il diritto di accedere o richiederci:<\/p>\n<p>1. Ulteriori informazioni sul nostro uso dei vostri dati personali;<br \/>\n2. I vostri dati personali;<br \/>\n3. Il trasferimento ad un\u2019altra entit\u00e0 dei dati personali che ci avete fornito;<br \/>\n4. L\u2019aggiornamento dei vostri dati personali;<br \/>\n5. La cancellazione dei vostri dati personali;<br \/>\n6. L\u2019opposizione al trattamento dei vostri dati personali;<br \/>\n7. La limitazione del modo in cui usiamo i vostri dati personali mentre li correggiamo o chiariamo qualsiasi dubbio sul loro contenuto o sull\u2019uso che ne facciamo;<br \/>\n8. La messa a disposizione di un meccanismo che vi consenta di contestare le decisioni basate sui vostri dati personali.<\/p>\n<p>Avrete inoltre il diritto di ritirare o modificare, in qualsiasi momento, il consenso che ci avete dato per l\u2019utilizzo dei vostri dati personali.<\/p>\n<p>L\u2019esercizio di questi diritti \u00e8 derogato quando i vostri dati personali sono utilizzati per salvaguardare l\u2019interesse pubblico, in particolare nei casi di accertamento e prevenzione di reati, o quando sono protetti dal segreto professionale.<\/p>\n<p>Per esercitare i vostri diritti alla protezione dei dati personali o se avete domande sull\u2019uso dei vostri dati personali, contattateci attraverso l\u2019indirizzo di posta elettronica dataprotection@vigent.pt<\/p>\n<p>Se non siete soddisfatti del modo in cui utilizziamo i vostri dati personali o della nostra risposta alla vostra richiesta di esercitare i vostri diritti, potete presentare un reclamo a un\u2019autorit\u00e0 di controllo competente.<\/p>\n<h4>h. In che modo proteggiamo i vostri dati personali?<\/h4>\n<p>VIGENTGROUP dispone di una serie di misure di sicurezza delle informazioni, in linea con le migliori pratiche nazionali e internazionali, al fine di proteggere i vostri dati personali, compresi i controlli tecnologici, amministrativi, tecnici, misure fisiche e procedure in grado di garantire la protezione dei vostri dati personali, impedendone l\u2019uso incorretto, l\u2019accesso non autorizzato e la divulgazione, la perdita, l\u2019alterazione impropria o involontaria o la distruzione non autorizzata. In materia di sicurezza dell\u2019informazione assumiamo lo stesso impegno di miglioramento continuo che ci guida nella nostra attivit\u00e0 quotidiana.<\/p>\n<p>Evidenziamo alcune delle misure adottate:<\/p>\n<p>1. Accesso limitato ai vostri dati personali esclusivamente da parte di coloro che ne hanno bisogno per le finalit\u00e0 che ci siamo prefissati sopra;<br \/>\n2. Memorizzazione e trasferimento dei dati personali esclusivamente in modo sicuro;<br \/>\n3. Protezione dei sistemi informatici attraverso dispositivi che impediscono l\u2019accesso non autorizzato ai vostri dati personali;<br \/>\n4. Attuazione di meccanismi in grado di garantire la salvaguardia dell\u2019integrit\u00e0 e della qualit\u00e0 dei vostri dati personali;<br \/>\n5. Monitoraggio permanente dei sistemi di informazione, con l\u2019obiettivo di prevenire, individuare e impedire l\u2019uso improprio dei vostri dati personali;<br \/>\n6. Ridondanza delle attrezzature per l\u2019archiviazione, il trattamento e la comunicazione dei dati personali, per evitare la perdita di disponibilit\u00e0;<br \/>\n7. Se richiesto dalla legge, potremmo dover divulgare i vostri dati personali alle autorit\u00e0 o a terzi, in questi casi il nostro controllo su come i vostri dati personali sono protetti \u00e8 limitato.<\/p>\n<h4>j. Aggiornamenti dell\u2019Informativa sulla privacy<\/h4>\n<p>La presente Informativa sulla privacy potr\u00e0 essere opportunamente aggiornata e sar\u00e0 divulgata attraverso i canali appropriati, in particolare sul sito web di VIGENTGROUP.[\/vc_column_text]\t\t<\/div>\n\t<\/div>\n<\/div><\/div>[\/vc_column][\/vc_row][vc_row css=&#8221;.vc_custom_1642759171058{margin-top: 0px !important;margin-right: 0px !important;margin-bottom: 0px !important;margin-left: 0px !important;padding-top: 0px !important;padding-right: 0px !important;padding-bottom: 0px !important;padding-left: 0px !important;background-color: #ffffff !important;}&#8221; simple_background_color=&#8221;#000000&#8243; el_class=&#8221;.edgtf-rev-main-home-slider&#8221;][vc_column css=&#8221;.vc_custom_1642759223264{margin-top: 0px !important;margin-right: 0px !important;margin-bottom: 0px !important;margin-left: 0px !important;padding-top: 0px !important;padding-right: 0px !important;padding-bottom: 0px !important;padding-left: 0px !important;}&#8221;][vc_row_inner][vc_column_inner][vc_empty_space height=&#8221;80px&#8221;][\/vc_column_inner][\/vc_row_inner][\/vc_column][\/vc_row]<\/p>\n<\/div>","protected":false},"excerpt":{"rendered":"<p>[vc_row css=&#8221;.vc_custom_1642759171058{margin-top: 0px !important;margin-right: 0px !important;margin-bottom: 0px !important;margin-left: 0px !important;padding-top: 0px !important;padding-right: 0px !important;padding-bottom: 0px [&hellip;]<\/p>\n","protected":false},"author":1,"featured_media":0,"parent":0,"menu_order":164,"comment_status":"closed","ping_status":"closed","template":"","meta":{"_seopress_robots_primary_cat":"0","_seopress_titles_title":"","_seopress_titles_desc":"Vi invitiamo a leggere l\u2019informativa sulla privacy di Brasmar.","_seopress_robots_index":"","cybocfi_hide_featured_image":"","footnotes":""},"class_list":["post-13742","page","type-page","status-publish","hentry"],"_links":{"self":[{"href":"https:\/\/brasmar.com\/it\/wp-json\/wp\/v2\/pages\/13742","targetHints":{"allow":["GET"]}}],"collection":[{"href":"https:\/\/brasmar.com\/it\/wp-json\/wp\/v2\/pages"}],"about":[{"href":"https:\/\/brasmar.com\/it\/wp-json\/wp\/v2\/types\/page"}],"author":[{"embeddable":true,"href":"https:\/\/brasmar.com\/it\/wp-json\/wp\/v2\/users\/1"}],"replies":[{"embeddable":true,"href":"https:\/\/brasmar.com\/it\/wp-json\/wp\/v2\/comments?post=13742"}],"version-history":[{"count":4,"href":"https:\/\/brasmar.com\/it\/wp-json\/wp\/v2\/pages\/13742\/revisions"}],"predecessor-version":[{"id":15704,"href":"https:\/\/brasmar.com\/it\/wp-json\/wp\/v2\/pages\/13742\/revisions\/15704"}],"wp:attachment":[{"href":"https:\/\/brasmar.com\/it\/wp-json\/wp\/v2\/media?parent=13742"}],"curies":[{"name":"wp","href":"https:\/\/api.w.org\/{rel}","templated":true}]}}