{"id":13744,"date":"2022-03-31T15:12:43","date_gmt":"2022-03-31T15:12:43","guid":{"rendered":"https:\/\/brasmar.com\/?page_id=13744"},"modified":"2022-04-07T08:29:49","modified_gmt":"2022-04-07T08:29:49","slug":"informativa-sui-cookie-e-rgpd","status":"publish","type":"page","link":"https:\/\/brasmar.com\/it\/informativa-sui-cookie-e-rgpd","title":{"rendered":"Informativa sui cookie e RGPD"},"content":{"rendered":"<div class=\"wpb-content-wrapper\"><p>[vc_row][vc_column offset=&#8221;vc_hidden-xs&#8221;][vc_row_inner][vc_column_inner][vc_empty_space height=&#8221;80px&#8221;][\/vc_column_inner][\/vc_row_inner][\/vc_column][\/vc_row][vc_row content_placement=&#8221;top&#8221; row_content_width=&#8221;grid&#8221;][vc_column offset=&#8221;vc_col-lg-12 vc_col-md-12 vc_col-xs-12&#8243;]<div class=\"edgtf-elements-holder   edgtf-one-column  edgtf-responsive-mode-768 \" ><div class=\"edgtf-eh-item    \"  data-item-class=\"edgtf-eh-custom-6393\">\n\t<div class=\"edgtf-eh-item-inner\">\n\t\t<div class=\"edgtf-eh-item-content edgtf-eh-custom-6393\" >\n\t\t\t[vc_column_text]<\/p>\n<h1>Informativa sui cookie e RGPD<\/h1>\n<p>[\/vc_column_text][vc_empty_space height=&#8221;15px&#8221;][vc_column_text]<\/p>\n<h2>1. COOKIE: CHE COSA SONO?<\/h2>\n<p>I cookie sono piccoli file di testo memorizzati sui dispositivi degli utenti (\u201cUtente\u201d) quando visitano determinati siti web (\u201cSiti\u201d). L\u2019uso di questo tipo di tecnologia per accedere ai Siti \u00e8 una pratica comune, non danneggia i dispositivi degli Utenti (computer, smartphone, tablet, ecc.) e i diversi browser (navigatori) offrono a ciascun Utente la possibilit\u00e0 di rifiutarne l\u2019uso e\/o cancellare quelli che sono gi\u00e0 stati memorizzati.<\/p>\n<p>I cookie svolgono un ruolo importante nel funzionamento dei vari Siti e nell\u2019accesso ai diversi contenuti, permettendoci di capire come il Sito web viene utilizzato dagli Utenti e facilitando la loro navigazione, al fine di garantire una migliore esperienza per l\u2019utente sul Sito web.<\/p>\n<h3>2. PERCH\u00c9 USIAMO I COOKIE?<\/h3>\n<p>I siti web memorizzano cookie che vengono utilizzati per migliorare le funzionalit\u00e0 del sito e l\u2019esperienza degli Utenti, nei termini legalmente consentiti.<\/p>\n<p>I cookie memorizzati sui siti non sono utilizzati per la registrazione di informazioni personali o confidenziali, n\u00e9 per tracciare la navigazione web esterna ai siti.<\/p>\n<p>I cookie memorizzati sui siti non identificano l\u2019Utente, ma solo il computer utilizzato, e ci permettono di migliorare l\u2019esperienza di navigazione e fruizione dell\u2019Utente, per esempio aiutandoci a far corrispondere i dispositivi alle preferenze dell\u2019Utente o a fornire contenuti che riteniamo possano essere di suo interesse.<\/p>\n<h3>3. CATEGORIE DI COOKIES<\/h3>\n<p>I cookie memorizzati sui siti web sono di tre tipi:<\/p>\n<p><strong>Cookies tecnici o strettamente necessari:<\/strong> questi cookie sono necessari per il funzionamento efficiente dei siti, registrano il percorso dell\u2019Utente durante la sua visita senza identificarlo e vengono automaticamente cancellati quando lascia i SITI DI VIGENTGROUP.<\/p>\n<p><strong>Cookie persistenti<\/strong>: si tratta di cookie che non sono essenziali per il funzionamento dei siti web ma che permettono di identificare gli Utenti ogni volta che accedono alle pagine, ottimizzando la loro esperienza di navigazione. Con questi cookie viene assegnato all\u2019Utente un numero unico che lo identifica quando entra nei siti web. I cookie persistenti permangono sul computer fino a quando non vengono cancellati dall\u2019Utente.<\/p>\n<p><strong>Cookie di pubblicit\u00e0 comportamentale:<\/strong> si tratta di cookie che permettono di presentare all\u2019Utente pubblicit\u00e0 che \u00e8 intesa come adatta ai suoi interessi e preferenze. Per esempio, se il lettore \u00e8 interessato ad articoli riguardanti le auto, \u00e8 probabile che vengano mostrati annunci pubblicitari su servizi e beni relativi alle auto.<\/p>\n<p><strong>Altri cookie o cookie di terze parti:<\/strong> sono i cookie solitamente collocati da Siti di terze parti con la dovuta autorizzazione, che permettono di ricordare all\u2019Utente che ha gi\u00e0 visitato quello stesso Sito.<\/p>\n<p>Inoltre, i siti possono integrare pixel tag (noti anche come web beacon) che permettono di comprendere come avviene l\u2019uso dei Siti da parte degli utenti. I pixel tag non raccolgono dati personali e sono utilizzati in particolare per raccogliere informazioni sulle pagine pi\u00f9 visitate.<\/p>\n<h3>4. COME GESTIRE I COOKIE<\/h3>\n<p>Se si continua a navigare sui siti web e a meno che non si siano disattivati i cookie, si acconsente al loro utilizzo in conformit\u00e0 con la presente Informativa sui cookie.<\/p>\n<p>Se si sceglie di disabilitare i cookie, tutte o alcune sezioni dei siti web potrebbero non funzionare correttamente e l\u2019esperienza di navigazione sui siti potrebbe risultare notevolmente compromessa.<\/p>\n<p>I diversi browser consentono di visualizzare i cookies che esistono sul vostro dispositivo e di inibire o cancellare, singolarmente o totalmente, i cookies.<\/p>\n<p>Per ottenere e consultare maggiori informazioni sui cookie, sul loro utilizzo e su come gestire le proprie preferenze in materia, \u00e8 possibile consultare le pagine di guida specifiche dei diversi browser o le pagine di carattere generale su questo argomento, per esempio:<\/p>\n<p>https:\/\/support.google.com\/accounts\/answer\/61416?co=GENIE.Platform%3DDesktop&amp;hl=pt-PT[\/vc_column_text]\t\t<\/div>\n\t<\/div>\n<\/div><\/div>[\/vc_column][\/vc_row][vc_row][vc_column][vc_row_inner][vc_column_inner][vc_empty_space height=&#8221;80px&#8221;][\/vc_column_inner][\/vc_row_inner][\/vc_column][\/vc_row]<\/p>\n<\/div>","protected":false},"excerpt":{"rendered":"<p>[vc_row][vc_column offset=&#8221;vc_hidden-xs&#8221;][vc_row_inner][vc_column_inner][vc_empty_space height=&#8221;80px&#8221;][\/vc_column_inner][\/vc_row_inner][\/vc_column][\/vc_row][vc_row content_placement=&#8221;top&#8221; row_content_width=&#8221;grid&#8221;][vc_column offset=&#8221;vc_col-lg-12 vc_col-md-12 vc_col-xs-12&#8243;][\/vc_column][\/vc_row][vc_row][vc_column][vc_row_inner][vc_column_inner][vc_empty_space height=&#8221;80px&#8221;][\/vc_column_inner][\/vc_row_inner][\/vc_column][\/vc_row]<\/p>\n","protected":false},"author":1,"featured_media":0,"parent":0,"menu_order":157,"comment_status":"closed","ping_status":"closed","template":"","meta":{"_seopress_robots_primary_cat":"0","_seopress_titles_title":"","_seopress_titles_desc":"Vi invitiamo a leggere l\u2019Informativa sui cookie e RGPD di Brasmar.","_seopress_robots_index":"","cybocfi_hide_featured_image":"","footnotes":""},"class_list":["post-13744","page","type-page","status-publish","hentry"],"_links":{"self":[{"href":"https:\/\/brasmar.com\/it\/wp-json\/wp\/v2\/pages\/13744","targetHints":{"allow":["GET"]}}],"collection":[{"href":"https:\/\/brasmar.com\/it\/wp-json\/wp\/v2\/pages"}],"about":[{"href":"https:\/\/brasmar.com\/it\/wp-json\/wp\/v2\/types\/page"}],"author":[{"embeddable":true,"href":"https:\/\/brasmar.com\/it\/wp-json\/wp\/v2\/users\/1"}],"replies":[{"embeddable":true,"href":"https:\/\/brasmar.com\/it\/wp-json\/wp\/v2\/comments?post=13744"}],"version-history":[{"count":3,"href":"https:\/\/brasmar.com\/it\/wp-json\/wp\/v2\/pages\/13744\/revisions"}],"predecessor-version":[{"id":14337,"href":"https:\/\/brasmar.com\/it\/wp-json\/wp\/v2\/pages\/13744\/revisions\/14337"}],"wp:attachment":[{"href":"https:\/\/brasmar.com\/it\/wp-json\/wp\/v2\/media?parent=13744"}],"curies":[{"name":"wp","href":"https:\/\/api.w.org\/{rel}","templated":true}]}}