{"id":2054,"date":"2017-12-01T09:00:27","date_gmt":"2017-12-01T09:00:27","guid":{"rendered":"http:\/\/gastrobar.edge-themes.com\/?page_id=2054"},"modified":"2022-01-28T15:31:53","modified_gmt":"2022-01-28T15:31:53","slug":"tudo-sobre-o-mar","status":"publish","type":"page","link":"https:\/\/brasmar.com\/pt-pt\/tudo-sobre-o-mar","title":{"rendered":"Tudo sobre o Mar"},"content":{"rendered":"<div class=\"wpb-content-wrapper\"><p>[vc_row][vc_column offset=&#8221;vc_hidden-xs&#8221;][vc_empty_space height=&#8221;135px&#8221;][\/vc_column][\/vc_row][vc_row content_placement=&#8221;top&#8221; row_content_width=&#8221;grid&#8221; css=&#8221;.vc_custom_1638722953881{margin-top: 0px !important;margin-right: 0px !important;margin-bottom: 0px !important;margin-left: 0px !important;padding-right: 0px !important;padding-left: 0px !important;}&#8221;][vc_column css=&#8221;.vc_custom_1642522002461{margin-top: 0px !important;margin-right: 0px !important;margin-bottom: 0px !important;margin-left: 0px !important;padding-right: 0px !important;padding-left: 0px !important;}&#8221;]<div class=\"edgtf-elements-holder   edgtf-one-column  edgtf-responsive-mode-768 \" ><div class=\"edgtf-eh-item    \"  data-item-class=\"edgtf-eh-custom-4800\">\n\t<div class=\"edgtf-eh-item-inner\">\n\t\t<div class=\"edgtf-eh-item-content edgtf-eh-custom-4800\" style=\"padding: 0px 0% 0px 0%\">\n\t\t\t<div class=\"edgtf-section-title-holder   edgtf-st-custom-size\" style=\"text-align: center\">\n\t<div class=\"edgtf-st-inner\">\n\t\t\t\t\t\t\t<h1 class=\"edgtf-st-title \" style=\"font-size: 60px\">\n\t\t\t\tTudo sobre o Mar\t\t\t<\/h1>\n\t\t\t\t\t<\/div>\n<\/div>[vc_column_text css=&#8221;.vc_custom_1643383912113{margin-top: -15px !important;}&#8221;]<\/p>\n<h2 style=\"text-align: center;\"><span style=\"font-family: 'Reenie Beanie'; text-transform: none; font-size: 30px; font-weight: 400;\">Mitos e Verdades, Truques e Dicas, Nutri\u00e7\u00e3o e Alimenta\u00e7\u00e3o Saud\u00e1vel, Curiosidades<\/span><\/h2>\n<p>[\/vc_column_text][vc_empty_space height=&#8221;50px&#8221;]\t\t<\/div>\n\t<\/div>\n<\/div><\/div>[vc_basic_grid post_type=&#8221;post&#8221; max_items=&#8221;10&#8243; show_filter=&#8221;yes&#8221; filter_style=&#8221;dropdown&#8221; filter_size=&#8221;lg&#8221; grid_id=&#8221;vc_gid:1643383892842-d0ebe222-6bbc-10&#8243; taxonomies=&#8221;119&#8243; filter_source=&#8221;category&#8221; exclude_filter=&#8221;119&#8243;][\/vc_column][\/vc_row]<\/p>\n<\/div>","protected":false},"excerpt":{"rendered":"<p>[vc_row][vc_column offset=&#8221;vc_hidden-xs&#8221;][vc_empty_space height=&#8221;135px&#8221;][\/vc_column][\/vc_row][vc_row content_placement=&#8221;top&#8221; row_content_width=&#8221;grid&#8221; css=&#8221;.vc_custom_1638722953881{margin-top: 0px !important;margin-right: 0px !important;margin-bottom: 0px !important;margin-left: 0px !important;padding-right: 0px [&hellip;]<\/p>\n","protected":false},"author":1,"featured_media":0,"parent":0,"menu_order":199,"comment_status":"closed","ping_status":"closed","template":"full-width.php","meta":{"_seopress_robots_primary_cat":"0","_seopress_titles_title":"","_seopress_titles_desc":"O mar \u00e9 a paix\u00e3o da Brasmar. Aqui, desvendamos tudo sobre o mar: mitos e verdades, truques e dicas e falamos ainda sobre alimenta\u00e7\u00e3o saud\u00e1vel e nutri\u00e7\u00e3o.","_seopress_robots_index":"","cybocfi_hide_featured_image":"","footnotes":""},"class_list":["post-2054","page","type-page","status-publish","hentry"],"_links":{"self":[{"href":"https:\/\/brasmar.com\/pt-pt\/wp-json\/wp\/v2\/pages\/2054","targetHints":{"allow":["GET"]}}],"collection":[{"href":"https:\/\/brasmar.com\/pt-pt\/wp-json\/wp\/v2\/pages"}],"about":[{"href":"https:\/\/brasmar.com\/pt-pt\/wp-json\/wp\/v2\/types\/page"}],"author":[{"embeddable":true,"href":"https:\/\/brasmar.com\/pt-pt\/wp-json\/wp\/v2\/users\/1"}],"replies":[{"embeddable":true,"href":"https:\/\/brasmar.com\/pt-pt\/wp-json\/wp\/v2\/comments?post=2054"}],"version-history":[{"count":37,"href":"https:\/\/brasmar.com\/pt-pt\/wp-json\/wp\/v2\/pages\/2054\/revisions"}],"predecessor-version":[{"id":10475,"href":"https:\/\/brasmar.com\/pt-pt\/wp-json\/wp\/v2\/pages\/2054\/revisions\/10475"}],"wp:attachment":[{"href":"https:\/\/brasmar.com\/pt-pt\/wp-json\/wp\/v2\/media?parent=2054"}],"curies":[{"name":"wp","href":"https:\/\/api.w.org\/{rel}","templated":true}]}}