{"id":22359,"date":"2024-05-27T09:44:18","date_gmt":"2024-05-27T09:44:18","guid":{"rendered":"https:\/\/brasmar.com\/?page_id=22359"},"modified":"2024-05-27T10:58:51","modified_gmt":"2024-05-27T10:58:51","slug":"politica-do-sistema-integrado","status":"publish","type":"page","link":"https:\/\/brasmar.com\/pt-pt\/politica-do-sistema-integrado","title":{"rendered":"Pol\u00edtica do Sistema Integrado"},"content":{"rendered":"<div class=\"wpb-content-wrapper\"><p>[vc_row][vc_column offset=&#8221;vc_hidden-xs&#8221;][vc_row_inner][vc_column_inner][vc_empty_space height=&#8221;80px&#8221;][\/vc_column_inner][\/vc_row_inner][\/vc_column][\/vc_row][vc_row content_placement=&#8221;top&#8221; row_content_width=&#8221;grid&#8221;][vc_column offset=&#8221;vc_col-lg-12 vc_col-md-12 vc_col-xs-12&#8243;]<div class=\"edgtf-elements-holder   edgtf-one-column  edgtf-responsive-mode-768 \" ><div class=\"edgtf-eh-item    \"  data-item-class=\"edgtf-eh-custom-7799\">\n\t<div class=\"edgtf-eh-item-inner\">\n\t\t<div class=\"edgtf-eh-item-content edgtf-eh-custom-7799\" >\n\t\t\t[vc_column_text]<\/p>\n<h1>Pol\u00edtica do Sistema Integrado<\/h1>\n<p>[\/vc_column_text][vc_empty_space height=&#8221;15px&#8221;][vc_column_text]<\/p>\n<h2>Pol\u00edtica do Sistema Integrado<\/h2>\n<p><a href=\"https:\/\/docs.google.com\/document\/d\/1GfYKPYPQWuUiq0RQPlsDUXIz0pwEV6F9\/edit?usp=sharing&amp;ouid=110702552915707746549&amp;rtpof=true&amp;sd=true\">https:\/\/docs.google.com\/document\/d\/1GfYKPYPQWuUiq0RQPlsDUXIz0pwEV6F9\/edit?usp=sharing&amp;ouid=110702552915707746549&amp;rtpof=true&amp;sd=true<\/a>[\/vc_column_text]\t\t<\/div>\n\t<\/div>\n<\/div><\/div>[\/vc_column][\/vc_row][vc_row][vc_column][vc_row_inner][vc_column_inner][vc_empty_space height=&#8221;80px&#8221;][\/vc_column_inner][\/vc_row_inner][\/vc_column][\/vc_row]<\/p>\n<\/div>","protected":false},"excerpt":{"rendered":"<p>[vc_row][vc_column offset=&#8221;vc_hidden-xs&#8221;][vc_row_inner][vc_column_inner][vc_empty_space height=&#8221;80px&#8221;][\/vc_column_inner][\/vc_row_inner][\/vc_column][\/vc_row][vc_row content_placement=&#8221;top&#8221; row_content_width=&#8221;grid&#8221;][vc_column offset=&#8221;vc_col-lg-12 vc_col-md-12 vc_col-xs-12&#8243;][\/vc_column][\/vc_row][vc_row][vc_column][vc_row_inner][vc_column_inner][vc_empty_space height=&#8221;80px&#8221;][\/vc_column_inner][\/vc_row_inner][\/vc_column][\/vc_row]<\/p>\n","protected":false},"author":1,"featured_media":0,"parent":0,"menu_order":148,"comment_status":"closed","ping_status":"closed","template":"","meta":{"_seopress_robots_primary_cat":"0","_seopress_titles_title":"","_seopress_titles_desc":"Na Brasmar privilegiamos a clareza e a seguran\u00e7a da informa\u00e7\u00e3o. Fique a conhecer aqui a nossa Pol\u00edtica de Cookies e RGPD.","_seopress_robots_index":"","cybocfi_hide_featured_image":"","footnotes":""},"class_list":["post-22359","page","type-page","status-publish","hentry"],"_links":{"self":[{"href":"https:\/\/brasmar.com\/pt-pt\/wp-json\/wp\/v2\/pages\/22359","targetHints":{"allow":["GET"]}}],"collection":[{"href":"https:\/\/brasmar.com\/pt-pt\/wp-json\/wp\/v2\/pages"}],"about":[{"href":"https:\/\/brasmar.com\/pt-pt\/wp-json\/wp\/v2\/types\/page"}],"author":[{"embeddable":true,"href":"https:\/\/brasmar.com\/pt-pt\/wp-json\/wp\/v2\/users\/1"}],"replies":[{"embeddable":true,"href":"https:\/\/brasmar.com\/pt-pt\/wp-json\/wp\/v2\/comments?post=22359"}],"version-history":[{"count":3,"href":"https:\/\/brasmar.com\/pt-pt\/wp-json\/wp\/v2\/pages\/22359\/revisions"}],"predecessor-version":[{"id":22367,"href":"https:\/\/brasmar.com\/pt-pt\/wp-json\/wp\/v2\/pages\/22359\/revisions\/22367"}],"wp:attachment":[{"href":"https:\/\/brasmar.com\/pt-pt\/wp-json\/wp\/v2\/media?parent=22359"}],"curies":[{"name":"wp","href":"https:\/\/api.w.org\/{rel}","templated":true}]}}