{"id":3038,"date":"2021-09-22T07:16:23","date_gmt":"2021-09-22T07:16:23","guid":{"rendered":"https:\/\/brasmar.maccao.es\/?page_id=3038"},"modified":"2023-06-01T09:53:31","modified_gmt":"2023-06-01T09:53:31","slug":"a-marca","status":"publish","type":"page","link":"https:\/\/brasmar.com\/pt-pt\/a-marca","title":{"rendered":"A marca"},"content":{"rendered":"<div class=\"wpb-content-wrapper\"><p>[vc_row row_content_width=&#8221;grid&#8221; css=&#8221;.vc_custom_1632238362268{padding-top: 25px !important;}&#8221;][vc_column offset=&#8221;vc_col-lg-6 vc_col-md-12 vc_col-xs-12 vc_hidden-xs&#8221;]<div class=\"edgtf-elements-holder   edgtf-one-column  edgtf-responsive-mode-768 \" ><div class=\"edgtf-eh-item    \"  data-item-class=\"edgtf-eh-custom-5997\">\n\t<div class=\"edgtf-eh-item-inner\">\n\t\t<div class=\"edgtf-eh-item-content edgtf-eh-custom-5997\" style=\"padding: 60px 0% 50px 0%\">\n\t\t\t[vc_single_image image=&#8221;3391&#8243; img_size=&#8221;&#8221;][vc_empty_space height=&#8221;15px&#8221;][vc_column_text]<\/p>\n<p style=\"text-align: justify;\">A Brasmar \u00e9 a marca de produtos do mar congelados com maior diversidade em Portugal. Com um portf\u00f3lio com mais de 200 esp\u00e9cies, a marca oferece produtos nas categorias de pescado, marisco, cefal\u00f3podes e bacalhau salgado seco, demolhado e ponto de sal ultracongelado.<br \/>\nAl\u00e9m de dispor de uma ampla sele\u00e7\u00e3o de produtos do mar, a Brasmar diferencia-se no mercado pela sua especializa\u00e7\u00e3o no processamento de Polvo e Bacalhau: os seus produtos-estrela.<\/p>\n<p>[\/vc_column_text][vc_empty_space height=&#8221;42px&#8221;]<div class=\"edgtf-animation-holder edgtf-grow-in\" data-animation=\"edgtf-grow-in\" data-animation-delay=\"\"><div class=\"edgtf-animation-inner\">[vc_single_image image=&#8221;3266&#8243; img_size=&#8221;full&#8221;]<\/div><\/div>\t\t<\/div>\n\t<\/div>\n<\/div><\/div>[\/vc_column][vc_column offset=&#8221;vc_col-lg-6 vc_col-md-12 vc_col-xs-12 vc_hidden-xs&#8221;]<div class=\"edgtf-animation-holder edgtf-element-from-right\" data-animation=\"edgtf-element-from-right\" data-animation-delay=\"\"><div class=\"edgtf-animation-inner\">[vc_empty_space height=&#8221;150px&#8221;][vc_single_image image=&#8221;8800&#8243; img_size=&#8221;full&#8221;]<\/div><\/div>[\/vc_column][\/vc_row][vc_row row_content_width=&#8221;grid&#8221; css=&#8221;.vc_custom_1637334880294{margin-top: -35px !important;}&#8221;][vc_column offset=&#8221;vc_col-lg-6 vc_hidden-lg vc_col-md-12 vc_hidden-md vc_hidden-sm vc_col-xs-12&#8243;]<div class=\"edgtf-elements-holder   edgtf-one-column  edgtf-responsive-mode-768 \" ><div class=\"edgtf-eh-item    \"  data-item-class=\"edgtf-eh-custom-9560\">\n\t<div class=\"edgtf-eh-item-inner\">\n\t\t<div class=\"edgtf-eh-item-content edgtf-eh-custom-9560\" style=\"padding: 60px 0% 50px 0%\">\n\t\t\t[vc_single_image image=&#8221;3624&#8243; img_size=&#8221;full&#8221;][vc_column_text]<\/p>\n<p style=\"text-align: justify;\">A Brasmar \u00e9 a marca de produtos do mar congelados com maior diversidade em Portugal. Com um portf\u00f3lio com mais de 200 esp\u00e9cies, a marca oferece produtos nas categorias de pescado, marisco, cefal\u00f3podes e bacalhau salgado seco, demolhado e ponto de sal ultracongelado.<br \/>\nAl\u00e9m de dispor de uma ampla sele\u00e7\u00e3o de produtos do mar, a Brasmar diferencia-se no mercado pela sua especializa\u00e7\u00e3o no processamento de Polvo e Bacalhau: os seus produtos-estrela.<\/p>\n<p>[\/vc_column_text][vc_empty_space height=&#8221;42px&#8221;]<div class=\"edgtf-animation-holder edgtf-grow-in\" data-animation=\"edgtf-grow-in\" data-animation-delay=\"\"><div class=\"edgtf-animation-inner\">[vc_single_image image=&#8221;3266&#8243; img_size=&#8221;full&#8221;]<\/div><\/div>\t\t<\/div>\n\t<\/div>\n<\/div><\/div>[\/vc_column][vc_column offset=&#8221;vc_col-lg-6 vc_hidden-lg vc_col-md-12 vc_hidden-md vc_hidden-sm vc_col-xs-12&#8243;]<div class=\"edgtf-animation-holder edgtf-element-from-right\" data-animation=\"edgtf-element-from-right\" data-animation-delay=\"\"><div class=\"edgtf-animation-inner\"><\/div><\/div>[\/vc_column][\/vc_row][vc_row content_placement=&#8221;top&#8221; row_content_width=&#8221;grid&#8221; content_text_aligment=&#8221;center&#8221;][vc_column][vc_single_image image=&#8221;3322&#8243; img_size=&#8221;full&#8221; alignment=&#8221;center&#8221;]<div class=\"edgtf-item-showcase-holder clearfix\"><div class=\"edgtf-is-item edgtf-is-left edgtf-is-has-icon\">\n\t\t\t<div class=\"edgtf-is-icon\">\n\t\t\t<img loading=\"lazy\" decoding=\"async\" width=\"70\" height=\"70\" src=\"https:\/\/brasmar.com\/wp-content\/uploads\/2021\/10\/icone-peixe.png\" class=\"edgtf-is-default-img\" alt=\"\" \/>\t\t\t\t\t<\/div>\n\t\t<div class=\"edgtf-is-content\">\n\t\t\t\t\t<p class=\"edgtf-is-title\" >\n\t\t\t\t\t\t\t\t2003\t\t\t\t\t\t\t<\/p>\n\t\t\t\t\t\t\t<p class=\"edgtf-is-text\" >Comercializa\u00e7\u00e3o da marca Brasmar no mercado portugu\u00eas.<\/p>\n\t\t\t<\/div>\n<\/div><div class=\"edgtf-is-item edgtf-is-left edgtf-is-has-icon\">\n\t\t\t<div class=\"edgtf-is-icon\">\n\t\t\t<img loading=\"lazy\" decoding=\"async\" width=\"70\" height=\"70\" src=\"https:\/\/brasmar.com\/wp-content\/uploads\/2021\/10\/icone-peixe.png\" class=\"edgtf-is-default-img\" alt=\"\" \/>\t\t\t\t\t<\/div>\n\t\t<div class=\"edgtf-is-content\">\n\t\t\t\t\t<p class=\"edgtf-is-title\" >\n\t\t\t\t\t\t\t\t2006\t\t\t\t\t\t\t<\/p>\n\t\t\t\t\t\t\t<p class=\"edgtf-is-text\" >Comercializa\u00e7\u00e3o da marca Brasmar no mercado da saudade.<\/p>\n\t\t\t<\/div>\n<\/div><div class=\"edgtf-is-item edgtf-is-right edgtf-is-has-icon\">\n\t\t\t<div class=\"edgtf-is-icon\">\n\t\t\t<img loading=\"lazy\" decoding=\"async\" width=\"70\" height=\"70\" src=\"https:\/\/brasmar.com\/wp-content\/uploads\/2021\/10\/icone-peixe.png\" class=\"edgtf-is-default-img\" alt=\"\" \/>\t\t\t\t\t<\/div>\n\t\t<div class=\"edgtf-is-content\">\n\t\t\t\t\t<p class=\"edgtf-is-title\" >\n\t\t\t\t\t\t\t\t2017\t\t\t\t\t\t\t<\/p>\n\t\t\t\t\t\t\t<p class=\"edgtf-is-text\" >Rebranding da marca Brasmar e organiza\u00e7\u00e3o do portf\u00f3lio por gamas de produto.<\/p>\n\t\t\t<\/div>\n<\/div><div class=\"edgtf-is-item edgtf-is-left edgtf-is-has-icon\">\n\t\t\t<div class=\"edgtf-is-icon\">\n\t\t\t<img loading=\"lazy\" decoding=\"async\" width=\"70\" height=\"70\" src=\"https:\/\/brasmar.com\/wp-content\/uploads\/2021\/10\/icone-peixe.png\" class=\"edgtf-is-default-img\" alt=\"\" \/>\t\t\t\t\t<\/div>\n\t\t<div class=\"edgtf-is-content\">\n\t\t\t\t\t<p class=\"edgtf-is-title\" >\n\t\t\t\t\t\t\t\t2017\t\t\t\t\t\t\t<\/p>\n\t\t\t\t\t\t\t<p class=\"edgtf-is-text\" >Brasmar \u00e9 premiada pela 1\u00aa vez com o Selo Sabor do Ano na categoria de Polvo Limpo.<\/p>\n\t\t\t<\/div>\n<\/div><div class=\"edgtf-is-item edgtf-is-right edgtf-is-has-icon\">\n\t\t\t<div class=\"edgtf-is-icon\">\n\t\t\t<img loading=\"lazy\" decoding=\"async\" width=\"70\" height=\"70\" src=\"https:\/\/brasmar.com\/wp-content\/uploads\/2021\/10\/icone-peixe.png\" class=\"edgtf-is-default-img\" alt=\"\" \/>\t\t\t\t\t<\/div>\n\t\t<div class=\"edgtf-is-content\">\n\t\t\t\t\t<p class=\"edgtf-is-title\" >\n\t\t\t\t\t\t\t\t2020\t\t\t\t\t\t\t<\/p>\n\t\t\t\t\t\t\t<p class=\"edgtf-is-text\" >Brasmar \u00e9 premiada pela 1\u00aa vez com o Selo Sabor do Ano na categoria de bacalhau demolhado.<\/p>\n\t\t\t<\/div>\n<\/div><div class=\"edgtf-is-item edgtf-is-right edgtf-is-has-icon\">\n\t\t\t<div class=\"edgtf-is-icon\">\n\t\t\t<img loading=\"lazy\" decoding=\"async\" width=\"70\" height=\"70\" src=\"https:\/\/brasmar.com\/wp-content\/uploads\/2021\/10\/icone-peixe.png\" class=\"edgtf-is-default-img\" alt=\"\" \/>\t\t\t\t\t<\/div>\n\t\t<div class=\"edgtf-is-content\">\n\t\t\t\t\t<p class=\"edgtf-is-title\" >\n\t\t\t\t\t\t\t\t2021\t\t\t\t\t\t\t<\/p>\n\t\t\t\t\t\t\t<p class=\"edgtf-is-text\" >Atualiza\u00e7\u00e3o de imagem da marca e renova\u00e7\u00e3o de packaging.<\/p>\n\t\t\t<\/div>\n<\/div><div class=\"edgtf-is-image\" style=\"margin-top: 36px\"><img loading=\"lazy\" decoding=\"async\" width=\"411\" height=\"411\" src=\"https:\/\/brasmar.com\/wp-content\/uploads\/2021\/10\/centro-produtos.png\" class=\"attachment-full size-full\" alt=\"\" srcset=\"https:\/\/brasmar.com\/wp-content\/uploads\/2021\/10\/centro-produtos.png 411w, https:\/\/brasmar.com\/wp-content\/uploads\/2021\/10\/centro-produtos-300x300.png 300w, https:\/\/brasmar.com\/wp-content\/uploads\/2021\/10\/centro-produtos-150x150.png 150w\" sizes=\"auto, (max-width: 411px) 100vw, 411px\" \/><\/div><\/div>[vc_empty_space height=&#8221;44px&#8221;][\/vc_column][\/vc_row][vc_row full_width=&#8221;stretch_row&#8221; content_text_aligment=&#8221;center&#8221; css=&#8221;.vc_custom_1636728248267{padding-top: 25px !important;}&#8221; el_id=&#8221;uno&#8221; simple_background_color=&#8221;#05182e&#8221; parallax_background_image=&#8221;4566&#8243;][vc_column offset=&#8221;vc_col-lg-12 vc_col-md-12 vc_col-xs-12&#8243;][vc_row_inner row_content_width=&#8221;grid&#8221;][vc_column_inner][vc_column_text]<\/p>\n<h1 style=\"text-align: center;\"><strong><span style=\"color: #ffffff;\">BRASMAR GROUP<\/span><\/strong><\/h1>\n<p>[\/vc_column_text][vc_separator color=&#8221;custom&#8221; el_width=&#8221;70&#8243; accent_color=&#8221;#ea7633&#8243; css=&#8221;.vc_custom_1636635861442{margin-top: 1% !important;margin-bottom: 3% !important;}&#8221;][vc_column_text]<\/p>\n<div style=\"text-align: center;\" data-canvas-width=\"556.1400000000004\"><span style=\"color: #ffffff;\">A marca Brasmar pertence ao <strong>Brasmar Group<\/strong>, uma empresa de refer\u00eancia na Europa no setor de produtos do mar congelados, refrigerados e salgados.<\/span><br \/>\n<span style=\"color: #ffffff;\">O Brasmar Group disp\u00f5e de <strong>6 unidades industriais<\/strong>, especializadas por tipologia de produto, que permitem oferecer uma ampla sele\u00e7\u00e3o de produtos do mar.<\/span><br \/>\n<span style=\"color: #ffffff;\">A alta capacidade de produ\u00e7\u00e3o, aliada \u00e0 qualidade e seguran\u00e7a dos produtos, permite \u00e0 empresa <strong>exportar para mais de 40 pa\u00edses<\/strong> e <\/span><\/div>\n<div style=\"text-align: center;\" data-canvas-width=\"556.1400000000004\"><span style=\"color: #ffffff;\">dispor de <strong>delega\u00e7\u00f5es comerciais em 8 pa\u00edses<\/strong> espalhados pelo mundo: <\/span><span style=\"color: #ffffff;\">Portugal, Espanha, It\u00e1lia, Fran\u00e7a, Reino Unido, Noruega, Brasil e EUA.<\/span><\/div>\n<div style=\"text-align: center;\" data-canvas-width=\"556.1400000000004\"><span style=\"color: #ffffff;\">O Brasmar Group \u00e9 detentor das marcas <strong>Brasmar<\/strong>, <strong>La Balinesa<\/strong>, <strong>Nuchar<\/strong>, <strong>Marnobre<\/strong>,<strong> Argus<\/strong> e <strong>Amarras<\/strong>.<\/span><\/div>\n<p>[\/vc_column_text][vc_column_text]<\/p>\n<h2 style=\"text-align: center;\" data-canvas-width=\"546.1886666666669\"><strong><span style=\"color: #ea7633;\">A NOSSA VIS\u00c3O<\/span><\/strong><\/h2>\n<p style=\"text-align: center;\"><span style=\"color: #ffffff;\">Ser, em qualquer parte do globo, uma empresa reconhecida e recomendada, no setor dos produtos do mar.<\/span><\/p>\n<h2 style=\"text-align: center;\"><span style=\"color: #ea7633;\"><strong>A NOSSA MISS\u00c3O<\/strong><\/span><\/h2>\n<p style=\"text-align: center;\"><span style=\"color: #ffffff;\">Sermos o parceiro de refer\u00eancia dos nossos clientes;<br \/>\nSermos pioneiros\u00a0 na oferta de novos produtos e formas de embalagem;<br \/>\nSermos reconhecidos pela qualidade, uniformidade e variedade da nossa gama de produtos;<br \/>\nObtermos o reconhecimento por parte da comunidade como uma empresa s\u00f3lida, sustent\u00e1vel, ambiental e socialmente respons\u00e1vel.<\/span><\/p>\n<h2 style=\"text-align: center;\"><span style=\"color: #ea7633;\"><strong>OS NOSSOS VALORES<\/strong><\/span><\/h2>\n<p style=\"text-align: center;\"><span style=\"color: #ffffff;\">Saber e gostar de trabalhar em equipa;<br \/>\nTer orgulho e paix\u00e3o pelos produtos do mar;<br \/>\nSer respons\u00e1vel e aprender com os erros;<br \/>\nQuerer ser sempre mais e melhor.<\/span><\/p>\n<h2 style=\"text-align: center;\"><strong><span style=\"color: #ea7633;\">O NOSSO PROP\u00d3SITO<\/span><\/strong><\/h2>\n<p style=\"text-align: center;\"><span style=\"color: #ffffff;\">Pretendemos contribuir diariamente para a melhoria da qualidade de vida dos nossos consumidores, atrav\u00e9s da promo\u00e7\u00e3o de alimenta\u00e7\u00e3o equilibrada e de um estilo de vida ativo e saud\u00e1vel. Gerimos de forma respons\u00e1vel e sustent\u00e1vel os recursos que o mar nos oferece, respeitando sempre a nossa profunda paix\u00e3o pelo mar.<\/span><\/p>\n<p>[\/vc_column_text][vc_empty_space height=&#8221;44px&#8221;][\/vc_column_inner][\/vc_row_inner][\/vc_column][\/vc_row][vc_row row_content_width=&#8221;grid&#8221;][vc_column offset=&#8221;vc_hidden-lg vc_hidden-md vc_hidden-sm&#8221;][vc_column_text]<\/p>\n<h2 style=\"text-align: center;\"><strong>SOMOS ESPECIALISTAS EM&#8230;<\/strong><\/h2>\n<p>[\/vc_column_text][vc_empty_space height=&#8221;48px&#8221;][vc_row_inner content_placement=&#8221;top&#8221;][vc_column_inner width=&#8221;1\/4&#8243;][vc_single_image image=&#8221;4166&#8243; alignment=&#8221;center&#8221; css=&#8221;.vc_custom_1638200920467{border-radius: 35px !important;}&#8221;][vc_column_text]<\/p>\n<h3 style=\"text-align: center;\"><strong>ACEDER \u00c0S MELHORES MAT\u00c9RIA-PRIMAS, DAS MELHORES ORIGENS<\/strong><\/h3>\n<p>[\/vc_column_text][vc_empty_space height=&#8221;20px&#8221;][\/vc_column_inner][vc_column_inner width=&#8221;1\/4&#8243;][vc_single_image image=&#8221;4181&#8243; alignment=&#8221;center&#8221; css=&#8221;.vc_custom_1636738376757{border-radius: 35px !important;}&#8221;][vc_column_text]<\/p>\n<h3 style=\"text-align: center;\"><strong>UTILIZAR AS TECNOLOGIAS MAIS AVAN\u00c7ADAS<\/strong><\/h3>\n<p>[\/vc_column_text][vc_empty_space height=&#8221;20px&#8221;][\/vc_column_inner][vc_column_inner width=&#8221;1\/4&#8243;][vc_single_image image=&#8221;4184&#8243; alignment=&#8221;center&#8221; css=&#8221;.vc_custom_1636738383846{border-radius: 30px !important;}&#8221;][vc_column_text]<\/p>\n<h3 style=\"text-align: center;\"><strong>PROCURAR A EXCEL\u00caNCIA, PARA NOS MANTERMOS COMO EMPRESA L\u00cdDER DO SETOR<\/strong><\/h3>\n<p>[\/vc_column_text][vc_empty_space height=&#8221;20px&#8221;][\/vc_column_inner][vc_column_inner width=&#8221;1\/4&#8243;][vc_single_image image=&#8221;4180&#8243; alignment=&#8221;center&#8221; css=&#8221;.vc_custom_1636738394356{border-radius: 35px !important;}&#8221;][vc_column_text]<\/p>\n<h3 style=\"text-align: center;\"><strong>CUMPRIR COM A NOSSA ESTRAT\u00c9GIA DE RESPONSABILIDADE SOCIAL<\/strong><\/h3>\n<p>[\/vc_column_text][vc_empty_space height=&#8221;20px&#8221;][\/vc_column_inner][\/vc_row_inner][\/vc_column][\/vc_row][vc_row row_content_width=&#8221;grid&#8221;][vc_column offset=&#8221;vc_hidden-xs&#8221;][vc_column_text]<\/p>\n<h2 style=\"text-align: center;\"><strong>SOMOS ESPECIALISTAS EM&#8230;<\/strong><\/h2>\n<p>[\/vc_column_text][vc_empty_space height=&#8221;48px&#8221;][vc_row_inner][vc_column_inner width=&#8221;1\/4&#8243;][vc_single_image image=&#8221;4166&#8243; alignment=&#8221;center&#8221; css=&#8221;.vc_custom_1636737656941{border-radius: 35px !important;}&#8221;][vc_column_text]<\/p>\n<h3 style=\"text-align: center;\"><strong>ACEDER \u00c0S MELHORES MAT\u00c9RIAS-PRIMAS, DAS MELHORES ORIGENS<\/strong><\/h3>\n<p>[\/vc_column_text][\/vc_column_inner][vc_column_inner width=&#8221;1\/4&#8243;][vc_single_image image=&#8221;4181&#8243; alignment=&#8221;center&#8221; css=&#8221;.vc_custom_1636738376757{border-radius: 35px !important;}&#8221;][vc_column_text]<\/p>\n<h3 style=\"text-align: center;\"><strong>UTILIZAR AS TECNOLOGIAS MAIS AVAN\u00c7ADAS<\/strong><\/h3>\n<p>[\/vc_column_text][\/vc_column_inner][vc_column_inner width=&#8221;1\/4&#8243;][vc_single_image image=&#8221;4184&#8243; alignment=&#8221;center&#8221; css=&#8221;.vc_custom_1636738383846{border-radius: 30px !important;}&#8221;][vc_column_text]<\/p>\n<h3 style=\"text-align: center;\"><strong>PROCURAR A EXCEL\u00caNCIA, PARA NOS MANTERMOS COMO EMPRESA L\u00cdDER DO SETOR<\/strong><\/h3>\n<p>[\/vc_column_text][\/vc_column_inner][vc_column_inner width=&#8221;1\/4&#8243;][vc_single_image image=&#8221;4180&#8243; alignment=&#8221;center&#8221; css=&#8221;.vc_custom_1636738394356{border-radius: 35px !important;}&#8221;][vc_column_text]<\/p>\n<h3 style=\"text-align: center;\"><strong>CUMPRIR COM A NOSSA ESTRAT\u00c9GIA DE RESPONSABILIDADE SOCIAL<\/strong><\/h3>\n<p>[\/vc_column_text][\/vc_column_inner][\/vc_row_inner][\/vc_column][\/vc_row][vc_row][vc_column][vc_empty_space height=&#8221;100px&#8221;][\/vc_column][\/vc_row][vc_row][vc_column][vc_column_text]<\/p>\n<h1 style=\"text-align: center;\"><span style=\"font-size: 30px;\"><span style=\"font-family: Barlow;\">Veja Tamb\u00e9m<\/span><\/span><\/h1>\n<p>[\/vc_column_text][\/vc_column][\/vc_row][vc_row][vc_column][vc_empty_space height=&#8221;40px&#8221;][\/vc_column][\/vc_row][vc_row row_content_width=&#8221;grid&#8221;][vc_column width=&#8221;1\/2&#8243; el_class=&#8221;vejatambemdiv&#8221;][vc_raw_html]JTNDYSUyMGhyZWYlM0QlMjJodHRwcyUzQSUyRiUyRmJyYXNtYXIuY29tJTJGcHQtcHQlMkZnYW1hcy1icmFzbWFyJTIyJTNFJTNDZGl2JTIwY2xhc3MlM0QlMjJ2ZWphdGFtYmVtLWxlZnQlMjIlM0UlMEElM0NwJTIwY2xhc3MlM0QlMjJib3R0b20tbGVmdCUyMiUzRUdhbWFzJTIwQnJhc21hciUzQyUyRnAlM0UlMEElM0MlMkZkaXYlM0UlMEElM0MlMkZhJTNF[\/vc_raw_html][\/vc_column][vc_column width=&#8221;1\/2&#8243;][vc_raw_html]JTNDYSUyMGhyZWYlM0QlMjJodHRwcyUzQSUyRiUyRmJyYXNtYXIuY29tJTJGcHQtcHQlMkZwcm9kdXRvcy1icmFzbWFyJTIyJTNFJTNDZGl2JTIwY2xhc3MlM0QlMjJ2ZWphdGFtYmVtLXJpZ2h0JTIyJTNFJTBBJTNDcCUyMGNsYXNzJTNEJTIyYm90dG9tLWxlZnQlMjIlM0VQcm9kdXRvcyUyMEJyYXNtYXIlM0MlMkZwJTNFJTBBJTNDJTJGZGl2JTNFJTBBJTNDJTJGYSUzRQ==[\/vc_raw_html][\/vc_column][\/vc_row][vc_row][vc_column][vc_empty_space height=&#8221;70px&#8221;][\/vc_column][\/vc_row]<\/p>\n<\/div>","protected":false},"excerpt":{"rendered":"<p>[vc_row row_content_width=&#8221;grid&#8221; css=&#8221;.vc_custom_1632238362268{padding-top: 25px !important;}&#8221;][vc_column offset=&#8221;vc_col-lg-6 vc_col-md-12 vc_col-xs-12 vc_hidden-xs&#8221;][\/vc_column][vc_column offset=&#8221;vc_col-lg-6 vc_col-md-12 vc_col-xs-12 vc_hidden-xs&#8221;][\/vc_column][\/vc_row][vc_row row_content_width=&#8221;grid&#8221; css=&#8221;.vc_custom_1637334880294{margin-top: [&hellip;]<\/p>\n","protected":false},"author":1,"featured_media":0,"parent":0,"menu_order":30,"comment_status":"closed","ping_status":"closed","template":"full-width.php","meta":{"_seopress_robots_primary_cat":"","_seopress_titles_title":"","_seopress_titles_desc":"","_seopress_robots_index":"","cybocfi_hide_featured_image":"","footnotes":""},"class_list":["post-3038","page","type-page","status-publish","hentry"],"_links":{"self":[{"href":"https:\/\/brasmar.com\/pt-pt\/wp-json\/wp\/v2\/pages\/3038","targetHints":{"allow":["GET"]}}],"collection":[{"href":"https:\/\/brasmar.com\/pt-pt\/wp-json\/wp\/v2\/pages"}],"about":[{"href":"https:\/\/brasmar.com\/pt-pt\/wp-json\/wp\/v2\/types\/page"}],"author":[{"embeddable":true,"href":"https:\/\/brasmar.com\/pt-pt\/wp-json\/wp\/v2\/users\/1"}],"replies":[{"embeddable":true,"href":"https:\/\/brasmar.com\/pt-pt\/wp-json\/wp\/v2\/comments?post=3038"}],"version-history":[{"count":491,"href":"https:\/\/brasmar.com\/pt-pt\/wp-json\/wp\/v2\/pages\/3038\/revisions"}],"predecessor-version":[{"id":21619,"href":"https:\/\/brasmar.com\/pt-pt\/wp-json\/wp\/v2\/pages\/3038\/revisions\/21619"}],"wp:attachment":[{"href":"https:\/\/brasmar.com\/pt-pt\/wp-json\/wp\/v2\/media?parent=3038"}],"curies":[{"name":"wp","href":"https:\/\/api.w.org\/{rel}","templated":true}]}}