{"id":3201,"date":"2021-10-26T14:18:17","date_gmt":"2021-10-26T14:18:17","guid":{"rendered":"https:\/\/brasmar.maccao.es\/?page_id=3201"},"modified":"2022-10-27T10:38:43","modified_gmt":"2022-10-27T10:38:43","slug":"bacalhau","status":"publish","type":"page","link":"https:\/\/brasmar.com\/pt-pt\/bacalhau","title":{"rendered":"Bacalhau"},"content":{"rendered":"<div class=\"wpb-content-wrapper\"><p>[vc_row full_width=&#8221;stretch_row_content&#8221;][vc_column offset=&#8221;vc_hidden-xs&#8221;][vc_single_image image=&#8221;4009&#8243; img_size=&#8221;full&#8221; alignment=&#8221;center&#8221;][\/vc_column][\/vc_row][vc_row full_width=&#8221;stretch_row_content&#8221;][vc_column offset=&#8221;vc_hidden-lg vc_hidden-md vc_hidden-sm&#8221;][vc_single_image image=&#8221;5488&#8243; img_size=&#8221;full&#8221; alignment=&#8221;center&#8221;][\/vc_column][\/vc_row][vc_row gap=&#8221;10&#8243; row_content_width=&#8221;grid&#8221;][vc_column width=&#8221;1\/4&#8243;][\/vc_column][vc_column width=&#8221;1\/2&#8243;][vc_empty_space height=&#8221;40px&#8221;]<div class=\"edgtf-section-title-holder   edgtf-st-custom-size\" style=\"text-align: center\">\n\t<div class=\"edgtf-st-inner\">\n\t\t\t\t\t\t\t<h1 class=\"edgtf-st-title \" style=\"font-size: 42px\">\n\t\t\t\tBacalhau\t\t\t<\/h1>\n\t\t\t\t\t<\/div>\n<\/div>[vc_column_text]<\/p>\n<h2 style=\"text-align: center;\"><span style=\"font-family: 'Reenie Beanie'; text-transform: none; font-size: 30px; font-weight: 400;\">Produto estrela da gastronomia nacional<\/span><\/h2>\n<p>[\/vc_column_text][vc_empty_space height=&#8221;30px&#8221;][vc_column_text]Dispomos de uma diversa sele\u00e7\u00e3o de esp\u00e9cies de Bacalhau, dispon\u00edveis em diferentes formatos e tipos de apresenta\u00e7\u00e3o.[\/vc_column_text][vc_empty_space][\/vc_column][vc_column width=&#8221;1\/4&#8243;][\/vc_column][\/vc_row][vc_row][vc_column][vc_empty_space][\/vc_column][\/vc_row][vc_row row_content_width=&#8221;grid&#8221;][vc_column]<div class=\"edgtf-portfolio-list-holder edgtf-pl-gallery edgtf-normal-space edgtf-pl-four-columns edgtf-pl-standard-shader    edgtf-pl-pag-no-pagination edgtf-pl-has-filter    \"  data-type=gallery data-number-of-columns=4 data-space-between-items=normal data-number-of-items=-1 data-image-proportions=square data-enable-fixed-proportions=no data-enable-image-shadow=no data-category=bacalhau data-orderby=menu_order data-order=ASC data-item-style=standard-shader data-enable-title=yes data-title-tag=h6 data-enable-category=no data-enable-excerpt=no data-excerpt-length=20 data-pagination-type=no-pagination data-filter=yes data-filter-order-by=name data-enable-article-animation=no data-portfolio-slider-on=no data-enable-loop=yes data-enable-autoplay=yes data-slider-speed=5000 data-slider-speed-animation=600 data-enable-navigation=yes data-enable-pagination=yes data-max-num-pages=0 data-next-page=2>\n\t\t<div class=\"edgtf-pl-filter-holder\" >\n\t\t<div class=\"edgtf-plf-inner\">\n\t\t\t\t\t\t\t<ul >\n\t\t\t\t\t<li class=\"edgtf-pl-filter\" data-filter=\"\">\n\t\t\t\t\t\t<span>Ver todos<\/span>\n\t\t\t\t\t<\/li>\n\t\t\t\t\t\t\t\t\t\t\t<li class=\"edgtf-pl-filter\" data-filter=\".portfolio-category-bacalhau-demolhado\">\n\t\t\t\t\t\t\t<span>Bacalhau Demolhado<\/span>\n\t\t\t\t\t\t<\/li>\n\t\t\t\t\t\t\t\t\t\t\t<li class=\"edgtf-pl-filter\" data-filter=\".portfolio-category-bacalhau-ponto-de-sal\">\n\t\t\t\t\t\t\t<span>Bacalhau Ponto de Sal<\/span>\n\t\t\t\t\t\t<\/li>\n\t\t\t\t\t\t\t\t\t\t\t<li class=\"edgtf-pl-filter\" data-filter=\".portfolio-category-bacalhau-salgado\">\n\t\t\t\t\t\t\t<span>Bacalhau Salgado<\/span>\n\t\t\t\t\t\t<\/li>\n\t\t\t\t\t\t\t\t\t<\/ul>\n\t\t\t\t\t<\/div>\n\t<\/div>\n\t<div class=\"edgtf-pl-inner edgtf-outer-space  clearfix\">\n\t\t<article class=\"edgtf-pl-item edgtf-item-space  post-8495 portfolio-item type-portfolio-item status-publish has-post-thumbnail hentry portfolio-category-bacalhau portfolio-category-bacalhau-demolhado\">\n\t<div class=\"edgtf-pl-item-inner\">\n\t\t<div class=\"edgtf-pli-image\">\n\t<img loading=\"lazy\" decoding=\"async\" width=\"550\" height=\"550\" src=\"https:\/\/brasmar.com\/wp-content\/uploads\/2022\/01\/bacalhau-desfiado.jpg\" class=\"attachment-gastrobar_edge_square size-gastrobar_edge_square wp-post-image\" alt=\"\" srcset=\"https:\/\/brasmar.com\/wp-content\/uploads\/2022\/01\/bacalhau-desfiado.jpg 550w, https:\/\/brasmar.com\/wp-content\/uploads\/2022\/01\/bacalhau-desfiado-300x300.jpg 300w, https:\/\/brasmar.com\/wp-content\/uploads\/2022\/01\/bacalhau-desfiado-150x150.jpg 150w\" sizes=\"auto, (max-width: 550px) 100vw, 550px\" \/><\/div>\n<div class=\"edgtf-pli-text-holder\">\n\t<div class=\"edgtf-pli-text-wrapper\">\n\t\t<div class=\"edgtf-pli-text\">\n\t\t\t\t<h6 itemprop=\"name\" class=\"edgtf-pli-title entry-title\" >\n\t\tBacalhau Desfiado Demolhado\t<\/h6>\n\n\t\t\t\n\t\t\t\t\t<\/div>\n\t<\/div>\n<\/div>\t\t\n\t\t<a itemprop=\"url\" class=\"edgtf-pli-link edgtf-block-drag-link\" href=\"https:\/\/brasmar.com\/pt-pt\/produtos\/bacalhau-desfiado-demolhado\" target=\"_self\"><\/a>\n\t<\/div>\n<\/article><article class=\"edgtf-pl-item edgtf-item-space  post-3943 portfolio-item type-portfolio-item status-publish has-post-thumbnail hentry portfolio-category-bacalhau portfolio-category-bacalhau-salgado\">\n\t<div class=\"edgtf-pl-item-inner\">\n\t\t<div class=\"edgtf-pli-image\">\n\t<img loading=\"lazy\" decoding=\"async\" width=\"550\" height=\"550\" src=\"https:\/\/brasmar.com\/wp-content\/uploads\/2021\/11\/bacalhau-salgado-seco-1.jpg\" class=\"attachment-gastrobar_edge_square size-gastrobar_edge_square wp-post-image\" alt=\"\" srcset=\"https:\/\/brasmar.com\/wp-content\/uploads\/2021\/11\/bacalhau-salgado-seco-1.jpg 550w, https:\/\/brasmar.com\/wp-content\/uploads\/2021\/11\/bacalhau-salgado-seco-1-300x300.jpg 300w, https:\/\/brasmar.com\/wp-content\/uploads\/2021\/11\/bacalhau-salgado-seco-1-150x150.jpg 150w\" sizes=\"auto, (max-width: 550px) 100vw, 550px\" \/><\/div>\n<div class=\"edgtf-pli-text-holder\">\n\t<div class=\"edgtf-pli-text-wrapper\">\n\t\t<div class=\"edgtf-pli-text\">\n\t\t\t\t<h6 itemprop=\"name\" class=\"edgtf-pli-title entry-title\" >\n\t\tBacalhau Salgado Seco\t<\/h6>\n\n\t\t\t\n\t\t\t\t\t<\/div>\n\t<\/div>\n<\/div>\t\t\n\t\t<a itemprop=\"url\" class=\"edgtf-pli-link edgtf-block-drag-link\" href=\"https:\/\/brasmar.com\/pt-pt\/produtos\/bacalhau-salgado-seco\" target=\"_self\"><\/a>\n\t<\/div>\n<\/article><article class=\"edgtf-pl-item edgtf-item-space  post-5882 portfolio-item type-portfolio-item status-publish has-post-thumbnail hentry portfolio-category-bacalhau portfolio-category-bacalhau-salgado\">\n\t<div class=\"edgtf-pl-item-inner\">\n\t\t<div class=\"edgtf-pli-image\">\n\t<img loading=\"lazy\" decoding=\"async\" width=\"500\" height=\"500\" src=\"https:\/\/brasmar.com\/wp-content\/uploads\/2021\/12\/bacalhau-seco-cura-amarela.jpg\" class=\"attachment-gastrobar_edge_square size-gastrobar_edge_square wp-post-image\" alt=\"\" srcset=\"https:\/\/brasmar.com\/wp-content\/uploads\/2021\/12\/bacalhau-seco-cura-amarela.jpg 500w, https:\/\/brasmar.com\/wp-content\/uploads\/2021\/12\/bacalhau-seco-cura-amarela-300x300.jpg 300w, https:\/\/brasmar.com\/wp-content\/uploads\/2021\/12\/bacalhau-seco-cura-amarela-150x150.jpg 150w\" sizes=\"auto, (max-width: 500px) 100vw, 500px\" \/><\/div>\n<div class=\"edgtf-pli-text-holder\">\n\t<div class=\"edgtf-pli-text-wrapper\">\n\t\t<div class=\"edgtf-pli-text\">\n\t\t\t\t<h6 itemprop=\"name\" class=\"edgtf-pli-title entry-title\" >\n\t\tBacalhau Salgado Seco Cura Amarela\t<\/h6>\n\n\t\t\t\n\t\t\t\t\t<\/div>\n\t<\/div>\n<\/div>\t\t\n\t\t<a itemprop=\"url\" class=\"edgtf-pli-link edgtf-block-drag-link\" href=\"https:\/\/brasmar.com\/pt-pt\/produtos\/bacalhau-salgado-seco-cura-amarela\" target=\"_self\"><\/a>\n\t<\/div>\n<\/article><article class=\"edgtf-pl-item edgtf-item-space  post-5988 portfolio-item type-portfolio-item status-publish has-post-thumbnail hentry portfolio-category-bacalhau portfolio-category-bacalhau-salgado\">\n\t<div class=\"edgtf-pl-item-inner\">\n\t\t<div class=\"edgtf-pli-image\">\n\t<img loading=\"lazy\" decoding=\"async\" width=\"550\" height=\"550\" src=\"https:\/\/brasmar.com\/wp-content\/uploads\/2021\/11\/caras-salgado-bacalhau-550x550.jpg\" class=\"attachment-gastrobar_edge_square size-gastrobar_edge_square wp-post-image\" alt=\"\" srcset=\"https:\/\/brasmar.com\/wp-content\/uploads\/2021\/11\/caras-salgado-bacalhau-550x550.jpg 550w, https:\/\/brasmar.com\/wp-content\/uploads\/2021\/11\/caras-salgado-bacalhau-300x300.jpg 300w, https:\/\/brasmar.com\/wp-content\/uploads\/2021\/11\/caras-salgado-bacalhau-1024x1024.jpg 1024w, https:\/\/brasmar.com\/wp-content\/uploads\/2021\/11\/caras-salgado-bacalhau-150x150.jpg 150w, https:\/\/brasmar.com\/wp-content\/uploads\/2021\/11\/caras-salgado-bacalhau-768x768.jpg 768w, https:\/\/brasmar.com\/wp-content\/uploads\/2021\/11\/caras-salgado-bacalhau-1536x1536.jpg 1536w, https:\/\/brasmar.com\/wp-content\/uploads\/2021\/11\/caras-salgado-bacalhau-1100x1100.jpg 1100w\" sizes=\"auto, (max-width: 550px) 100vw, 550px\" \/><\/div>\n<div class=\"edgtf-pli-text-holder\">\n\t<div class=\"edgtf-pli-text-wrapper\">\n\t\t<div class=\"edgtf-pli-text\">\n\t\t\t\t<h6 itemprop=\"name\" class=\"edgtf-pli-title entry-title\" >\n\t\tCaras de Bacalhau Salgado Verde\t<\/h6>\n\n\t\t\t\n\t\t\t\t\t<\/div>\n\t<\/div>\n<\/div>\t\t\n\t\t<a itemprop=\"url\" class=\"edgtf-pli-link edgtf-block-drag-link\" href=\"https:\/\/brasmar.com\/pt-pt\/produtos\/caras-de-bacalhau-salgado-verde\" target=\"_self\"><\/a>\n\t<\/div>\n<\/article><article class=\"edgtf-pl-item edgtf-item-space  post-5978 portfolio-item type-portfolio-item status-publish has-post-thumbnail hentry portfolio-category-bacalhau portfolio-category-bacalhau-ponto-de-sal\">\n\t<div class=\"edgtf-pl-item-inner\">\n\t\t<div class=\"edgtf-pli-image\">\n\t<img loading=\"lazy\" decoding=\"async\" width=\"500\" height=\"500\" src=\"https:\/\/brasmar.com\/wp-content\/uploads\/2021\/12\/filetes-bacalhau-ponto-sal.jpg\" class=\"attachment-gastrobar_edge_square size-gastrobar_edge_square wp-post-image\" alt=\"\" srcset=\"https:\/\/brasmar.com\/wp-content\/uploads\/2021\/12\/filetes-bacalhau-ponto-sal.jpg 500w, https:\/\/brasmar.com\/wp-content\/uploads\/2021\/12\/filetes-bacalhau-ponto-sal-300x300.jpg 300w, https:\/\/brasmar.com\/wp-content\/uploads\/2021\/12\/filetes-bacalhau-ponto-sal-150x150.jpg 150w\" sizes=\"auto, (max-width: 500px) 100vw, 500px\" \/><\/div>\n<div class=\"edgtf-pli-text-holder\">\n\t<div class=\"edgtf-pli-text-wrapper\">\n\t\t<div class=\"edgtf-pli-text\">\n\t\t\t\t<h6 itemprop=\"name\" class=\"edgtf-pli-title entry-title\" >\n\t\tFiletes de Bacalhau Ponto de Sal\t<\/h6>\n\n\t\t\t\n\t\t\t\t\t<\/div>\n\t<\/div>\n<\/div>\t\t\n\t\t<a itemprop=\"url\" class=\"edgtf-pli-link edgtf-block-drag-link\" href=\"https:\/\/brasmar.com\/pt-pt\/produtos\/bacalhau-ponto-de-sal\" target=\"_self\"><\/a>\n\t<\/div>\n<\/article><article class=\"edgtf-pl-item edgtf-item-space  post-5989 portfolio-item type-portfolio-item status-publish has-post-thumbnail hentry portfolio-category-bacalhau portfolio-category-bacalhau-salgado\">\n\t<div class=\"edgtf-pl-item-inner\">\n\t\t<div class=\"edgtf-pli-image\">\n\t<img loading=\"lazy\" decoding=\"async\" width=\"550\" height=\"550\" src=\"https:\/\/brasmar.com\/wp-content\/uploads\/2021\/12\/linguas-bacalhau-salmoura.jpg\" class=\"attachment-gastrobar_edge_square size-gastrobar_edge_square wp-post-image\" alt=\"\" srcset=\"https:\/\/brasmar.com\/wp-content\/uploads\/2021\/12\/linguas-bacalhau-salmoura.jpg 550w, https:\/\/brasmar.com\/wp-content\/uploads\/2021\/12\/linguas-bacalhau-salmoura-300x300.jpg 300w, https:\/\/brasmar.com\/wp-content\/uploads\/2021\/12\/linguas-bacalhau-salmoura-150x150.jpg 150w\" sizes=\"auto, (max-width: 550px) 100vw, 550px\" \/><\/div>\n<div class=\"edgtf-pli-text-holder\">\n\t<div class=\"edgtf-pli-text-wrapper\">\n\t\t<div class=\"edgtf-pli-text\">\n\t\t\t\t<h6 itemprop=\"name\" class=\"edgtf-pli-title entry-title\" >\n\t\tL\u00ednguas de Bacalhau em Salmoura\t<\/h6>\n\n\t\t\t\n\t\t\t\t\t<\/div>\n\t<\/div>\n<\/div>\t\t\n\t\t<a itemprop=\"url\" class=\"edgtf-pli-link edgtf-block-drag-link\" href=\"https:\/\/brasmar.com\/pt-pt\/produtos\/linguas-de-bacalhau-salmoura\" target=\"_self\"><\/a>\n\t<\/div>\n<\/article><article class=\"edgtf-pl-item edgtf-item-space  post-4354 portfolio-item type-portfolio-item status-publish has-post-thumbnail hentry portfolio-category-bacalhau portfolio-category-bacalhau-demolhado\">\n\t<div class=\"edgtf-pl-item-inner\">\n\t\t<div class=\"edgtf-pli-image\">\n\t<img loading=\"lazy\" decoding=\"async\" width=\"550\" height=\"550\" src=\"https:\/\/brasmar.com\/wp-content\/uploads\/2021\/11\/lombo-centro-bacalhau-demolhado-brasmar-tradicao.jpg\" class=\"attachment-gastrobar_edge_square size-gastrobar_edge_square wp-post-image\" alt=\"\" srcset=\"https:\/\/brasmar.com\/wp-content\/uploads\/2021\/11\/lombo-centro-bacalhau-demolhado-brasmar-tradicao.jpg 550w, https:\/\/brasmar.com\/wp-content\/uploads\/2021\/11\/lombo-centro-bacalhau-demolhado-brasmar-tradicao-300x300.jpg 300w, https:\/\/brasmar.com\/wp-content\/uploads\/2021\/11\/lombo-centro-bacalhau-demolhado-brasmar-tradicao-150x150.jpg 150w\" sizes=\"auto, (max-width: 550px) 100vw, 550px\" \/><\/div>\n<div class=\"edgtf-pli-text-holder\">\n\t<div class=\"edgtf-pli-text-wrapper\">\n\t\t<div class=\"edgtf-pli-text\">\n\t\t\t\t<h6 itemprop=\"name\" class=\"edgtf-pli-title entry-title\" >\n\t\tLombo de Bacalhau Demolhado\t<\/h6>\n\n\t\t\t\n\t\t\t\t\t<\/div>\n\t<\/div>\n<\/div>\t\t\n\t\t<a itemprop=\"url\" class=\"edgtf-pli-link edgtf-block-drag-link\" href=\"https:\/\/brasmar.com\/pt-pt\/produtos\/lombo-bacalhau-demolhado\" target=\"_self\"><\/a>\n\t<\/div>\n<\/article><article class=\"edgtf-pl-item edgtf-item-space  post-5992 portfolio-item type-portfolio-item status-publish has-post-thumbnail hentry portfolio-category-bacalhau portfolio-category-bacalhau-ponto-de-sal\">\n\t<div class=\"edgtf-pl-item-inner\">\n\t\t<div class=\"edgtf-pli-image\">\n\t<img loading=\"lazy\" decoding=\"async\" width=\"550\" height=\"550\" src=\"https:\/\/brasmar.com\/wp-content\/uploads\/2021\/12\/bacalhau-ponto-sal-lombos.jpg\" class=\"attachment-gastrobar_edge_square size-gastrobar_edge_square wp-post-image\" alt=\"\" srcset=\"https:\/\/brasmar.com\/wp-content\/uploads\/2021\/12\/bacalhau-ponto-sal-lombos.jpg 550w, https:\/\/brasmar.com\/wp-content\/uploads\/2021\/12\/bacalhau-ponto-sal-lombos-300x300.jpg 300w, https:\/\/brasmar.com\/wp-content\/uploads\/2021\/12\/bacalhau-ponto-sal-lombos-150x150.jpg 150w\" sizes=\"auto, (max-width: 550px) 100vw, 550px\" \/><\/div>\n<div class=\"edgtf-pli-text-holder\">\n\t<div class=\"edgtf-pli-text-wrapper\">\n\t\t<div class=\"edgtf-pli-text\">\n\t\t\t\t<h6 itemprop=\"name\" class=\"edgtf-pli-title entry-title\" >\n\t\tLombos de Bacalhau Ponto de Sal\t<\/h6>\n\n\t\t\t\n\t\t\t\t\t<\/div>\n\t<\/div>\n<\/div>\t\t\n\t\t<a itemprop=\"url\" class=\"edgtf-pli-link edgtf-block-drag-link\" href=\"https:\/\/brasmar.com\/pt-pt\/produtos\/lombos-de-bacalhau-ponto-de-sal\" target=\"_self\"><\/a>\n\t<\/div>\n<\/article><article class=\"edgtf-pl-item edgtf-item-space  post-4352 portfolio-item type-portfolio-item status-publish has-post-thumbnail hentry portfolio-category-bacalhau portfolio-category-bacalhau-ponto-de-sal\">\n\t<div class=\"edgtf-pl-item-inner\">\n\t\t<div class=\"edgtf-pli-image\">\n\t<img loading=\"lazy\" decoding=\"async\" width=\"550\" height=\"550\" src=\"https:\/\/brasmar.com\/wp-content\/uploads\/2021\/11\/bacalhau-desfiado-demolhado-brasmar.jpg\" class=\"attachment-gastrobar_edge_square size-gastrobar_edge_square wp-post-image\" alt=\"\" srcset=\"https:\/\/brasmar.com\/wp-content\/uploads\/2021\/11\/bacalhau-desfiado-demolhado-brasmar.jpg 550w, https:\/\/brasmar.com\/wp-content\/uploads\/2021\/11\/bacalhau-desfiado-demolhado-brasmar-300x300.jpg 300w, https:\/\/brasmar.com\/wp-content\/uploads\/2021\/11\/bacalhau-desfiado-demolhado-brasmar-150x150.jpg 150w\" sizes=\"auto, (max-width: 550px) 100vw, 550px\" \/><\/div>\n<div class=\"edgtf-pli-text-holder\">\n\t<div class=\"edgtf-pli-text-wrapper\">\n\t\t<div class=\"edgtf-pli-text\">\n\t\t\t\t<h6 itemprop=\"name\" class=\"edgtf-pli-title entry-title\" >\n\t\tMigas de Bacalhau Ponto de Sal\t<\/h6>\n\n\t\t\t\n\t\t\t\t\t<\/div>\n\t<\/div>\n<\/div>\t\t\n\t\t<a itemprop=\"url\" class=\"edgtf-pli-link edgtf-block-drag-link\" href=\"https:\/\/brasmar.com\/pt-pt\/produtos\/migas-bacalhau-ponto-sal\" target=\"_self\"><\/a>\n\t<\/div>\n<\/article><article class=\"edgtf-pl-item edgtf-item-space  post-5985 portfolio-item type-portfolio-item status-publish has-post-thumbnail hentry portfolio-category-bacalhau portfolio-category-bacalhau-salgado\">\n\t<div class=\"edgtf-pl-item-inner\">\n\t\t<div class=\"edgtf-pli-image\">\n\t<img loading=\"lazy\" decoding=\"async\" width=\"550\" height=\"550\" src=\"https:\/\/brasmar.com\/wp-content\/uploads\/2021\/12\/bacalhau-salgado-seco-migas.jpg\" class=\"attachment-gastrobar_edge_square size-gastrobar_edge_square wp-post-image\" alt=\"\" srcset=\"https:\/\/brasmar.com\/wp-content\/uploads\/2021\/12\/bacalhau-salgado-seco-migas.jpg 550w, https:\/\/brasmar.com\/wp-content\/uploads\/2021\/12\/bacalhau-salgado-seco-migas-300x300.jpg 300w, https:\/\/brasmar.com\/wp-content\/uploads\/2021\/12\/bacalhau-salgado-seco-migas-150x150.jpg 150w\" sizes=\"auto, (max-width: 550px) 100vw, 550px\" \/><\/div>\n<div class=\"edgtf-pli-text-holder\">\n\t<div class=\"edgtf-pli-text-wrapper\">\n\t\t<div class=\"edgtf-pli-text\">\n\t\t\t\t<h6 itemprop=\"name\" class=\"edgtf-pli-title entry-title\" >\n\t\tMigas de Bacalhau Salgado Seco\t<\/h6>\n\n\t\t\t\n\t\t\t\t\t<\/div>\n\t<\/div>\n<\/div>\t\t\n\t\t<a itemprop=\"url\" class=\"edgtf-pli-link edgtf-block-drag-link\" href=\"https:\/\/brasmar.com\/pt-pt\/produtos\/migas-bacalhau-salgado-seco\" target=\"_self\"><\/a>\n\t<\/div>\n<\/article><article class=\"edgtf-pl-item edgtf-item-space  post-4353 portfolio-item type-portfolio-item status-publish has-post-thumbnail hentry portfolio-category-bacalhau\">\n\t<div class=\"edgtf-pl-item-inner\">\n\t\t<div class=\"edgtf-pli-image\">\n\t<img loading=\"lazy\" decoding=\"async\" width=\"550\" height=\"550\" src=\"https:\/\/brasmar.com\/wp-content\/uploads\/2021\/11\/migas-paloco-demolhado-brasmar.jpg\" class=\"attachment-gastrobar_edge_square size-gastrobar_edge_square wp-post-image\" alt=\"\" srcset=\"https:\/\/brasmar.com\/wp-content\/uploads\/2021\/11\/migas-paloco-demolhado-brasmar.jpg 550w, https:\/\/brasmar.com\/wp-content\/uploads\/2021\/11\/migas-paloco-demolhado-brasmar-300x300.jpg 300w, https:\/\/brasmar.com\/wp-content\/uploads\/2021\/11\/migas-paloco-demolhado-brasmar-150x150.jpg 150w\" sizes=\"auto, (max-width: 550px) 100vw, 550px\" \/><\/div>\n<div class=\"edgtf-pli-text-holder\">\n\t<div class=\"edgtf-pli-text-wrapper\">\n\t\t<div class=\"edgtf-pli-text\">\n\t\t\t\t<h6 itemprop=\"name\" class=\"edgtf-pli-title entry-title\" >\n\t\tMigas Paloco do Pac\u00edfico\t<\/h6>\n\n\t\t\t\n\t\t\t\t\t<\/div>\n\t<\/div>\n<\/div>\t\t\n\t\t<a itemprop=\"url\" class=\"edgtf-pli-link edgtf-block-drag-link\" href=\"https:\/\/brasmar.com\/pt-pt\/produtos\/migas-paloco-pacifico\" target=\"_self\"><\/a>\n\t<\/div>\n<\/article><article class=\"edgtf-pl-item edgtf-item-space  post-5987 portfolio-item type-portfolio-item status-publish has-post-thumbnail hentry portfolio-category-bacalhau portfolio-category-bacalhau-salgado\">\n\t<div class=\"edgtf-pl-item-inner\">\n\t\t<div class=\"edgtf-pli-image\">\n\t<img loading=\"lazy\" decoding=\"async\" width=\"550\" height=\"550\" src=\"https:\/\/brasmar.com\/wp-content\/uploads\/2021\/12\/sames-bacalhau-salmoura.jpg\" class=\"attachment-gastrobar_edge_square size-gastrobar_edge_square wp-post-image\" alt=\"\" srcset=\"https:\/\/brasmar.com\/wp-content\/uploads\/2021\/12\/sames-bacalhau-salmoura.jpg 550w, https:\/\/brasmar.com\/wp-content\/uploads\/2021\/12\/sames-bacalhau-salmoura-300x300.jpg 300w, https:\/\/brasmar.com\/wp-content\/uploads\/2021\/12\/sames-bacalhau-salmoura-150x150.jpg 150w\" sizes=\"auto, (max-width: 550px) 100vw, 550px\" \/><\/div>\n<div class=\"edgtf-pli-text-holder\">\n\t<div class=\"edgtf-pli-text-wrapper\">\n\t\t<div class=\"edgtf-pli-text\">\n\t\t\t\t<h6 itemprop=\"name\" class=\"edgtf-pli-title entry-title\" >\n\t\tSames de Bacalhau em Salmoura\t<\/h6>\n\n\t\t\t\n\t\t\t\t\t<\/div>\n\t<\/div>\n<\/div>\t\t\n\t\t<a itemprop=\"url\" class=\"edgtf-pli-link edgtf-block-drag-link\" href=\"https:\/\/brasmar.com\/pt-pt\/produtos\/sames-de-bacalhau-salmoura\" target=\"_self\"><\/a>\n\t<\/div>\n<\/article><article class=\"edgtf-pl-item edgtf-item-space  post-4360 portfolio-item type-portfolio-item status-publish has-post-thumbnail hentry portfolio-category-bacalhau portfolio-category-bacalhau-demolhado\">\n\t<div class=\"edgtf-pl-item-inner\">\n\t\t<div class=\"edgtf-pli-image\">\n\t<img loading=\"lazy\" decoding=\"async\" width=\"550\" height=\"550\" src=\"https:\/\/brasmar.com\/wp-content\/uploads\/2021\/11\/bacalhau-demolhado-posta.jpg\" class=\"attachment-gastrobar_edge_square size-gastrobar_edge_square wp-post-image\" alt=\"\" srcset=\"https:\/\/brasmar.com\/wp-content\/uploads\/2021\/11\/bacalhau-demolhado-posta.jpg 550w, https:\/\/brasmar.com\/wp-content\/uploads\/2021\/11\/bacalhau-demolhado-posta-300x300.jpg 300w, https:\/\/brasmar.com\/wp-content\/uploads\/2021\/11\/bacalhau-demolhado-posta-150x150.jpg 150w\" sizes=\"auto, (max-width: 550px) 100vw, 550px\" \/><\/div>\n<div class=\"edgtf-pli-text-holder\">\n\t<div class=\"edgtf-pli-text-wrapper\">\n\t\t<div class=\"edgtf-pli-text\">\n\t\t\t\t<h6 itemprop=\"name\" class=\"edgtf-pli-title entry-title\" >\n\t\tPosta de Bacalhau Demolhado\t<\/h6>\n\n\t\t\t\n\t\t\t\t\t<\/div>\n\t<\/div>\n<\/div>\t\t\n\t\t<a itemprop=\"url\" class=\"edgtf-pli-link edgtf-block-drag-link\" href=\"https:\/\/brasmar.com\/pt-pt\/produtos\/posta-de-bacalhau-demolhado\" target=\"_self\"><\/a>\n\t<\/div>\n<\/article><article class=\"edgtf-pl-item edgtf-item-space  post-9618 portfolio-item type-portfolio-item status-publish has-post-thumbnail hentry portfolio-category-bacalhau\">\n\t<div class=\"edgtf-pl-item-inner\">\n\t\t<div class=\"edgtf-pli-image\">\n\t<img loading=\"lazy\" decoding=\"async\" width=\"550\" height=\"550\" src=\"https:\/\/brasmar.com\/wp-content\/uploads\/2022\/01\/ovas-bacalhau-brasmar.jpg\" class=\"attachment-gastrobar_edge_square size-gastrobar_edge_square wp-post-image\" alt=\"\" srcset=\"https:\/\/brasmar.com\/wp-content\/uploads\/2022\/01\/ovas-bacalhau-brasmar.jpg 550w, https:\/\/brasmar.com\/wp-content\/uploads\/2022\/01\/ovas-bacalhau-brasmar-300x300.jpg 300w, https:\/\/brasmar.com\/wp-content\/uploads\/2022\/01\/ovas-bacalhau-brasmar-150x150.jpg 150w\" sizes=\"auto, (max-width: 550px) 100vw, 550px\" \/><\/div>\n<div class=\"edgtf-pli-text-holder\">\n\t<div class=\"edgtf-pli-text-wrapper\">\n\t\t<div class=\"edgtf-pli-text\">\n\t\t\t\t<h6 itemprop=\"name\" class=\"edgtf-pli-title entry-title\" >\n\t\tOvas de Bacalhau\t<\/h6>\n\n\t\t\t\n\t\t\t\t\t<\/div>\n\t<\/div>\n<\/div>\t\t\n\t\t<a itemprop=\"url\" class=\"edgtf-pli-link edgtf-block-drag-link\" href=\"https:\/\/brasmar.com\/pt-pt\/produtos\/ovas-de-bacalhau\" target=\"_self\"><\/a>\n\t<\/div>\n<\/article>\t<\/div>\n\t\n\t<\/div>[vc_empty_space height=&#8221;30px&#8221;][\/vc_column][\/vc_row][vc_row][vc_column][vc_empty_space height=&#8221;60px&#8221;][\/vc_column][\/vc_row][vc_row][vc_column][vc_cta h2=&#8221;Aceda aqui aos nossos cat\u00e1logos de Bacalhau!&#8221; h2_font_container=&#8221;font_size:20|color:%23001832&#8243; h2_use_theme_fonts=&#8221;yes&#8221; txt_align=&#8221;center&#8221; shape=&#8221;square&#8221; style=&#8221;flat&#8221; el_width=&#8221;xs&#8221; add_button=&#8221;bottom&#8221; btn_title=&#8221;Download&#8221; btn_style=&#8221;outline&#8221; btn_shape=&#8221;square&#8221; btn_color=&#8221;primary&#8221; btn_align=&#8221;center&#8221; btn_i_icon_fontawesome=&#8221;fa fa-arrow-circle-o-down&#8221; use_custom_fonts_h2=&#8221;true&#8221; btn_add_icon=&#8221;true&#8221; btn_link=&#8221;url:https%3A%2F%2Fbrasmar.com%2Fwp-content%2Fuploads%2F2022%2F01%2Fcatalogo_bacalhau_2022_PT-UK.pdf|title:Cat%C3%A1logos|target:%20_blank|&#8221; h2_link=&#8221;url:https%3A%2F%2Fbrasmar.com%2Fwp-content%2Fuploads%2F2022%2F01%2Fcatalogo_bacalhau_2022_PT-UK.pdf|title:Cat%C3%A1logos|target:%20_blank|&#8221;][\/vc_cta][\/vc_column][\/vc_row][vc_row][vc_column][vc_empty_space height=&#8221;100px&#8221;][\/vc_column][\/vc_row][vc_row][vc_column][vc_column_text]<\/p>\n<h1 style=\"text-align: center;\"><span style=\"font-size: 30px;\"><span style=\"font-family: Barlow;\">Veja Tamb\u00e9m<\/span><\/span><\/h1>\n<p>[\/vc_column_text][\/vc_column][\/vc_row][vc_row][vc_column][vc_empty_space height=&#8221;40px&#8221;][\/vc_column][\/vc_row][vc_row row_content_width=&#8221;grid&#8221;][vc_column width=&#8221;1\/2&#8243;][vc_raw_html]JTNDYSUyMGhyZWYlM0QlMjJodHRwcyUzQSUyRiUyRmJyYXNtYXIuY29tJTJGcHQtcHQlMkZyZWNlaXRhcyUyMiUzRSUzQ2RpdiUyMGNsYXNzJTNEJTIydmVqYXRhbWJlbS1sZWZ0LXJlY2VpdGFzLXB0JTIyJTNFJTBBJTNDcCUyMGNsYXNzJTNEJTIyYm90dG9tLWxlZnQlMjIlM0VBcyUyMG5vc3NhcyUyMHJlY2VpdGFzJTNDJTJGcCUzRSUwQSUzQyUyRmRpdiUzRSUwQSUzQyUyRmElM0U=[\/vc_raw_html][\/vc_column][vc_column width=&#8221;1\/2&#8243;][vc_raw_html]JTNDYSUyMGhyZWYlM0QlMjJodHRwcyUzQSUyRiUyRmJyYXNtYXIuY29tJTJGcHQtcHQlMkZhLW1hcmNhJTIyJTNFJTNDZGl2JTIwY2xhc3MlM0QlMjJ2ZWphdGFtYmVtLXJpZ2h0LW1hcmNhLXB0JTIyJTNFJTBBJTNDcCUyMGNsYXNzJTNEJTIyYm90dG9tLWxlZnQlMjIlM0VTYWliYSUyMG1haXMlMjBzb2JyZSUyMGElMjBCcmFzbWFyJTNDJTJGcCUzRSUwQSUzQyUyRmRpdiUzRSUwQSUzQyUyRmElM0U=[\/vc_raw_html][\/vc_column][\/vc_row][vc_row][vc_column][vc_empty_space height=&#8221;70px&#8221;][\/vc_column][\/vc_row]<\/p>\n<\/div>","protected":false},"excerpt":{"rendered":"<p>[vc_row full_width=&#8221;stretch_row_content&#8221;][vc_column offset=&#8221;vc_hidden-xs&#8221;][vc_single_image image=&#8221;4009&#8243; img_size=&#8221;full&#8221; alignment=&#8221;center&#8221;][\/vc_column][\/vc_row][vc_row full_width=&#8221;stretch_row_content&#8221;][vc_column offset=&#8221;vc_hidden-lg vc_hidden-md vc_hidden-sm&#8221;][vc_single_image image=&#8221;5488&#8243; img_size=&#8221;full&#8221; alignment=&#8221;center&#8221;][\/vc_column][\/vc_row][vc_row gap=&#8221;10&#8243; row_content_width=&#8221;grid&#8221;][vc_column [&hellip;]<\/p>\n","protected":false},"author":1,"featured_media":0,"parent":0,"menu_order":55,"comment_status":"closed","ping_status":"closed","template":"full-width.php","meta":{"_seopress_robots_primary_cat":"0","_seopress_titles_title":"","_seopress_titles_desc":"Dispomos de uma diversa sele\u00e7\u00e3o de esp\u00e9cies de Bacalhau, dispon\u00edveis em diferentes formatos, cortes e tipos de apresenta\u00e7\u00e3o.","_seopress_robots_index":"","cybocfi_hide_featured_image":"","footnotes":""},"class_list":["post-3201","page","type-page","status-publish","hentry"],"_links":{"self":[{"href":"https:\/\/brasmar.com\/pt-pt\/wp-json\/wp\/v2\/pages\/3201","targetHints":{"allow":["GET"]}}],"collection":[{"href":"https:\/\/brasmar.com\/pt-pt\/wp-json\/wp\/v2\/pages"}],"about":[{"href":"https:\/\/brasmar.com\/pt-pt\/wp-json\/wp\/v2\/types\/page"}],"author":[{"embeddable":true,"href":"https:\/\/brasmar.com\/pt-pt\/wp-json\/wp\/v2\/users\/1"}],"replies":[{"embeddable":true,"href":"https:\/\/brasmar.com\/pt-pt\/wp-json\/wp\/v2\/comments?post=3201"}],"version-history":[{"count":37,"href":"https:\/\/brasmar.com\/pt-pt\/wp-json\/wp\/v2\/pages\/3201\/revisions"}],"predecessor-version":[{"id":19427,"href":"https:\/\/brasmar.com\/pt-pt\/wp-json\/wp\/v2\/pages\/3201\/revisions\/19427"}],"wp:attachment":[{"href":"https:\/\/brasmar.com\/pt-pt\/wp-json\/wp\/v2\/media?parent=3201"}],"curies":[{"name":"wp","href":"https:\/\/api.w.org\/{rel}","templated":true}]}}