{"id":3226,"date":"2021-10-26T14:37:13","date_gmt":"2021-10-26T14:37:13","guid":{"rendered":"https:\/\/brasmar.maccao.es\/?page_id=3226"},"modified":"2025-12-29T09:36:55","modified_gmt":"2025-12-29T09:36:55","slug":"polvo","status":"publish","type":"page","link":"https:\/\/brasmar.com\/pt-pt\/polvo","title":{"rendered":"Polvo"},"content":{"rendered":"<div class=\"wpb-content-wrapper\"><p>[vc_row full_width=&#8221;stretch_row_content&#8221;][vc_column offset=&#8221;vc_hidden-xs&#8221;][vc_single_image image=&#8221;4569&#8243; img_size=&#8221;full&#8221; alignment=&#8221;center&#8221;][\/vc_column][\/vc_row][vc_row full_width=&#8221;stretch_row_content&#8221;][vc_column offset=&#8221;vc_hidden-lg vc_hidden-md vc_hidden-sm&#8221;][vc_single_image image=&#8221;5485&#8243; img_size=&#8221;full&#8221; alignment=&#8221;center&#8221;][\/vc_column][\/vc_row][vc_row gap=&#8221;10&#8243; row_content_width=&#8221;grid&#8221;][vc_column width=&#8221;1\/4&#8243;][\/vc_column][vc_column width=&#8221;1\/2&#8243;][vc_empty_space height=&#8221;40px&#8221;]<div class=\"edgtf-section-title-holder   edgtf-st-custom-size\" style=\"text-align: center\">\n\t<div class=\"edgtf-st-inner\">\n\t\t\t\t\t\t\t<h1 class=\"edgtf-st-title \" style=\"font-size: 42px\">\n\t\t\t\tPolvo\t\t\t<\/h1>\n\t\t\t\t\t<\/div>\n<\/div>[vc_column_text]<\/p>\n<h2 style=\"text-align: center;\"><span style=\"font-family: 'Reenie Beanie'; text-transform: none; font-size: 30px; font-weight: 400;\">O melhor polvo da melhor origem<\/span><\/h2>\n<p>[\/vc_column_text][vc_empty_space height=&#8221;30px&#8221;][vc_column_text]Oferecemos uma ampla e diversa sele\u00e7\u00e3o de polvo, com caracter\u00edsticas \u00fanicas quanto ao perfil de sabor e textura. Dispomos de diferentes calibres, formatos e tipos de apresenta\u00e7\u00e3o, em fun\u00e7\u00e3o das necessidades espec\u00edficas de cada cliente.[\/vc_column_text][vc_empty_space][\/vc_column][vc_column width=&#8221;1\/4&#8243; offset=&#8221;vc_hidden-lg vc_hidden-md vc_hidden-sm vc_hidden-xs&#8221;][vc_empty_space][vc_empty_space][\/vc_column][\/vc_row][vc_row][vc_column][vc_empty_space][\/vc_column][\/vc_row][vc_row row_content_width=&#8221;grid&#8221;][vc_column]<div class=\"edgtf-portfolio-list-holder edgtf-pl-gallery edgtf-small-space edgtf-pl-three-columns edgtf-pl-standard-shader    edgtf-pl-pag-no-pagination edgtf-pl-has-filter edgtf-pl-has-animation   \"  data-type=gallery data-number-of-columns=3 data-space-between-items=small data-number-of-items=-1 data-image-proportions=full data-enable-fixed-proportions=no data-enable-image-shadow=no data-category=polvo data-orderby=menu_order data-order=ASC data-item-style=standard-shader data-enable-title=yes data-title-tag=h3 data-enable-category=no data-enable-excerpt=yes data-excerpt-length=300 data-pagination-type=no-pagination data-filter=yes data-filter-order-by=name data-enable-article-animation=yes data-portfolio-slider-on=no data-enable-loop=yes data-enable-autoplay=yes data-slider-speed=5000 data-slider-speed-animation=600 data-enable-navigation=yes data-enable-pagination=yes data-max-num-pages=0 data-next-page=2>\n\t\t<div class=\"edgtf-pl-filter-holder\" >\n\t\t<div class=\"edgtf-plf-inner\">\n\t\t\t\t\t\t\t<ul >\n\t\t\t\t\t<li class=\"edgtf-pl-filter\" data-filter=\"\">\n\t\t\t\t\t\t<span>Ver todos<\/span>\n\t\t\t\t\t<\/li>\n\t\t\t\t\t\t\t\t\t\t\t<li class=\"edgtf-pl-filter\" data-filter=\".portfolio-category-polvo-cozido\">\n\t\t\t\t\t\t\t<span>Polvo Cozido<\/span>\n\t\t\t\t\t\t<\/li>\n\t\t\t\t\t\t\t\t\t\t\t<li class=\"edgtf-pl-filter\" data-filter=\".portfolio-category-polvo-limpo\">\n\t\t\t\t\t\t\t<span>Polvo Limpo<\/span>\n\t\t\t\t\t\t<\/li>\n\t\t\t\t\t\t\t\t\t<\/ul>\n\t\t\t\t\t<\/div>\n\t<\/div>\n\t<div class=\"edgtf-pl-inner edgtf-outer-space  clearfix\">\n\t\t<article class=\"edgtf-pl-item edgtf-item-space  post-11464 portfolio-item type-portfolio-item status-publish has-post-thumbnail hentry portfolio-category-polvo portfolio-category-polvo-cozido\">\n\t<div class=\"edgtf-pl-item-inner\">\n\t\t<div class=\"edgtf-pli-image\">\n\t<img loading=\"lazy\" decoding=\"async\" width=\"2293\" height=\"2293\" src=\"https:\/\/brasmar.com\/wp-content\/uploads\/2022\/02\/polvo-cozido-inteiro-brasmar.jpg\" class=\"attachment-full size-full wp-post-image\" alt=\"\" srcset=\"https:\/\/brasmar.com\/wp-content\/uploads\/2022\/02\/polvo-cozido-inteiro-brasmar.jpg 2293w, https:\/\/brasmar.com\/wp-content\/uploads\/2022\/02\/polvo-cozido-inteiro-brasmar-300x300.jpg 300w, https:\/\/brasmar.com\/wp-content\/uploads\/2022\/02\/polvo-cozido-inteiro-brasmar-1024x1024.jpg 1024w, https:\/\/brasmar.com\/wp-content\/uploads\/2022\/02\/polvo-cozido-inteiro-brasmar-150x150.jpg 150w, https:\/\/brasmar.com\/wp-content\/uploads\/2022\/02\/polvo-cozido-inteiro-brasmar-768x768.jpg 768w, https:\/\/brasmar.com\/wp-content\/uploads\/2022\/02\/polvo-cozido-inteiro-brasmar-1536x1536.jpg 1536w, https:\/\/brasmar.com\/wp-content\/uploads\/2022\/02\/polvo-cozido-inteiro-brasmar-550x550.jpg 550w, https:\/\/brasmar.com\/wp-content\/uploads\/2022\/02\/polvo-cozido-inteiro-brasmar-1100x1100.jpg 1100w\" sizes=\"auto, (max-width: 2293px) 100vw, 2293px\" \/><\/div>\n<div class=\"edgtf-pli-text-holder\">\n\t<div class=\"edgtf-pli-text-wrapper\">\n\t\t<div class=\"edgtf-pli-text\">\n\t\t\t\t<h3 itemprop=\"name\" class=\"edgtf-pli-title entry-title\" >\n\t\tPolvo Cozido Inteiro\t<\/h3>\n\n\t\t\t\n\t\t\t\t<p itemprop=\"description\" class=\"edgtf-pli-excerpt\">[vc_row content_placement=&#8221;top&#8221;][vc_column offset=&#8221;vc_hidden-xs&#8221;][vc_empty_space height=&#8221;40px&#8221;][\/vc_column][\/vc_row][vc_row content_placement=&#8221;top&#8221; row_content_width=&#8221;grid&#8221; css=&#8221;.vc_custom_1637946952752{margin-top: 0px !important;marg<\/p>\n\t\t<\/div>\n\t<\/div>\n<\/div>\t\t\n\t\t<a itemprop=\"url\" class=\"edgtf-pli-link edgtf-block-drag-link\" href=\"https:\/\/brasmar.com\/pt-pt\/produtos\/polvo-cozido-inteiro\" target=\"_self\"><\/a>\n\t<\/div>\n<\/article><article class=\"edgtf-pl-item edgtf-item-space  post-3926 portfolio-item type-portfolio-item status-publish has-post-thumbnail hentry portfolio-category-polvo portfolio-category-polvo-cozido\">\n\t<div class=\"edgtf-pl-item-inner\">\n\t\t<div class=\"edgtf-pli-image\">\n\t<img loading=\"lazy\" decoding=\"async\" width=\"550\" height=\"550\" src=\"https:\/\/brasmar.com\/wp-content\/uploads\/2021\/11\/polvo-cozido-skin.jpg\" class=\"attachment-full size-full wp-post-image\" alt=\"\" srcset=\"https:\/\/brasmar.com\/wp-content\/uploads\/2021\/11\/polvo-cozido-skin.jpg 550w, https:\/\/brasmar.com\/wp-content\/uploads\/2021\/11\/polvo-cozido-skin-300x300.jpg 300w, https:\/\/brasmar.com\/wp-content\/uploads\/2021\/11\/polvo-cozido-skin-150x150.jpg 150w\" sizes=\"auto, (max-width: 550px) 100vw, 550px\" \/><\/div>\n<div class=\"edgtf-pli-text-holder\">\n\t<div class=\"edgtf-pli-text-wrapper\">\n\t\t<div class=\"edgtf-pli-text\">\n\t\t\t\t<h3 itemprop=\"name\" class=\"edgtf-pli-title entry-title\" >\n\t\tPolvo Cozido Tent\u00e1culos\t<\/h3>\n\n\t\t\t\n\t\t\t\t<p itemprop=\"description\" class=\"edgtf-pli-excerpt\">[vc_row content_placement=&#8221;top&#8221;][vc_column offset=&#8221;vc_hidden-xs&#8221;][vc_empty_space height=&#8221;40px&#8221;][\/vc_column][\/vc_row][vc_row content_placement=&#8221;top&#8221; row_content_width=&#8221;grid&#8221; css=&#8221;.vc_custom_1637946952752{margin-top: 0px !important;marg<\/p>\n\t\t<\/div>\n\t<\/div>\n<\/div>\t\t\n\t\t<a itemprop=\"url\" class=\"edgtf-pli-link edgtf-block-drag-link\" href=\"https:\/\/brasmar.com\/pt-pt\/produtos\/polvo-cozido-tentaculos\" target=\"_self\"><\/a>\n\t<\/div>\n<\/article><article class=\"edgtf-pl-item edgtf-item-space  post-4070 portfolio-item type-portfolio-item status-publish has-post-thumbnail hentry portfolio-category-polvo portfolio-category-polvo-limpo portfolio-tag-nacional portfolio-tag-original\">\n\t<div class=\"edgtf-pl-item-inner\">\n\t\t<div class=\"edgtf-pli-image\">\n\t<img loading=\"lazy\" decoding=\"async\" width=\"550\" height=\"550\" src=\"https:\/\/brasmar.com\/wp-content\/uploads\/2021\/11\/polvo-limpo.jpg\" class=\"attachment-full size-full wp-post-image\" alt=\"\" srcset=\"https:\/\/brasmar.com\/wp-content\/uploads\/2021\/11\/polvo-limpo.jpg 550w, https:\/\/brasmar.com\/wp-content\/uploads\/2021\/11\/polvo-limpo-300x300.jpg 300w, https:\/\/brasmar.com\/wp-content\/uploads\/2021\/11\/polvo-limpo-150x150.jpg 150w\" sizes=\"auto, (max-width: 550px) 100vw, 550px\" \/><\/div>\n<div class=\"edgtf-pli-text-holder\">\n\t<div class=\"edgtf-pli-text-wrapper\">\n\t\t<div class=\"edgtf-pli-text\">\n\t\t\t\t<h3 itemprop=\"name\" class=\"edgtf-pli-title entry-title\" >\n\t\tPolvo Limpo\t<\/h3>\n\n\t\t\t\n\t\t\t\t<p itemprop=\"description\" class=\"edgtf-pli-excerpt\">[vc_row][vc_column offset=&#8221;vc_hidden-xs&#8221;][vc_empty_space height=&#8221;40px&#8221;][\/vc_column][\/vc_row][vc_row content_placement=&#8221;top&#8221; row_content_width=&#8221;grid&#8221; css=&#8221;.vc_custom_1637947953286{margin-top: 0px !important;margin-right: 0px !important;margin-bott<\/p>\n\t\t<\/div>\n\t<\/div>\n<\/div>\t\t\n\t\t<a itemprop=\"url\" class=\"edgtf-pli-link edgtf-block-drag-link\" href=\"https:\/\/brasmar.com\/pt-pt\/produtos\/polvo-limpo\" target=\"_self\"><\/a>\n\t<\/div>\n<\/article>\t<\/div>\n\t\n\t<\/div>[\/vc_column][\/vc_row][vc_row row_content_width=&#8221;grid&#8221;][vc_column][vc_empty_space height=&#8221;60px&#8221;][\/vc_column][\/vc_row][vc_row full_width=&#8221;stretch_row_content&#8221; equal_height=&#8221;yes&#8221; content_placement=&#8221;top&#8221;][vc_column offset=&#8221;vc_hidden-xs&#8221;][vc_cta h2=&#8221;Aceda aqui ao nosso cat\u00e1logo de Polvo!&#8221; h2_font_container=&#8221;tag:h2|font_size:20px|text_align:left|color:%23001832&#8243; h2_use_theme_fonts=&#8221;yes&#8221; txt_align=&#8221;center&#8221; shape=&#8221;square&#8221; style=&#8221;flat&#8221; el_width=&#8221;xs&#8221; add_button=&#8221;bottom&#8221; btn_title=&#8221;Download&#8221; btn_style=&#8221;outline&#8221; btn_shape=&#8221;square&#8221; btn_color=&#8221;primary&#8221; btn_align=&#8221;center&#8221; btn_i_icon_fontawesome=&#8221;far fa-arrow-alt-circle-down&#8221; css=&#8221;&#8221; use_custom_fonts_h2=&#8221;true&#8221; btn_add_icon=&#8221;true&#8221; h2_link=&#8221;url:https%3A%2F%2Fbrasmar.com%2Fwp-content%2Fuploads%2F2021%2F11%2FPOLVO_2021_pt-uk.pdf||target:%20_blank|&#8221; btn_link=&#8221;url:https%3A%2F%2Fbrasmar.com%2Fwp-content%2Fuploads%2F2022%2F01%2Fcatalogo_polvo_2022_PT-UK.pdf|target:_blank&#8221;][\/vc_cta][\/vc_column][\/vc_row][vc_row row_content_width=&#8221;grid&#8221;][vc_column][vc_empty_space height=&#8221;100px&#8221;][\/vc_column][\/vc_row][vc_row row_content_width=&#8221;grid&#8221;][vc_column][vc_column_text]<\/p>\n<h1 style=\"text-align: center;\"><span style=\"font-size: 30px;\"><span style=\"font-family: Barlow;\">Veja Tamb\u00e9m<\/span><\/span><\/h1>\n<p>[\/vc_column_text][\/vc_column][\/vc_row][vc_row row_content_width=&#8221;grid&#8221;][vc_column][vc_empty_space height=&#8221;40px&#8221;][\/vc_column][\/vc_row][vc_row row_content_width=&#8221;grid&#8221;][vc_column width=&#8221;1\/2&#8243;][vc_raw_html]JTNDYSUyMGhyZWYlM0QlMjJodHRwcyUzQSUyRiUyRmJyYXNtYXIuY29tJTJGcHQtcHQlMkZyZWNlaXRhcyUyMiUzRSUzQ2RpdiUyMGNsYXNzJTNEJTIydmVqYXRhbWJlbS1sZWZ0LXJlY2VpdGFzLXB0JTIyJTNFJTBBJTNDcCUyMGNsYXNzJTNEJTIyYm90dG9tLWxlZnQlMjIlM0VBcyUyMG5vc3NhcyUyMHJlY2VpdGFzJTNDJTJGcCUzRSUwQSUzQyUyRmRpdiUzRSUwQSUzQyUyRmElM0U=[\/vc_raw_html][\/vc_column][vc_column width=&#8221;1\/2&#8243;][vc_raw_html]JTNDYSUyMGhyZWYlM0QlMjJodHRwcyUzQSUyRiUyRmJyYXNtYXIuY29tJTJGcHQtcHQlMkZhLW1hcmNhJTIyJTNFJTNDZGl2JTIwY2xhc3MlM0QlMjJ2ZWphdGFtYmVtLXJpZ2h0LW1hcmNhLXB0JTIyJTNFJTBBJTNDcCUyMGNsYXNzJTNEJTIyYm90dG9tLWxlZnQlMjIlM0VTYWliYSUyMG1haXMlMjBzb2JyZSUyMGElMjBCcmFzbWFyJTNDJTJGcCUzRSUwQSUzQyUyRmRpdiUzRSUwQSUzQyUyRmElM0U=[\/vc_raw_html][\/vc_column][\/vc_row][vc_row row_content_width=&#8221;grid&#8221;][vc_column][vc_empty_space height=&#8221;70px&#8221;][\/vc_column][\/vc_row]<\/p>\n<\/div>","protected":false},"excerpt":{"rendered":"<p>[vc_row full_width=&#8221;stretch_row_content&#8221;][vc_column offset=&#8221;vc_hidden-xs&#8221;][vc_single_image image=&#8221;4569&#8243; img_size=&#8221;full&#8221; alignment=&#8221;center&#8221;][\/vc_column][\/vc_row][vc_row full_width=&#8221;stretch_row_content&#8221;][vc_column offset=&#8221;vc_hidden-lg vc_hidden-md vc_hidden-sm&#8221;][vc_single_image image=&#8221;5485&#8243; img_size=&#8221;full&#8221; alignment=&#8221;center&#8221;][\/vc_column][\/vc_row][vc_row gap=&#8221;10&#8243; row_content_width=&#8221;grid&#8221;][vc_column [&hellip;]<\/p>\n","protected":false},"author":1,"featured_media":0,"parent":0,"menu_order":172,"comment_status":"closed","ping_status":"closed","template":"full-width.php","meta":{"_seopress_robots_primary_cat":"","_seopress_titles_title":"","_seopress_titles_desc":"Oferecemos uma ampla e diversa sele\u00e7\u00e3o de polvo, em diferentes formatos, calibre e tipos de apresenta\u00e7\u00e3o, com caracter\u00edsticas \u00fanicas quanto ao perfil de sabor e textura.","_seopress_robots_index":"","cybocfi_hide_featured_image":"","footnotes":""},"class_list":["post-3226","page","type-page","status-publish","hentry"],"_links":{"self":[{"href":"https:\/\/brasmar.com\/pt-pt\/wp-json\/wp\/v2\/pages\/3226","targetHints":{"allow":["GET"]}}],"collection":[{"href":"https:\/\/brasmar.com\/pt-pt\/wp-json\/wp\/v2\/pages"}],"about":[{"href":"https:\/\/brasmar.com\/pt-pt\/wp-json\/wp\/v2\/types\/page"}],"author":[{"embeddable":true,"href":"https:\/\/brasmar.com\/pt-pt\/wp-json\/wp\/v2\/users\/1"}],"replies":[{"embeddable":true,"href":"https:\/\/brasmar.com\/pt-pt\/wp-json\/wp\/v2\/comments?post=3226"}],"version-history":[{"count":79,"href":"https:\/\/brasmar.com\/pt-pt\/wp-json\/wp\/v2\/pages\/3226\/revisions"}],"predecessor-version":[{"id":24109,"href":"https:\/\/brasmar.com\/pt-pt\/wp-json\/wp\/v2\/pages\/3226\/revisions\/24109"}],"wp:attachment":[{"href":"https:\/\/brasmar.com\/pt-pt\/wp-json\/wp\/v2\/media?parent=3226"}],"curies":[{"name":"wp","href":"https:\/\/api.w.org\/{rel}","templated":true}]}}