{"id":3700,"date":"2021-11-04T10:38:50","date_gmt":"2021-11-04T10:38:50","guid":{"rendered":"https:\/\/brasmar.maccao.es\/?page_id=3700"},"modified":"2024-05-31T22:26:08","modified_gmt":"2024-05-31T22:26:08","slug":"contacto","status":"publish","type":"page","link":"https:\/\/brasmar.com\/pt-pt\/contacto","title":{"rendered":"Contacto"},"content":{"rendered":"<div class=\"wpb-content-wrapper\"><p>[vc_row row_content_width=&#8221;grid&#8221; content_text_aligment=&#8221;center&#8221;][vc_column offset=&#8221;vc_hidden-xs&#8221;][vc_empty_space height=&#8221;28px&#8221;][\/vc_column][\/vc_row][vc_row row_content_width=&#8221;grid&#8221;][vc_column width=&#8221;1\/2&#8243; offset=&#8221;vc_hidden-xs&#8221;][vc_empty_space height=&#8221;62px&#8221;][vc_column_text]<\/p>\n<h1 style=\"text-align: center;\"><span style=\"color: #001830;\"><strong>CONTACTOS<\/strong><br \/>\n<\/span><\/h1>\n<p>[\/vc_column_text][vc_empty_space height=&#8221;12px&#8221;][vc_column_text]<\/p>\n<h2 style=\"text-align: center;\"><strong><span style=\"color: #001832;\">ENDERE\u00c7O<\/span><\/strong><\/h2>\n<p>[\/vc_column_text][vc_column_text][\/vc_column_text][vc_column_text]<\/p>\n<p style=\"text-align: center;\">Avenida Ferreira de Castro, n\u00ba 73<br \/>\n4745-251 Guid\u00f5es<br \/>\nTrofa, Portugal<\/p>\n<p style=\"text-align: center;\">T. +351 252 490 070<br \/>\n(Chamada para a rede fixa nacional)<\/p>\n<p>[\/vc_column_text][vc_column_text]<\/p>\n<h2 style=\"text-align: center;\"><strong><span style=\"color: #001832;\">APOIO AO CLIENTE<\/span><\/strong><\/h2>\n<p>[\/vc_column_text][vc_column_text]<\/p>\n<p style=\"text-align: center;\">T. +351 252 100 252<br \/>\n(Chamada para a rede fixa nacional)<\/p>\n<p style=\"text-align: center;\">E-mail: apoiocliente@brasmar.com<\/p>\n<p>[\/vc_column_text][vc_column_text]<\/p>\n<h2 style=\"text-align: center;\"><strong><span style=\"color: #001832;\">E-MAIL<\/span><\/strong><\/h2>\n<p>[\/vc_column_text][vc_column_text]<\/p>\n<p style=\"text-align: center;\"><a href=\"mailto:geral@brasmar.com\">geral@brasmar.com<\/a><\/p>\n<p>[\/vc_column_text][vc_empty_space height=&#8221;12px&#8221;][vc_single_image image=&#8221;3391&#8243; img_size=&#8221;full&#8221; alignment=&#8221;center&#8221;][vc_empty_space height=&#8221;30px&#8221;][\/vc_column][vc_column width=&#8221;1\/2&#8243; offset=&#8221;vc_hidden-xs&#8221;][vc_empty_space height=&#8221;100px&#8221;][vc_column_text css=&#8221;&#8221;]<\/p>\n<h3 style=\"text-align: center;\"><span style=\"color: #001830;\">ENTRE EM CONTACTO CONNOSCO ATRAV\u00c9S DO SEGUINTE FORMUL\u00c1RIO<br \/>\n<\/span><\/h3>\n<p>[\/vc_column_text][vc_empty_space height=&#8221;18px&#8221;][vc_column_text css=&#8221;&#8221;]<div class='fluentform ff-default fluentform_wrapper_8 ffs_custom_wrap'><form data-form_id=\"8\" id=\"fluentform_8\" class=\"frm-fluent-form fluent_form_8 ff-el-form-top ff_form_instance_8_1 ff-form-loading ffs_custom\" data-form_instance=\"ff_form_instance_8_1\" method=\"POST\" ><fieldset  style=\"border: none!important;margin: 0!important;padding: 0!important;background-color: transparent!important;box-shadow: none!important;outline: none!important; min-inline-size: 100%;\">\n                    <legend class=\"ff_screen_reader_title\" style=\"display: block; margin: 0!important;padding: 0!important;height: 0!important;text-indent: -999999px;width: 0!important;overflow:hidden;\">Formul\u00e1rio Contacto PT<\/legend><input type='hidden' name='__fluent_form_embded_post_id' value='3700' \/><input type=\"hidden\" id=\"_fluentform_8_fluentformnonce\" name=\"_fluentform_8_fluentformnonce\" value=\"7e81d01fea\" \/><input type=\"hidden\" name=\"_wp_http_referer\" value=\"\/pt-pt\/wp-json\/wp\/v2\/pages\/3700\" \/><div class='ff-el-group'><div class=\"ff-el-input--label ff-el-is-required asterisk-right\"><label for='ff_8_your-name' id='label_ff_8_your-name' >Nome<\/label><\/div><div class='ff-el-input--content'><input type=\"text\" name=\"your-name\" class=\"ff-el-form-control\" id=\"ff_8_your-name\" data-name=\"your-name\"  aria-invalid=\"false\" aria-required=true><\/div><\/div><div class='ff-el-group'><div class=\"ff-el-input--label ff-el-is-required asterisk-right\"><label for='ff_8_your-email' id='label_ff_8_your-email' aria-label=\"Email\">Email<\/label><\/div><div class='ff-el-input--content'><input type=\"email\" name=\"your-email\" class=\"ff-el-form-control\" id=\"ff_8_your-email\" data-name=\"your-email\"  aria-invalid=\"false\" aria-required=true><\/div><\/div><div class='ff-el-group'><div class=\"ff-el-input--label ff-el-is-required asterisk-right\"><label for='ff_8_your-subject' id='label_ff_8_your-subject' aria-label=\"Assunto\">Assunto<\/label><\/div><div class='ff-el-input--content'><input type=\"text\" name=\"your-subject\" class=\"ff-el-form-control\" id=\"ff_8_your-subject\" data-name=\"your-subject\"  aria-invalid=\"false\" aria-required=true><\/div><\/div><div class='ff-el-group'><div class=\"ff-el-input--label ff-el-is-required asterisk-right\"><label for='ff_8_your-message' id='label_ff_8_your-message' aria-label=\"A sua Mensagem\">A sua Mensagem<\/label><\/div><div class='ff-el-input--content'><textarea aria-required=\"true\" aria-labelledby=\"label_ff_8_your-message\" name=\"your-message\" class=\"ff-el-form-control\" id=\"ff_8_your-message\" rows=\"7\" cols=\"2\" data-name=\"your-message\" ><\/textarea><\/div><\/div><div class='ff-el-group    ff-el-input--content'><div class='ff-el-form-check ff-el-tc'><label aria-label='Termos e Condi\u00e7\u00f5es: Li e aceito os termos e condi\u00e7\u00f5es relativas \u00e0s pol\u00edticas de privacidade e pol\u00edticas de processamento de dados do VIGENT Group. Cont\u00e9m 1 link. Use a navega\u00e7\u00e3o por abas para consultar.' class='ff-el-form-check-label ff_tc_label' for=rgpd_8460590c8073f7e9bb56e9bf8547a439><span class='ff_tc_checkbox'><input type=\"checkbox\" name=\"rgpd\" class=\"ff-el-form-check-input\" data-name=\"rgpd\" id=\"rgpd_8460590c8073f7e9bb56e9bf8547a439\"  value='on' aria-invalid='false' aria-required=true><\/span> <div class='ff_t_c'><p>Li e aceito os termos e condi\u00e7\u00f5es relativas \u00e0s <a class=\"rgpd1\" href=\"\/politica-de-privacidade\"><strong>pol\u00edticas de privacidade<\/strong><\/a> e pol\u00edticas de processamento de dados do VIGENT Group.<\/p><\/div><\/label><\/div><\/div><div class='ff-el-group ff-text-left ff_submit_btn_wrapper'><button type=\"submit\" class=\"ff-btn ff-btn-submit ff-btn-md ff_btn_style wpf_has_custom_css\"  aria-label=\"Enviar\">Enviar<\/button><\/div><\/fieldset><\/form><div id='fluentform_8_errors' class='ff-errors-in-stack ff_form_instance_8_1 ff-form-loading_errors ff_form_instance_8_1_errors'><\/div><\/div>            <script type=\"text\/javascript\">\n                window.fluent_form_ff_form_instance_8_1 = {\"id\":\"8\",\"ajaxUrl\":\"https:\\\/\\\/brasmar.com\\\/wp-admin\\\/admin-ajax.php\",\"settings\":{\"layout\":{\"labelPlacement\":\"top\",\"helpMessagePlacement\":\"with_label\",\"errorMessagePlacement\":\"inline\",\"cssClassName\":\"\",\"asteriskPlacement\":\"asterisk-right\"},\"restrictions\":{\"denyEmptySubmission\":{\"enabled\":false}}},\"form_instance\":\"ff_form_instance_8_1\",\"form_id_selector\":\"fluentform_8\",\"rules\":{\"your-name\":{\"required\":{\"value\":true,\"message\":\"Campo \\u00e9 obrigat\\u00f3rio.\",\"global\":false,\"global_message\":\"This field is required\"}},\"your-email\":{\"required\":{\"value\":true,\"message\":\"Campo \\u00e9 obrigat\\u00f3rio.\",\"global\":false,\"global_message\":\"This field is required\"},\"email\":{\"value\":true,\"message\":\"Este campo deve conter um email v\\u00e1lido.\",\"global\":false,\"global_message\":\"This field must contain a valid email\"}},\"your-subject\":{\"required\":{\"value\":true,\"message\":\"Campo \\u00e9 obrigat\\u00f3rio.\",\"global\":false,\"global_message\":\"This field is required\"}},\"your-message\":{\"required\":{\"value\":true,\"message\":\"Campo \\u00e9 obrigat\\u00f3rio.\",\"global\":false,\"global_message\":\"This field is required\"}},\"rgpd\":{\"required\":{\"value\":true,\"message\":\"Campo \\u00e9 obrigat\\u00f3rio.\",\"global\":false,\"global_message\":\"This field is required\"}}},\"debounce_time\":300};\n                            <\/script>\n            [\/vc_column_text][vc_empty_space height=&#8221;22px&#8221;][\/vc_column][\/vc_row][vc_row row_content_width=&#8221;grid&#8221; content_text_aligment=&#8221;center&#8221;][vc_column offset=&#8221;vc_hidden-xs&#8221;][vc_empty_space height=&#8221;60 px&#8221;]<div class=\"edgtf-google-map-holder \">\n\t<div class=\"edgtf-google-map\" id=\"edgtf-map-2325988\" data-addresses='[\"Avenida Ferreira de Castro, n\u00ba 73 4745-251 Guid\u00f5es TROFA, PORTUGAL\"]' data-custom-map-style=no data-color-overlay=#393939 data-saturation=-100 data-lightness=-60 data-zoom=15 data-pin=https:\/\/brasmar.com\/wp-content\/themes\/gastrobar\/assets\/img\/pin.png data-unique-id=2325988 data-scroll-wheel=no data-height=600 data-full-height=no data-predefined-style=yes data-predefined-style-type=style-2><\/div>\n\t\t\t<div class=\"edgtf-google-map-overlay\"><\/div>\n\t<\/div>\n[vc_empty_space height=&#8221;60 px&#8221;][\/vc_column][\/vc_row][vc_row row_content_width=&#8221;grid&#8221;][vc_column width=&#8221;1\/2&#8243; offset=&#8221;vc_hidden-lg vc_hidden-md vc_hidden-sm&#8221;][vc_column_text]<\/p>\n<h1 style=\"text-align: center;\"><span style=\"color: #001830;\"><strong>CONTACTOS<\/strong><br \/>\n<\/span><\/h1>\n<p>[\/vc_column_text][vc_empty_space height=&#8221;12px&#8221;][vc_column_text]<\/p>\n<h2 style=\"text-align: center;\"><strong><span style=\"color: #001832;\">ENDERE\u00c7O<\/span><\/strong><\/h2>\n<p>[\/vc_column_text][vc_column_text][\/vc_column_text][vc_column_text]<\/p>\n<p style=\"text-align: center;\">Avenida Ferreira de Castro, n\u00ba 73<br \/>\n4745-251 Guid\u00f5es<br \/>\nTrofa, Portugal<\/p>\n<p style=\"text-align: center;\">T. +351 252 490 070<br \/>\n(Chamada para a rede fixa nacional)<\/p>\n<p>[\/vc_column_text][vc_column_text]<\/p>\n<h2 style=\"text-align: center;\"><strong><span style=\"color: #001832;\">APOIO AO CLIENTE<\/span><\/strong><\/h2>\n<p>[\/vc_column_text][vc_column_text]<\/p>\n<p style=\"text-align: center;\">T. +351 252 100 252<br \/>\n(Chamada para a rede fixa nacional)<\/p>\n<p style=\"text-align: center;\">E-mail: apoiocliente@brasmar.com<\/p>\n<p>[\/vc_column_text][vc_column_text]<\/p>\n<h2 style=\"text-align: center;\"><strong><span style=\"color: #001832;\">E-MAIL<\/span><\/strong><\/h2>\n<p>[\/vc_column_text][vc_column_text]<\/p>\n<p style=\"text-align: center;\"><a href=\"mailto:geral@brasmar.com\">geral@brasmar.com<\/a><\/p>\n<p>[\/vc_column_text][vc_empty_space height=&#8221;30px&#8221;][\/vc_column][vc_column width=&#8221;1\/2&#8243; offset=&#8221;vc_hidden-lg vc_hidden-md vc_hidden-sm&#8221;][vc_column_text]<\/p>\n<h3 style=\"text-align: center;\"><span style=\"color: #001830;\"><strong>ENTRE EM CONTACTO CONNOSCO ATRAV\u00c9S DO SEGUINTE FORMUL\u00c1RIO<\/strong><br \/>\n<\/span><\/h3>\n<p>[\/vc_column_text][vc_empty_space height=&#8221;22px&#8221;][contact-form-7 id=&#8221;5&#8243; html_class=&#8221;cf7_custom_style_2&#8243;][vc_empty_space height=&#8221;22px&#8221;][\/vc_column][\/vc_row][vc_row row_content_width=&#8221;grid&#8221; content_text_aligment=&#8221;center&#8221;][vc_column offset=&#8221;vc_hidden-lg vc_hidden-md vc_hidden-sm&#8221;][vc_empty_space height=&#8221;12px&#8221;]<div class=\"edgtf-google-map-holder \">\n\t<div class=\"edgtf-google-map\" id=\"edgtf-map-1255597\" data-addresses='[\"Avenida Ferreira de Castro, n\u00ba 73 4745-251 Guid\u00f5es TROFA, PORTUGAL\"]' data-custom-map-style=no data-color-overlay=#393939 data-saturation=-100 data-lightness=-60 data-zoom=15 data-pin=https:\/\/brasmar.com\/wp-content\/themes\/gastrobar\/assets\/img\/pin.png data-unique-id=1255597 data-scroll-wheel=no data-height=600 data-full-height=no data-predefined-style=yes data-predefined-style-type=style-2><\/div>\n\t\t\t<div class=\"edgtf-google-map-overlay\"><\/div>\n\t<\/div>\n[vc_empty_space height=&#8221;30px&#8221;][\/vc_column][\/vc_row]<\/p>\n<\/div>","protected":false},"excerpt":{"rendered":"<p>[vc_row row_content_width=&#8221;grid&#8221; content_text_aligment=&#8221;center&#8221;][vc_column offset=&#8221;vc_hidden-xs&#8221;][vc_empty_space height=&#8221;28px&#8221;][\/vc_column][\/vc_row][vc_row row_content_width=&#8221;grid&#8221;][vc_column width=&#8221;1\/2&#8243; offset=&#8221;vc_hidden-xs&#8221;][vc_empty_space height=&#8221;62px&#8221;][vc_column_text] CONTACTOS [\/vc_column_text][vc_empty_space height=&#8221;12px&#8221;][vc_column_text] ENDERE\u00c7O [\/vc_column_text][vc_column_text][\/vc_column_text][vc_column_text] Avenida [&hellip;]<\/p>\n","protected":false},"author":1,"featured_media":0,"parent":0,"menu_order":83,"comment_status":"closed","ping_status":"closed","template":"","meta":{"_seopress_robots_primary_cat":"","_seopress_titles_title":"","_seopress_titles_desc":"Na Brasmar estamos sempre dispon\u00edveis para si. Entre em contacto connosco atrav\u00e9s do nosso e-mail geral ou apoio ao cliente.","_seopress_robots_index":"","cybocfi_hide_featured_image":"","footnotes":""},"class_list":["post-3700","page","type-page","status-publish","hentry"],"_links":{"self":[{"href":"https:\/\/brasmar.com\/pt-pt\/wp-json\/wp\/v2\/pages\/3700","targetHints":{"allow":["GET"]}}],"collection":[{"href":"https:\/\/brasmar.com\/pt-pt\/wp-json\/wp\/v2\/pages"}],"about":[{"href":"https:\/\/brasmar.com\/pt-pt\/wp-json\/wp\/v2\/types\/page"}],"author":[{"embeddable":true,"href":"https:\/\/brasmar.com\/pt-pt\/wp-json\/wp\/v2\/users\/1"}],"replies":[{"embeddable":true,"href":"https:\/\/brasmar.com\/pt-pt\/wp-json\/wp\/v2\/comments?post=3700"}],"version-history":[{"count":65,"href":"https:\/\/brasmar.com\/pt-pt\/wp-json\/wp\/v2\/pages\/3700\/revisions"}],"predecessor-version":[{"id":22412,"href":"https:\/\/brasmar.com\/pt-pt\/wp-json\/wp\/v2\/pages\/3700\/revisions\/22412"}],"wp:attachment":[{"href":"https:\/\/brasmar.com\/pt-pt\/wp-json\/wp\/v2\/media?parent=3700"}],"curies":[{"name":"wp","href":"https:\/\/api.w.org\/{rel}","templated":true}]}}