{"id":4023,"date":"2021-11-08T17:12:14","date_gmt":"2021-11-08T17:12:14","guid":{"rendered":"https:\/\/brasmar.maccao.es\/?page_id=4023"},"modified":"2022-10-27T10:45:49","modified_gmt":"2022-10-27T10:45:49","slug":"marisco","status":"publish","type":"page","link":"https:\/\/brasmar.com\/pt-pt\/marisco","title":{"rendered":"Marisco"},"content":{"rendered":"<div class=\"wpb-content-wrapper\"><p>[vc_row full_width=&#8221;stretch_row_content&#8221;][vc_column offset=&#8221;vc_hidden-xs&#8221;][vc_single_image image=&#8221;4026&#8243; img_size=&#8221;full&#8221; alignment=&#8221;center&#8221;][\/vc_column][\/vc_row][vc_row full_width=&#8221;stretch_row_content&#8221;][vc_column offset=&#8221;vc_hidden-lg vc_hidden-md vc_hidden-sm&#8221;][vc_single_image image=&#8221;5491&#8243; img_size=&#8221;full&#8221; alignment=&#8221;center&#8221;][\/vc_column][\/vc_row][vc_row gap=&#8221;10&#8243; row_content_width=&#8221;grid&#8221;][vc_column width=&#8221;1\/4&#8243;][\/vc_column][vc_column width=&#8221;1\/2&#8243;][vc_empty_space height=&#8221;40px&#8221;]<div class=\"edgtf-section-title-holder   edgtf-st-custom-size\" style=\"text-align: center\">\n\t<div class=\"edgtf-st-inner\">\n\t\t\t\t\t\t\t<h1 class=\"edgtf-st-title \" style=\"font-size: 42px\">\n\t\t\t\tMarisco\t\t\t<\/h1>\n\t\t\t\t\t<\/div>\n<\/div>[vc_column_text]<\/p>\n<h2 style=\"text-align: center;\"><span style=\"font-family: 'Reenie Beanie'; text-transform: none; font-size: 30px; font-weight: 400;\">Sabor e Qualidade<\/span><\/h2>\n<p>[\/vc_column_text][vc_empty_space height=&#8221;30px&#8221;][vc_column_text]Dispomos de uma oferta variada de mariscos, podendo, a imensa maioria, ser adaptada \u00e0 realidade Retail e Food Service, nos mais diversos formatos e tipos de apresenta\u00e7\u00e3o.[\/vc_column_text][vc_empty_space][\/vc_column][vc_column width=&#8221;1\/4&#8243; offset=&#8221;vc_hidden-lg vc_hidden-md vc_hidden-sm vc_hidden-xs&#8221;][vc_empty_space][vc_single_image image=&#8221;3043&#8243; img_size=&#8221;200&#215;170&#8243;][vc_empty_space][\/vc_column][\/vc_row][vc_row][vc_column][vc_empty_space][\/vc_column][\/vc_row][vc_row row_content_width=&#8221;grid&#8221;][vc_column]<div class=\"edgtf-portfolio-list-holder edgtf-pl-gallery edgtf-small-space edgtf-pl-four-columns edgtf-pl-standard-shader    edgtf-pl-pag-no-pagination edgtf-pl-has-filter edgtf-pl-has-animation   \"  data-type=gallery data-number-of-columns=4 data-space-between-items=small data-number-of-items=-1 data-image-proportions=full data-enable-fixed-proportions=no data-enable-image-shadow=no data-category=marisco data-orderby=date data-order=ASC data-item-style=standard-shader data-enable-title=yes data-title-tag=h3 data-enable-category=no data-enable-excerpt=yes data-excerpt-length=300 data-pagination-type=no-pagination data-filter=yes data-filter-order-by=name data-enable-article-animation=yes data-portfolio-slider-on=no data-enable-loop=yes data-enable-autoplay=yes data-slider-speed=5000 data-slider-speed-animation=600 data-enable-navigation=yes data-enable-pagination=yes data-max-num-pages=0 data-next-page=2>\n\t\t<div class=\"edgtf-pl-filter-holder\" >\n\t\t<div class=\"edgtf-plf-inner\">\n\t\t\t\t\t<\/div>\n\t<\/div>\n\t<div class=\"edgtf-pl-inner edgtf-outer-space  clearfix\">\n\t\t<article class=\"edgtf-pl-item edgtf-item-space  post-4324 portfolio-item type-portfolio-item status-publish has-post-thumbnail hentry portfolio-category-marisco\">\n\t<div class=\"edgtf-pl-item-inner\">\n\t\t<div class=\"edgtf-pli-image\">\n\t<img loading=\"lazy\" decoding=\"async\" width=\"550\" height=\"550\" src=\"https:\/\/brasmar.com\/wp-content\/uploads\/2021\/11\/ameijoa-vietnamita.jpg\" class=\"attachment-full size-full wp-post-image\" alt=\"\" srcset=\"https:\/\/brasmar.com\/wp-content\/uploads\/2021\/11\/ameijoa-vietnamita.jpg 550w, https:\/\/brasmar.com\/wp-content\/uploads\/2021\/11\/ameijoa-vietnamita-300x300.jpg 300w, https:\/\/brasmar.com\/wp-content\/uploads\/2021\/11\/ameijoa-vietnamita-150x150.jpg 150w\" sizes=\"auto, (max-width: 550px) 100vw, 550px\" \/><\/div>\n<div class=\"edgtf-pli-text-holder\">\n\t<div class=\"edgtf-pli-text-wrapper\">\n\t\t<div class=\"edgtf-pli-text\">\n\t\t\t\t<h3 itemprop=\"name\" class=\"edgtf-pli-title entry-title\" >\n\t\tAm\u00eaijoas\t<\/h3>\n\n\t\t\t\n\t\t\t\t<p itemprop=\"description\" class=\"edgtf-pli-excerpt\">[vc_row][vc_column offset=&#8221;vc_hidden-xs&#8221;][vc_empty_space height=&#8221;40px&#8221;][\/vc_column][\/vc_row][vc_row content_placement=&#8221;top&#8221; row_content_width=&#8221;grid&#8221; css=&#8221;.vc_custom_1638119811301{margin-top: 0px !important;margin-right: 0px !important;margin-bott<\/p>\n\t\t<\/div>\n\t<\/div>\n<\/div>\t\t\n\t\t<a itemprop=\"url\" class=\"edgtf-pli-link edgtf-block-drag-link\" href=\"https:\/\/brasmar.com\/pt-pt\/produtos\/ameijoas\" target=\"_self\"><\/a>\n\t<\/div>\n<\/article><article class=\"edgtf-pl-item edgtf-item-space  post-4326 portfolio-item type-portfolio-item status-publish has-post-thumbnail hentry portfolio-category-marisco\">\n\t<div class=\"edgtf-pl-item-inner\">\n\t\t<div class=\"edgtf-pli-image\">\n\t<img loading=\"lazy\" decoding=\"async\" width=\"550\" height=\"550\" src=\"https:\/\/brasmar.com\/wp-content\/uploads\/2021\/11\/miolo-berbigao-legitimo-brasmar.jpg\" class=\"attachment-full size-full wp-post-image\" alt=\"\" srcset=\"https:\/\/brasmar.com\/wp-content\/uploads\/2021\/11\/miolo-berbigao-legitimo-brasmar.jpg 550w, https:\/\/brasmar.com\/wp-content\/uploads\/2021\/11\/miolo-berbigao-legitimo-brasmar-300x300.jpg 300w, https:\/\/brasmar.com\/wp-content\/uploads\/2021\/11\/miolo-berbigao-legitimo-brasmar-150x150.jpg 150w\" sizes=\"auto, (max-width: 550px) 100vw, 550px\" \/><\/div>\n<div class=\"edgtf-pli-text-holder\">\n\t<div class=\"edgtf-pli-text-wrapper\">\n\t\t<div class=\"edgtf-pli-text\">\n\t\t\t\t<h3 itemprop=\"name\" class=\"edgtf-pli-title entry-title\" >\n\t\tBerbig\u00e3o\t<\/h3>\n\n\t\t\t\n\t\t\t\t<p itemprop=\"description\" class=\"edgtf-pli-excerpt\">[vc_row][vc_column offset=&#8221;vc_hidden-xs&#8221;][vc_empty_space height=&#8221;40px&#8221;][\/vc_column][\/vc_row][vc_row content_placement=&#8221;top&#8221; row_content_width=&#8221;grid&#8221; css=&#8221;.vc_custom_1638120941192{margin-top: 0px !important;margin-right: 0px !important;margin-bott<\/p>\n\t\t<\/div>\n\t<\/div>\n<\/div>\t\t\n\t\t<a itemprop=\"url\" class=\"edgtf-pli-link edgtf-block-drag-link\" href=\"https:\/\/brasmar.com\/pt-pt\/produtos\/berbigao\" target=\"_self\"><\/a>\n\t<\/div>\n<\/article><article class=\"edgtf-pl-item edgtf-item-space  post-4315 portfolio-item type-portfolio-item status-publish has-post-thumbnail hentry portfolio-category-marisco\">\n\t<div class=\"edgtf-pl-item-inner\">\n\t\t<div class=\"edgtf-pli-image\">\n\t<img loading=\"lazy\" decoding=\"async\" width=\"550\" height=\"550\" src=\"https:\/\/brasmar.com\/wp-content\/uploads\/2021\/11\/camarao-tigre-quenia-brasmar-selecao-.jpg\" class=\"attachment-full size-full wp-post-image\" alt=\"\" srcset=\"https:\/\/brasmar.com\/wp-content\/uploads\/2021\/11\/camarao-tigre-quenia-brasmar-selecao-.jpg 550w, https:\/\/brasmar.com\/wp-content\/uploads\/2021\/11\/camarao-tigre-quenia-brasmar-selecao--300x300.jpg 300w, https:\/\/brasmar.com\/wp-content\/uploads\/2021\/11\/camarao-tigre-quenia-brasmar-selecao--150x150.jpg 150w\" sizes=\"auto, (max-width: 550px) 100vw, 550px\" \/><\/div>\n<div class=\"edgtf-pli-text-holder\">\n\t<div class=\"edgtf-pli-text-wrapper\">\n\t\t<div class=\"edgtf-pli-text\">\n\t\t\t\t<h3 itemprop=\"name\" class=\"edgtf-pli-title entry-title\" >\n\t\tCamar\u00e3o Selvagem\t<\/h3>\n\n\t\t\t\n\t\t\t\t<p itemprop=\"description\" class=\"edgtf-pli-excerpt\">[vc_row content_placement=&#8221;top&#8221;][vc_column offset=&#8221;vc_hidden-xs&#8221;][vc_empty_space height=&#8221;40px&#8221;][\/vc_column][\/vc_row][vc_row content_placement=&#8221;top&#8221; row_content_width=&#8221;grid&#8221; css=&#8221;.vc_custom_1638117970380{margin-top: 0px !important;marg<\/p>\n\t\t<\/div>\n\t<\/div>\n<\/div>\t\t\n\t\t<a itemprop=\"url\" class=\"edgtf-pli-link edgtf-block-drag-link\" href=\"https:\/\/brasmar.com\/pt-pt\/produtos\/camarao-selvagem\" target=\"_self\"><\/a>\n\t<\/div>\n<\/article><article class=\"edgtf-pl-item edgtf-item-space  post-4319 portfolio-item type-portfolio-item status-publish has-post-thumbnail hentry portfolio-category-marisco\">\n\t<div class=\"edgtf-pl-item-inner\">\n\t\t<div class=\"edgtf-pli-image\">\n\t<img loading=\"lazy\" decoding=\"async\" width=\"550\" height=\"550\" src=\"https:\/\/brasmar.com\/wp-content\/uploads\/2021\/11\/camarao-tigre-brasmar-selecao-caixa.jpg\" class=\"attachment-full size-full wp-post-image\" alt=\"\" srcset=\"https:\/\/brasmar.com\/wp-content\/uploads\/2021\/11\/camarao-tigre-brasmar-selecao-caixa.jpg 550w, https:\/\/brasmar.com\/wp-content\/uploads\/2021\/11\/camarao-tigre-brasmar-selecao-caixa-300x300.jpg 300w, https:\/\/brasmar.com\/wp-content\/uploads\/2021\/11\/camarao-tigre-brasmar-selecao-caixa-150x150.jpg 150w\" sizes=\"auto, (max-width: 550px) 100vw, 550px\" \/><\/div>\n<div class=\"edgtf-pli-text-holder\">\n\t<div class=\"edgtf-pli-text-wrapper\">\n\t\t<div class=\"edgtf-pli-text\">\n\t\t\t\t<h3 itemprop=\"name\" class=\"edgtf-pli-title entry-title\" >\n\t\tCamar\u00e3o Tigre\t<\/h3>\n\n\t\t\t\n\t\t\t\t<p itemprop=\"description\" class=\"edgtf-pli-excerpt\">[vc_row][vc_column offset=&#8221;vc_hidden-xs&#8221;][vc_empty_space height=&#8221;40px&#8221;][\/vc_column][\/vc_row][vc_row content_placement=&#8221;top&#8221; row_content_width=&#8221;grid&#8221; css=&#8221;.vc_custom_1638119169262{margin-top: 0px !important;margin-right: 0px !important;margin-bott<\/p>\n\t\t<\/div>\n\t<\/div>\n<\/div>\t\t\n\t\t<a itemprop=\"url\" class=\"edgtf-pli-link edgtf-block-drag-link\" href=\"https:\/\/brasmar.com\/pt-pt\/produtos\/camarao-tigre\" target=\"_self\"><\/a>\n\t<\/div>\n<\/article><article class=\"edgtf-pl-item edgtf-item-space  post-4314 portfolio-item type-portfolio-item status-publish has-post-thumbnail hentry portfolio-category-marisco\">\n\t<div class=\"edgtf-pl-item-inner\">\n\t\t<div class=\"edgtf-pli-image\">\n\t<img loading=\"lazy\" decoding=\"async\" width=\"550\" height=\"550\" src=\"https:\/\/brasmar.com\/wp-content\/uploads\/2021\/11\/camarao-vanamei.jpg\" class=\"attachment-full size-full wp-post-image\" alt=\"\" srcset=\"https:\/\/brasmar.com\/wp-content\/uploads\/2021\/11\/camarao-vanamei.jpg 550w, https:\/\/brasmar.com\/wp-content\/uploads\/2021\/11\/camarao-vanamei-300x300.jpg 300w, https:\/\/brasmar.com\/wp-content\/uploads\/2021\/11\/camarao-vanamei-150x150.jpg 150w\" sizes=\"auto, (max-width: 550px) 100vw, 550px\" \/><\/div>\n<div class=\"edgtf-pli-text-holder\">\n\t<div class=\"edgtf-pli-text-wrapper\">\n\t\t<div class=\"edgtf-pli-text\">\n\t\t\t\t<h3 itemprop=\"name\" class=\"edgtf-pli-title entry-title\" >\n\t\tCamar\u00e3o Vannamei\t<\/h3>\n\n\t\t\t\n\t\t\t\t<p itemprop=\"description\" class=\"edgtf-pli-excerpt\">[vc_row][vc_column offset=&#8221;vc_hidden-xs&#8221;][vc_empty_space height=&#8221;40px&#8221;][\/vc_column][\/vc_row][vc_row content_placement=&#8221;top&#8221; row_content_width=&#8221;grid&#8221; css=&#8221;.vc_custom_1638117590155{margin-top: 0px !important;margin-right: 0px !important;margin-bott<\/p>\n\t\t<\/div>\n\t<\/div>\n<\/div>\t\t\n\t\t<a itemprop=\"url\" class=\"edgtf-pli-link edgtf-block-drag-link\" href=\"https:\/\/brasmar.com\/pt-pt\/produtos\/camarao-vannamei\" target=\"_self\"><\/a>\n\t<\/div>\n<\/article><article class=\"edgtf-pl-item edgtf-item-space  post-5746 portfolio-item type-portfolio-item status-publish has-post-thumbnail hentry portfolio-category-marisco\">\n\t<div class=\"edgtf-pl-item-inner\">\n\t\t<div class=\"edgtf-pli-image\">\n\t<img loading=\"lazy\" decoding=\"async\" width=\"550\" height=\"550\" src=\"https:\/\/brasmar.com\/wp-content\/uploads\/2021\/11\/miolo-gambao.jpg\" class=\"attachment-full size-full wp-post-image\" alt=\"\" srcset=\"https:\/\/brasmar.com\/wp-content\/uploads\/2021\/11\/miolo-gambao.jpg 550w, https:\/\/brasmar.com\/wp-content\/uploads\/2021\/11\/miolo-gambao-300x300.jpg 300w, https:\/\/brasmar.com\/wp-content\/uploads\/2021\/11\/miolo-gambao-150x150.jpg 150w\" sizes=\"auto, (max-width: 550px) 100vw, 550px\" \/><\/div>\n<div class=\"edgtf-pli-text-holder\">\n\t<div class=\"edgtf-pli-text-wrapper\">\n\t\t<div class=\"edgtf-pli-text\">\n\t\t\t\t<h3 itemprop=\"name\" class=\"edgtf-pli-title entry-title\" >\n\t\tGamb\u00e3o\t<\/h3>\n\n\t\t\t\n\t\t\t\t<p itemprop=\"description\" class=\"edgtf-pli-excerpt\">[vc_row][vc_column offset=&#8221;vc_hidden-xs&#8221;][vc_empty_space height=&#8221;40px&#8221;][\/vc_column][\/vc_row][vc_row content_placement=&#8221;top&#8221; row_content_width=&#8221;grid&#8221; css=&#8221;.vc_custom_1638121191668{margin-top: 0px !important;margin-right: 0px !important;margin-bott<\/p>\n\t\t<\/div>\n\t<\/div>\n<\/div>\t\t\n\t\t<a itemprop=\"url\" class=\"edgtf-pli-link edgtf-block-drag-link\" href=\"https:\/\/brasmar.com\/pt-pt\/produtos\/gambao\" target=\"_self\"><\/a>\n\t<\/div>\n<\/article><article class=\"edgtf-pl-item edgtf-item-space  post-9528 portfolio-item type-portfolio-item status-publish has-post-thumbnail hentry portfolio-category-marisco\">\n\t<div class=\"edgtf-pl-item-inner\">\n\t\t<div class=\"edgtf-pli-image\">\n\t<img loading=\"lazy\" decoding=\"async\" width=\"550\" height=\"550\" src=\"https:\/\/brasmar.com\/wp-content\/uploads\/2022\/01\/caudas-lagosta-brasmar.jpg\" class=\"attachment-full size-full wp-post-image\" alt=\"\" srcset=\"https:\/\/brasmar.com\/wp-content\/uploads\/2022\/01\/caudas-lagosta-brasmar.jpg 550w, https:\/\/brasmar.com\/wp-content\/uploads\/2022\/01\/caudas-lagosta-brasmar-300x300.jpg 300w, https:\/\/brasmar.com\/wp-content\/uploads\/2022\/01\/caudas-lagosta-brasmar-150x150.jpg 150w\" sizes=\"auto, (max-width: 550px) 100vw, 550px\" \/><\/div>\n<div class=\"edgtf-pli-text-holder\">\n\t<div class=\"edgtf-pli-text-wrapper\">\n\t\t<div class=\"edgtf-pli-text\">\n\t\t\t\t<h3 itemprop=\"name\" class=\"edgtf-pli-title entry-title\" >\n\t\tLagosta\t<\/h3>\n\n\t\t\t\n\t\t\t\t<p itemprop=\"description\" class=\"edgtf-pli-excerpt\">[vc_row][vc_column offset=&#8221;vc_hidden-xs&#8221;][vc_empty_space height=&#8221;40px&#8221;][\/vc_column][\/vc_row][vc_row content_placement=&#8221;top&#8221; row_content_width=&#8221;grid&#8221; css=&#8221;.vc_custom_1638121191668{margin-top: 0px !important;margin-right: 0px !important;margin-bott<\/p>\n\t\t<\/div>\n\t<\/div>\n<\/div>\t\t\n\t\t<a itemprop=\"url\" class=\"edgtf-pli-link edgtf-block-drag-link\" href=\"https:\/\/brasmar.com\/pt-pt\/produtos\/lagosta\" target=\"_self\"><\/a>\n\t<\/div>\n<\/article><article class=\"edgtf-pl-item edgtf-item-space  post-4028 portfolio-item type-portfolio-item status-publish has-post-thumbnail hentry portfolio-category-marisco\">\n\t<div class=\"edgtf-pl-item-inner\">\n\t\t<div class=\"edgtf-pli-image\">\n\t<img loading=\"lazy\" decoding=\"async\" width=\"550\" height=\"550\" src=\"https:\/\/brasmar.com\/wp-content\/uploads\/2021\/11\/mexilhao-meia-concha-brasmar-500gr.jpg\" class=\"attachment-full size-full wp-post-image\" alt=\"\" srcset=\"https:\/\/brasmar.com\/wp-content\/uploads\/2021\/11\/mexilhao-meia-concha-brasmar-500gr.jpg 550w, https:\/\/brasmar.com\/wp-content\/uploads\/2021\/11\/mexilhao-meia-concha-brasmar-500gr-300x300.jpg 300w, https:\/\/brasmar.com\/wp-content\/uploads\/2021\/11\/mexilhao-meia-concha-brasmar-500gr-150x150.jpg 150w\" sizes=\"auto, (max-width: 550px) 100vw, 550px\" \/><\/div>\n<div class=\"edgtf-pli-text-holder\">\n\t<div class=\"edgtf-pli-text-wrapper\">\n\t\t<div class=\"edgtf-pli-text\">\n\t\t\t\t<h3 itemprop=\"name\" class=\"edgtf-pli-title entry-title\" >\n\t\tMexilh\u00e3o\t<\/h3>\n\n\t\t\t\n\t\t\t\t<p itemprop=\"description\" class=\"edgtf-pli-excerpt\">[vc_row][vc_column offset=&#8221;vc_hidden-xs&#8221;][vc_empty_space height=&#8221;40px&#8221;][\/vc_column][\/vc_row][vc_row content_placement=&#8221;top&#8221; row_content_width=&#8221;grid&#8221; css=&#8221;.vc_custom_1638116268997{margin-top: 0px !important;margin-right: 0px !important;margin-bott<\/p>\n\t\t<\/div>\n\t<\/div>\n<\/div>\t\t\n\t\t<a itemprop=\"url\" class=\"edgtf-pli-link edgtf-block-drag-link\" href=\"https:\/\/brasmar.com\/pt-pt\/produtos\/mexilhao\" target=\"_self\"><\/a>\n\t<\/div>\n<\/article><article class=\"edgtf-pl-item edgtf-item-space  post-4244 portfolio-item type-portfolio-item status-publish has-post-thumbnail hentry portfolio-category-marisco\">\n\t<div class=\"edgtf-pl-item-inner\">\n\t\t<div class=\"edgtf-pli-image\">\n\t<img loading=\"lazy\" decoding=\"async\" width=\"2100\" height=\"2100\" src=\"https:\/\/brasmar.com\/wp-content\/uploads\/2021\/11\/sapateira-brasmar.jpg\" class=\"attachment-full size-full wp-post-image\" alt=\"\" srcset=\"https:\/\/brasmar.com\/wp-content\/uploads\/2021\/11\/sapateira-brasmar.jpg 2100w, https:\/\/brasmar.com\/wp-content\/uploads\/2021\/11\/sapateira-brasmar-300x300.jpg 300w, https:\/\/brasmar.com\/wp-content\/uploads\/2021\/11\/sapateira-brasmar-1024x1024.jpg 1024w, https:\/\/brasmar.com\/wp-content\/uploads\/2021\/11\/sapateira-brasmar-150x150.jpg 150w, https:\/\/brasmar.com\/wp-content\/uploads\/2021\/11\/sapateira-brasmar-768x768.jpg 768w, https:\/\/brasmar.com\/wp-content\/uploads\/2021\/11\/sapateira-brasmar-1536x1536.jpg 1536w, https:\/\/brasmar.com\/wp-content\/uploads\/2021\/11\/sapateira-brasmar-550x550.jpg 550w, https:\/\/brasmar.com\/wp-content\/uploads\/2021\/11\/sapateira-brasmar-1100x1100.jpg 1100w\" sizes=\"auto, (max-width: 2100px) 100vw, 2100px\" \/><\/div>\n<div class=\"edgtf-pli-text-holder\">\n\t<div class=\"edgtf-pli-text-wrapper\">\n\t\t<div class=\"edgtf-pli-text\">\n\t\t\t\t<h3 itemprop=\"name\" class=\"edgtf-pli-title entry-title\" >\n\t\tSapateira\t<\/h3>\n\n\t\t\t\n\t\t\t\t<p itemprop=\"description\" class=\"edgtf-pli-excerpt\">[vc_row][vc_column offset=&#8221;vc_hidden-xs&#8221;][vc_empty_space height=&#8221;40px&#8221;][\/vc_column][\/vc_row][vc_row content_placement=&#8221;top&#8221; row_content_width=&#8221;grid&#8221; css=&#8221;.vc_custom_1638116566859{margin-top: 0px !important;margin-right: 0px !important;margin-bott<\/p>\n\t\t<\/div>\n\t<\/div>\n<\/div>\t\t\n\t\t<a itemprop=\"url\" class=\"edgtf-pli-link edgtf-block-drag-link\" href=\"https:\/\/brasmar.com\/pt-pt\/produtos\/sapateira\" target=\"_self\"><\/a>\n\t<\/div>\n<\/article><article class=\"edgtf-pl-item edgtf-item-space  post-4248 portfolio-item type-portfolio-item status-publish has-post-thumbnail hentry portfolio-category-marisco\">\n\t<div class=\"edgtf-pl-item-inner\">\n\t\t<div class=\"edgtf-pli-image\">\n\t<img loading=\"lazy\" decoding=\"async\" width=\"550\" height=\"550\" src=\"https:\/\/brasmar.com\/wp-content\/uploads\/2021\/11\/miolo-vieiras-brasmar-selecao.jpg\" class=\"attachment-full size-full wp-post-image\" alt=\"\" srcset=\"https:\/\/brasmar.com\/wp-content\/uploads\/2021\/11\/miolo-vieiras-brasmar-selecao.jpg 550w, https:\/\/brasmar.com\/wp-content\/uploads\/2021\/11\/miolo-vieiras-brasmar-selecao-300x300.jpg 300w, https:\/\/brasmar.com\/wp-content\/uploads\/2021\/11\/miolo-vieiras-brasmar-selecao-150x150.jpg 150w\" sizes=\"auto, (max-width: 550px) 100vw, 550px\" \/><\/div>\n<div class=\"edgtf-pli-text-holder\">\n\t<div class=\"edgtf-pli-text-wrapper\">\n\t\t<div class=\"edgtf-pli-text\">\n\t\t\t\t<h3 itemprop=\"name\" class=\"edgtf-pli-title entry-title\" >\n\t\tVieiras\t<\/h3>\n\n\t\t\t\n\t\t\t\t<p itemprop=\"description\" class=\"edgtf-pli-excerpt\">[vc_row][vc_column offset=&#8221;vc_hidden-xs&#8221;][vc_empty_space height=&#8221;40px&#8221;][\/vc_column][\/vc_row][vc_row content_placement=&#8221;top&#8221; row_content_width=&#8221;grid&#8221; css=&#8221;.vc_custom_1638116897074{margin-top: 0px !important;margin-right: 0px !important;margin-bott<\/p>\n\t\t<\/div>\n\t<\/div>\n<\/div>\t\t\n\t\t<a itemprop=\"url\" class=\"edgtf-pli-link edgtf-block-drag-link\" href=\"https:\/\/brasmar.com\/pt-pt\/produtos\/vieiras\" target=\"_self\"><\/a>\n\t<\/div>\n<\/article>\t<\/div>\n\t\n\t<\/div>[\/vc_column][\/vc_row][vc_row row_content_width=&#8221;grid&#8221;][vc_column][vc_empty_space height=&#8221;100px&#8221;][\/vc_column][\/vc_row][vc_row row_content_width=&#8221;grid&#8221;][vc_column][vc_column_text]<\/p>\n<h1 style=\"text-align: center;\"><span style=\"font-size: 30px;\"><span style=\"font-family: Barlow;\">Veja Tamb\u00e9m<\/span><\/span><\/h1>\n<p>[\/vc_column_text][\/vc_column][\/vc_row][vc_row row_content_width=&#8221;grid&#8221;][vc_column][vc_empty_space height=&#8221;40px&#8221;][\/vc_column][\/vc_row][vc_row row_content_width=&#8221;grid&#8221;][vc_column width=&#8221;1\/2&#8243;][vc_raw_html]JTNDYSUyMGhyZWYlM0QlMjJodHRwcyUzQSUyRiUyRmJyYXNtYXIuY29tJTJGcHQtcHQlMkZyZWNlaXRhcyUyMiUzRSUzQ2RpdiUyMGNsYXNzJTNEJTIydmVqYXRhbWJlbS1sZWZ0LXJlY2VpdGFzLXB0JTIyJTNFJTBBJTNDcCUyMGNsYXNzJTNEJTIyYm90dG9tLWxlZnQlMjIlM0VBcyUyMG5vc3NhcyUyMHJlY2VpdGFzJTNDJTJGcCUzRSUwQSUzQyUyRmRpdiUzRSUwQSUzQyUyRmElM0U=[\/vc_raw_html][\/vc_column][vc_column width=&#8221;1\/2&#8243;][vc_raw_html]JTNDYSUyMGhyZWYlM0QlMjJodHRwcyUzQSUyRiUyRmJyYXNtYXIuY29tJTJGcHQtcHQlMkZhLW1hcmNhJTIyJTNFJTNDZGl2JTIwY2xhc3MlM0QlMjJ2ZWphdGFtYmVtLXJpZ2h0LW1hcmNhLXB0JTIyJTNFJTBBJTNDcCUyMGNsYXNzJTNEJTIyYm90dG9tLWxlZnQlMjIlM0VTYWliYSUyMG1haXMlMjBzb2JyZSUyMGElMjBCcmFzbWFyJTNDJTJGcCUzRSUwQSUzQyUyRmRpdiUzRSUwQSUzQyUyRmElM0U=[\/vc_raw_html][\/vc_column][\/vc_row][vc_row row_content_width=&#8221;grid&#8221;][vc_column][vc_empty_space height=&#8221;70px&#8221;][\/vc_column][\/vc_row]<\/p>\n<\/div>","protected":false},"excerpt":{"rendered":"<p>[vc_row full_width=&#8221;stretch_row_content&#8221;][vc_column offset=&#8221;vc_hidden-xs&#8221;][vc_single_image image=&#8221;4026&#8243; img_size=&#8221;full&#8221; alignment=&#8221;center&#8221;][\/vc_column][\/vc_row][vc_row full_width=&#8221;stretch_row_content&#8221;][vc_column offset=&#8221;vc_hidden-lg vc_hidden-md vc_hidden-sm&#8221;][vc_single_image image=&#8221;5491&#8243; img_size=&#8221;full&#8221; alignment=&#8221;center&#8221;][\/vc_column][\/vc_row][vc_row gap=&#8221;10&#8243; row_content_width=&#8221;grid&#8221;][vc_column [&hellip;]<\/p>\n","protected":false},"author":1,"featured_media":0,"parent":0,"menu_order":125,"comment_status":"closed","ping_status":"closed","template":"full-width.php","meta":{"_seopress_robots_primary_cat":"0","_seopress_titles_title":"","_seopress_titles_desc":"Dispomos de uma oferta variada de mariscos, podendo, a imensa maioria, ser adaptada \u00e0 realidade Retail e Food Service, nos mais diversos formatos e tipos de apresenta\u00e7\u00e3o.","_seopress_robots_index":"","cybocfi_hide_featured_image":"","footnotes":""},"class_list":["post-4023","page","type-page","status-publish","hentry"],"_links":{"self":[{"href":"https:\/\/brasmar.com\/pt-pt\/wp-json\/wp\/v2\/pages\/4023","targetHints":{"allow":["GET"]}}],"collection":[{"href":"https:\/\/brasmar.com\/pt-pt\/wp-json\/wp\/v2\/pages"}],"about":[{"href":"https:\/\/brasmar.com\/pt-pt\/wp-json\/wp\/v2\/types\/page"}],"author":[{"embeddable":true,"href":"https:\/\/brasmar.com\/pt-pt\/wp-json\/wp\/v2\/users\/1"}],"replies":[{"embeddable":true,"href":"https:\/\/brasmar.com\/pt-pt\/wp-json\/wp\/v2\/comments?post=4023"}],"version-history":[{"count":18,"href":"https:\/\/brasmar.com\/pt-pt\/wp-json\/wp\/v2\/pages\/4023\/revisions"}],"predecessor-version":[{"id":19429,"href":"https:\/\/brasmar.com\/pt-pt\/wp-json\/wp\/v2\/pages\/4023\/revisions\/19429"}],"wp:attachment":[{"href":"https:\/\/brasmar.com\/pt-pt\/wp-json\/wp\/v2\/media?parent=4023"}],"curies":[{"name":"wp","href":"https:\/\/api.w.org\/{rel}","templated":true}]}}