{"id":5247,"date":"2021-11-19T12:54:40","date_gmt":"2021-11-19T12:54:40","guid":{"rendered":"https:\/\/brasmar.maccao.es\/?page_id=5247"},"modified":"2022-04-19T10:06:16","modified_gmt":"2022-04-19T10:06:16","slug":"politica-de-cookies-e-rgpd","status":"publish","type":"page","link":"https:\/\/brasmar.com\/pt-pt\/politica-de-cookies-e-rgpd","title":{"rendered":"Pol\u00edtica de Cookies e RGPD"},"content":{"rendered":"<div class=\"wpb-content-wrapper\"><p>[vc_row][vc_column offset=&#8221;vc_hidden-xs&#8221;][vc_row_inner][vc_column_inner][vc_empty_space height=&#8221;80px&#8221;][\/vc_column_inner][\/vc_row_inner][\/vc_column][\/vc_row][vc_row content_placement=&#8221;top&#8221; row_content_width=&#8221;grid&#8221;][vc_column offset=&#8221;vc_col-lg-12 vc_col-md-12 vc_col-xs-12&#8243;]<div class=\"edgtf-elements-holder   edgtf-one-column  edgtf-responsive-mode-768 \" ><div class=\"edgtf-eh-item    \"  data-item-class=\"edgtf-eh-custom-7061\">\n\t<div class=\"edgtf-eh-item-inner\">\n\t\t<div class=\"edgtf-eh-item-content edgtf-eh-custom-7061\" >\n\t\t\t[vc_column_text]<\/p>\n<h1>Pol\u00edtica de Cookies e RGPD<\/h1>\n<p>[\/vc_column_text][vc_empty_space height=&#8221;15px&#8221;][vc_column_text]<\/p>\n<h2>1. COOKIES O QUE S\u00c3O?<\/h2>\n<p>Os cookies s\u00e3o ficheiros de texto de tamanho reduzido armazenados no equipamento dos utilizadores (&#8220;Utilizador&#8221;) durante a visita a alguns s\u00edtios de Internet (&#8220;Sites&#8221;). A utiliza\u00e7\u00e3o deste tipo de tecnologia no acesso a Sites \u00e9 uma pr\u00e1tica comum, n\u00e3o prejudica os equipamentos dos Utilizadores (computador, smartphone, tablet, etc.) e os diferentes browsers (navegadores) permitem que cada Utilizador tenha a possibilidade de recusar a sua utiliza\u00e7\u00e3o e\/ou de eliminar os que j\u00e1 foram armazenados.<\/p>\n<p>Os cookies desempenham um papel importante no funcionamento dos diversos Sites e no acesso a diferentes conte\u00fados, permitindo perceber como est\u00e1 a ser utilizado o Site pelos seus Utilizadores e facilitar a respetiva navega\u00e7\u00e3o, por forma a assegurar uma melhor experi\u00eancia de utiliza\u00e7\u00e3o do Site.<\/p>\n<h3>2. PORQUE UTILIZAMOS COOKIES?<\/h3>\n<p>Os sites armazenam cookies que s\u00e3o utilizados para melhorar o desempenho e a experi\u00eancia dos Utilizadores, nos termos legalmente permitidos.<\/p>\n<p>Os cookies armazenados nos sites n\u00e3o s\u00e3o utilizados para o registo de qualquer informa\u00e7\u00e3o pessoal ou confidencial, nem para o registo de navega\u00e7\u00e3o na Internet externa aos sites.<\/p>\n<p>Os cookies armazenados nos sites n\u00e3o identificam o Utilizador, mas apenas o computador utilizado, e permitem melhorar a sua experi\u00eancia de navega\u00e7\u00e3o e utiliza\u00e7\u00e3o, por exemplo, ajudando-nos a associar o seu equipamento \u00e0s suas prefer\u00eancias ou fornecer-lhe conte\u00fados que entendemos que podem ser do seu interesse.<\/p>\n<h3>3. CATEGORIAS DE COOKIES<\/h3>\n<p>Os cookies armazenados nos sites s\u00e3o de tr\u00eas tipos:<\/p>\n<p><u>Cookies simples<\/u>: s\u00e3o cookies necess\u00e1rios para os sites funcionarem eficientemente, registam o percurso do Utilizador durante a sua visita sem o identificar e s\u00e3o automaticamente eliminados quando sair dos SITES IMPRESA PUBLISHING.<\/p>\n<p><u>Cookies persistentes<\/u>: s\u00e3o cookies que n\u00e3o s\u00e3o essenciais para o funcionamento dos sites mas permitem identificar os Utilizadores sempre que estes acedem \u00e0s p\u00e1ginas otimizando a sua experi\u00eancia de navega\u00e7\u00e3o. Com estes cookies \u00e9-lhe atribu\u00eddo um n\u00famero \u00fanico que identifica o Utilizador quando entra nos sites.<\/p>\n<p>Os cookies persistentes mant\u00eam-se no computador at\u00e9 serem eliminados pelo Utilizador.<\/p>\n<p><u>Cookies de publicidade comportamental<\/u>: s\u00e3o cookies que permitem apresentar ao Utilizador publicidade que se entende ser adequada aos seus interesses e gostos. Por exemplo, se \u00e9 um leitor interessado em artigos sobre carros, \u00e9 prov\u00e1vel que lhe seja apresentada publicidade sobre os servi\u00e7os e bens relacionados com autom\u00f3veis.<\/p>\n<p><u>Outros cookies ou cookies de terceiros<\/u>: s\u00e3o cookies habitualmente colocados por Sites de entidades terceiras com a permiss\u00e3o dos sites, permitindo relembr\u00e1-lo que o Utilizador j\u00e1 visitou esse mesmo Site.<\/p>\n<p>Adicionalmente, os sites poder\u00e3o integrar etiquetas de pix\u00e9is (pixel tags e web beacon pixeis) e que permitem perceber a utiliza\u00e7\u00e3o dos sites pelos Utilizadores. As etiquetas de pix\u00e9is n\u00e3o recolhem dados pessoais e s\u00e3o utilizadas para, nomeadamente, recolher informa\u00e7\u00e3o sobre destinos populares.<\/p>\n<h3>4. COMO GERIR COOKIES<\/h3>\n<p>Ao prosseguir com a navega\u00e7\u00e3o nos sites e exceto se tiver desativado os cookies, est\u00e1 a consentir a sua utiliza\u00e7\u00e3o, de acordo com a presente Pol\u00edtica de Cookies.<\/p>\n<p>Se optar pela desativa\u00e7\u00e3o de cookies, todas ou algumas partes dos sites poder\u00e3o n\u00e3o funcionar corretamente e a experi\u00eancia de navega\u00e7\u00e3o nos sites poder\u00e1 apresentar degrada\u00e7\u00e3o consider\u00e1vel.<\/p>\n<p>Os diferentes browsers (navegadores) permitem visualizar os cookies que existem no seu equipamento e inibir ou apagar, individual ou totalmente, os cookies.<\/p>\n<p>Para obter e consultar mais informa\u00e7\u00f5es sobre cookies, a respetiva utiliza\u00e7\u00e3o e como gerir as suas prefer\u00eancias sobre cookies, poder\u00e1 consultar as p\u00e1ginas de ajuda espec\u00edfica dos diferentes browsers (navegadores) ou p\u00e1ginas gen\u00e9ricas sobre este tema, por exemplo:<\/p>\n<p><a href=\"https:\/\/support.google.com\/accounts\/answer\/61416?co=GENIE.Platform%3DDesktop&amp;hl=pt-PT\" target=\"_blank\" rel=\"noopener\">https:\/\/support.google.com\/accounts\/answer\/61416?co=GENIE.Platform%3DDesktop&amp;hl=pt-PT<\/a>[\/vc_column_text]\t\t<\/div>\n\t<\/div>\n<\/div><\/div>[\/vc_column][\/vc_row][vc_row][vc_column][vc_row_inner][vc_column_inner][vc_empty_space height=&#8221;80px&#8221;][\/vc_column_inner][\/vc_row_inner][\/vc_column][\/vc_row]<\/p>\n<\/div>","protected":false},"excerpt":{"rendered":"<p>[vc_row][vc_column offset=&#8221;vc_hidden-xs&#8221;][vc_row_inner][vc_column_inner][vc_empty_space height=&#8221;80px&#8221;][\/vc_column_inner][\/vc_row_inner][\/vc_column][\/vc_row][vc_row content_placement=&#8221;top&#8221; row_content_width=&#8221;grid&#8221;][vc_column offset=&#8221;vc_col-lg-12 vc_col-md-12 vc_col-xs-12&#8243;][\/vc_column][\/vc_row][vc_row][vc_column][vc_row_inner][vc_column_inner][vc_empty_space height=&#8221;80px&#8221;][\/vc_column_inner][\/vc_row_inner][\/vc_column][\/vc_row]<\/p>\n","protected":false},"author":1,"featured_media":0,"parent":0,"menu_order":153,"comment_status":"closed","ping_status":"closed","template":"","meta":{"_seopress_robots_primary_cat":"0","_seopress_titles_title":"","_seopress_titles_desc":"Na Brasmar privilegiamos a clareza e a seguran\u00e7a da informa\u00e7\u00e3o. Fique a conhecer aqui a nossa Pol\u00edtica de Cookies e RGPD.","_seopress_robots_index":"","cybocfi_hide_featured_image":"","footnotes":""},"class_list":["post-5247","page","type-page","status-publish","hentry"],"_links":{"self":[{"href":"https:\/\/brasmar.com\/pt-pt\/wp-json\/wp\/v2\/pages\/5247","targetHints":{"allow":["GET"]}}],"collection":[{"href":"https:\/\/brasmar.com\/pt-pt\/wp-json\/wp\/v2\/pages"}],"about":[{"href":"https:\/\/brasmar.com\/pt-pt\/wp-json\/wp\/v2\/types\/page"}],"author":[{"embeddable":true,"href":"https:\/\/brasmar.com\/pt-pt\/wp-json\/wp\/v2\/users\/1"}],"replies":[{"embeddable":true,"href":"https:\/\/brasmar.com\/pt-pt\/wp-json\/wp\/v2\/comments?post=5247"}],"version-history":[{"count":26,"href":"https:\/\/brasmar.com\/pt-pt\/wp-json\/wp\/v2\/pages\/5247\/revisions"}],"predecessor-version":[{"id":5291,"href":"https:\/\/brasmar.com\/pt-pt\/wp-json\/wp\/v2\/pages\/5247\/revisions\/5291"}],"wp:attachment":[{"href":"https:\/\/brasmar.com\/pt-pt\/wp-json\/wp\/v2\/media?parent=5247"}],"curies":[{"name":"wp","href":"https:\/\/api.w.org\/{rel}","templated":true}]}}