{"id":5253,"date":"2021-11-19T12:58:52","date_gmt":"2021-11-19T12:58:52","guid":{"rendered":"https:\/\/brasmar.maccao.es\/?page_id=5253"},"modified":"2022-01-21T10:01:13","modified_gmt":"2022-01-21T10:01:13","slug":"politica-de-privacidade","status":"publish","type":"page","link":"https:\/\/brasmar.com\/pt-pt\/politica-de-privacidade","title":{"rendered":"Pol\u00edtica de Privacidade"},"content":{"rendered":"<div class=\"wpb-content-wrapper\"><p>[vc_row css=&#8221;.vc_custom_1642759171058{margin-top: 0px !important;margin-right: 0px !important;margin-bottom: 0px !important;margin-left: 0px !important;padding-top: 0px !important;padding-right: 0px !important;padding-bottom: 0px !important;padding-left: 0px !important;background-color: #ffffff !important;}&#8221; simple_background_color=&#8221;#000000&#8243; el_class=&#8221;.edgtf-rev-main-home-slider&#8221;][vc_column css=&#8221;.vc_custom_1642759244322{margin-top: 0px !important;margin-right: 0px !important;margin-bottom: 0px !important;margin-left: 0px !important;padding-top: 0px !important;padding-right: 0px !important;padding-bottom: 0px !important;padding-left: 0px !important;}&#8221; offset=&#8221;vc_hidden-xs&#8221;][vc_row_inner][vc_column_inner][vc_empty_space height=&#8221;80px&#8221;][\/vc_column_inner][\/vc_row_inner][\/vc_column][\/vc_row][vc_row row_content_width=&#8221;grid&#8221;][vc_column offset=&#8221;vc_col-lg-12 vc_col-md-12 vc_col-xs-12&#8243;]<div class=\"edgtf-elements-holder   edgtf-one-column  edgtf-responsive-mode-768 \" ><div class=\"edgtf-eh-item    \"  data-item-class=\"edgtf-eh-custom-3913\">\n\t<div class=\"edgtf-eh-item-inner\">\n\t\t<div class=\"edgtf-eh-item-content edgtf-eh-custom-3913\" >\n\t\t\t[vc_column_text]<\/p>\n<h1>Pol\u00edtica de Privacidade<\/h1>\n<p>[\/vc_column_text][vc_empty_space height=&#8221;15px&#8221;][vc_column_text]<\/p>\n<h2><strong>1 &#8211; Enquadramento<\/strong><\/h2>\n<p>A presente Pol\u00edtica de Privacidade estabelece o compromisso de cada uma das sociedades do universo VIGENTGROUP, com os seus stakeholders (e.g. clientes, colaboradores, fornecedores, acionistas e investidores) na prote\u00e7\u00e3o dos dados pessoais de que \u00e9 respons\u00e1vel, pretendendo contribuir para refor\u00e7ar e consolidar a rela\u00e7\u00e3o de confian\u00e7a e proximidade que tem com eles, atrav\u00e9s da comunica\u00e7\u00e3o clara e transparente do que faz com esses dados e de quais os direitos que reconhece aos respetivos titulares e como podem exerc\u00ea\u2010los.<\/p>\n<p>O VIGENTGROUP atua no estrito cumprimento dos princ\u00edpios descritos nesta pol\u00edtica, do Regulamento (UE) 2016\/679 (Regulamento Geral sobre a Prote\u00e7\u00e3o de Dados) e da legisla\u00e7\u00e3o de prote\u00e7\u00e3o de dados aplic\u00e1vel, em todas as atividades de tratamento de dados pessoais da sua responsabilidade.<\/p>\n<p>A Pol\u00edtica de Privacidade est\u00e1 enquadrada no corpo normativo de prote\u00e7\u00e3o de dados pessoais do VIGENTGROUP, que inclui normas e procedimentos para a gest\u00e3o da seguran\u00e7a e privacidade dos dados pessoais.<\/p>\n<p>O VIGENTGROUP trata dados pessoais atrav\u00e9s de v\u00e1rios meios operacionais e t\u00e9cnicos para suporte \u00e0s atividades dos seus processos de neg\u00f3cio.<\/p>\n<h3><strong>A. Objetivos<\/strong><\/h3>\n<p>A Pol\u00edtica de Privacidade, como instrumento de comunica\u00e7\u00e3o, tem como principais objetivos:<\/p>\n<p>&#8211; Refor\u00e7ar e consolidar a rela\u00e7\u00e3o de confian\u00e7a e proximidade do VIGENTGROUP com todos os seus stakeholders;<\/p>\n<p>&#8211; Demonstrar transpar\u00eancia sobre as finalidades e as atividades de tratamento realizadas pelo VIGENTGROUP, bem como sobre os prazos de reten\u00e7\u00e3o dos dados pessoais nelas envolvidos;<\/p>\n<p>&#8211; Informar os titulares dos dados pessoais dos seus direitos em rela\u00e7\u00e3o \u00e0 prote\u00e7\u00e3o dos mesmos e como podem exerc\u00ea\u2010los;<\/p>\n<p>&#8211; Informar os titulares dos dados pessoais quem s\u00e3o os respons\u00e1veis do VIGENTGROUP a quem se podem dirigir para exercer os seus direitos ou esclarecer como s\u00e3o tratados os seus dados pessoais.<\/p>\n<h3><strong>B. \u00c2mbito de aplica\u00e7\u00e3o<\/strong><\/h3>\n<p>A Pol\u00edtica de Privacidade aplica\u2010se exclusivamente ao tratamento de dados pessoais efetuados pelo VIGENTGROUP, no contexto das finalidades previstas.<\/p>\n<p>Para efeitos desta pol\u00edtica considera\u2010se dado pessoal <strong>qualquer informa\u00e7\u00e3o relativa a uma pessoa singular identificada ou identific\u00e1vel (titular dos dados).<\/strong><\/p>\n<p>\u00c9 identific\u00e1vel o titular dos dados que possa ser identificado direta ou indiretamente, nomeadamente atrav\u00e9s de um n\u00famero de identifica\u00e7\u00e3o ou atrav\u00e9s de caracter\u00edsticas espec\u00edficas da sua identidade f\u00edsica, fisiol\u00f3gica, gen\u00e9tica, mental, econ\u00f3mica, cultural ou social.<\/p>\n<h3><strong>C. Manuten\u00e7\u00e3o, comunica\u00e7\u00e3o e aplica\u00e7\u00e3o da pol\u00edtica<\/strong><\/h3>\n<p>A Pol\u00edtica de Privacidade deve ser revista anualmente quando existir uma altera\u00e7\u00e3o de circunst\u00e2ncias e sempre que existam altera\u00e7\u00f5es legislativas, para validar que se mant\u00e9m atual e adequada face aos regulamentos e leis aplic\u00e1veis. As propostas de revis\u00e3o da pol\u00edtica e a supervis\u00e3o da sua aplica\u00e7\u00e3o e cumprimento s\u00e3o da responsabilidade do \u00f3rg\u00e3o de administra\u00e7\u00e3o competente do VIGENTGROUP.<\/p>\n<p>Esta pol\u00edtica deve ser do conhecimento de todos os colaboradores do VIGENTGROUP e deve ser disponibilizada aos seus stakeholders, sempre que esteja em causa o tratamento dos seus dados pessoais, atrav\u00e9s dos canais adequados, nomeadamente na p\u00e1gina da internet do VIGENTGROUP.<\/p>\n<h2>2 &#8211; Conte\u00fado da Pol\u00edtica de Privacidade<\/h2>\n<h4>a. O Nosso Compromisso de Privacidade<\/h4>\n<p>O VIGENTGROUP funciona com base na confian\u00e7a e na transpar\u00eancia. Este compromisso transp\u00f5e\u2010se para a rela\u00e7\u00e3o do dia\u2010a\u2010dia com os nossos clientes, colaboradores e fornecedores e outros stakeholders.<\/p>\n<p>A privacidade e a seguran\u00e7a dos dados que nos confia s\u00e3o para n\u00f3s uma prioridade.<\/p>\n<p>\u00c9 nosso compromisso apenas recolher, armazenar, processar, transmitir ou eliminar os seus dados pessoais com transpar\u00eancia e que sejam essenciais para o relacionamento mantido.<\/p>\n<p>Vamos inform\u00e1\u2010lo de como utilizamos os seus dados pessoais e para que objetivos, com a garantia de que recolhemos, partilhamos e guardamos os seus dados pessoais tendo como refer\u00eancia as melhores pr\u00e1ticas no dom\u00ednio da seguran\u00e7a e da prote\u00e7\u00e3o dos dados pessoais.<\/p>\n<p>Quando os seus dados pessoais s\u00e3o recolhidos, armazenados, processados, transmitidos ou eliminados por outras entidades, exigimos o mesmo n\u00edvel de privacidade e seguran\u00e7a.<\/p>\n<p>Queremos que se sinta confiante que os seus dados pessoais est\u00e3o seguros connosco, pois estaremos sempre comprometidos em proteger a sua privacidade, e assumimos com grande seriedade e empenho as nossas responsabilidades no que respeita \u00e0 prote\u00e7\u00e3o dos seus dados pessoais.<\/p>\n<p>Sempre que tiver qualquer d\u00favida sobre a utiliza\u00e7\u00e3o que fazemos dos seus dados pessoais, estaremos dispon\u00edveis para o ajudar atrav\u00e9s do e\u2010mail dataprotection@vigent.pt<\/p>\n<h4>b. Quem \u00e9 Respons\u00e1vel pelos Seus Dados Pessoais<\/h4>\n<p>A sociedade acima identificada a quem facultou os seus dados pessoais \u00e9 a respons\u00e1vel pelo tratamento dos mesmos nos termos do Regulamento Geral sobre a Prote\u00e7\u00e3o de Dados e da legisla\u00e7\u00e3o complementar sobre prote\u00e7\u00e3o de dados pessoais em vigor em pa\u00edses em que opera.<\/p>\n<p>Cada uma das sociedades acima identificadas faz parte do VIGENTGROUP pelo que os seus dados pessoais poder\u00e3o ser transmitidos e processados por qualquer das sociedades pertencentes a esse Grupo.<\/p>\n<h4>c. Dados Pessoais que Podemos Recolher<\/h4>\n<p>Nesta Pol\u00edtica de Privacidade, o termo <strong>\u201cDados Pessoais\u201d<\/strong> significa o conjunto de informa\u00e7\u00f5es que se relacionam consigo e que nos permite identifica\u2010lo(a), direta ou indiretamente. Os seus dados pessoais podem incluir, por exemplo, o seu nome, o seu n\u00famero de identifica\u00e7\u00e3o fiscal e os seus contactos (f\u00edsicos e\/ou eletr\u00f3nicos).<\/p>\n<p>Poderemos ainda receber os seus dados pessoais de outras empresas, nomeadamente quando estas os recolhem, processam ou armazenam no \u00e2mbito de um contrato de presta\u00e7\u00e3o de servi\u00e7os.<\/p>\n<h4>d. Como e Porque Utilizamos os seus Dados Pessoais<\/h4>\n<p>Usamos os seus dados pessoais na medida estritamente necess\u00e1ria ao v\u00ednculo em vigor.<\/p>\n<h4>e. Durante Quanto Tempo Conservamos os seus Dados Pessoais<\/h4>\n<p>Conservamos os seus dados pessoais apenas durante o per\u00edodo que for necess\u00e1rio para cumprir os objetivos definidos no \u00e2mbito do relacionamento mantido e no cumprimento da lei.<\/p>\n<p>Uma vez atingido o prazo m\u00e1ximo de conserva\u00e7\u00e3o, os seus dados pessoais ser\u00e3o anonimizados ou destru\u00eddos\/eliminados de forma segura.<\/p>\n<h4>f. Com Quem Podemos Partilhar os seus Dados Pessoais<\/h4>\n<p>Em alguns casos podemos divulgar os seus dados pessoais a outras entidades, no \u00e2mbito de servi\u00e7os prestados por estas. Nesses casos, exigimos que tenham em vigor as medidas de seguran\u00e7a adequadas para proteger os seus dados pessoais.<\/p>\n<p>Quando exigido por lei, poderemos ter que divulgar os seus dados pessoais a autoridades ou terceiros.<\/p>\n<p>No caso de transfer\u00eancia ou acesso aos seus dados pessoais por empresa do VIGENTGROUP a fornecedores ou prestadores de servi\u00e7os sediados fora da Uni\u00e3o Europeia, garantimos que os seus dados pessoais sejam tratados de acordo com medidas de seguran\u00e7a e prote\u00e7\u00e3o apropriadas, compat\u00edveis com as que utilizamos.<\/p>\n<h4>g. Como Pode Exercer os seus Direitos de Prote\u00e7\u00e3o de Dados Pessoais<\/h4>\n<p>Em determinadas circunst\u00e2ncias, tem o direito de aceder ou de nos solicitar:<\/p>\n<ol>\n<li>Informa\u00e7\u00e3o adicional sobre a utiliza\u00e7\u00e3o que fazemos dos seus dados pessoais;<\/li>\n<li>Os seus dados pessoais;<\/li>\n<li>Que transmitamos os seus dados pessoais que nos forneceu a outra entidade;<\/li>\n<li>A atualiza\u00e7\u00e3o dos seus dados pessoais;<\/li>\n<li>O apagamento dos seus dados pessoais;<\/li>\n<li>A oposi\u00e7\u00e3o ao tratamento dos seus dados pessoais;<\/li>\n<li>A limita\u00e7\u00e3o da forma como utilizamos os seus dados pessoais enquanto os corrigimos ou esclarecemos eventuais d\u00favidas sobre o seu conte\u00fado ou sobre a utiliza\u00e7\u00e3o que deles fazemos;<\/li>\n<li>A disponibiliza\u00e7\u00e3o de um canal para que possa contestar decis\u00f5es que tenham tido por base os seus dados pessoais.<\/li>\n<\/ol>\n<p>Tem ainda o direito de retirar ou alterar, a qualquer momento, o consentimento que nos tenha dado para utilizarmos os seus dados pessoais.<\/p>\n<p>O exerc\u00edcio destes direitos \u00e9 excecionado quando os seus dados pessoais s\u00e3o utilizados para salvaguarda do interesse p\u00fablico, nomeadamente em casos de dete\u00e7\u00e3o e preven\u00e7\u00e3o de crimes, ou quando os mesmos est\u00e3o sujeitos a sigilo profissional.<\/p>\n<p>Para exercer os seus direitos de prote\u00e7\u00e3o de dados pessoais ou sempre que tenha alguma quest\u00e3o sobre a utiliza\u00e7\u00e3o que fazemos dos seus dados pessoais dever\u00e1 contactar\u2010nos atrav\u00e9s do e\u2010mail: dataprotection@vigent.pt.<\/p>\n<p>Caso esteja insatisfeito com a forma como utilizamos os seus dados pessoais ou com a nossa resposta \u00e0 sua solicita\u00e7\u00e3o de exerc\u00edcio dos seus direitos, poder\u00e1 apresentar reclama\u00e7\u00e3o a uma autoridade de controlo competente.<\/p>\n<h4>h. Como Protegemos os seus Dados Pessoais<\/h4>\n<p>O VIGENTGROUP disp\u00f5e de uma diversidade de medidas de seguran\u00e7a da informa\u00e7\u00e3o, alinhadas com as melhores pr\u00e1ticas nacionais e internacionais, de modo a proteger os seus dados pessoais, incluindo controlos tecnol\u00f3gicos, medidas administrativas, t\u00e9cnicas, f\u00edsicas e procedimentos que garantem a prote\u00e7\u00e3o dos seus dados pessoais, impedindo a sua utiliza\u00e7\u00e3o indevida, o acesso e divulga\u00e7\u00e3o n\u00e3o autorizada, a sua perda, a sua altera\u00e7\u00e3o indevida ou inadvertida, ou a sua destrui\u00e7\u00e3o n\u00e3o autorizada. Assumimos em mat\u00e9ria de seguran\u00e7a da informa\u00e7\u00e3o o mesmo compromisso de melhoria cont\u00ednua pelo qual nos pautamos na nossa atividade di\u00e1ria.<\/p>\n<p>Entre outras, destacamos as seguintes medidas:<\/p>\n<ol>\n<li>\u00a0Acesso restrito aos seus dados pessoais apenas por quem deles necessita para os objetivos que nos propusemos acima;<\/li>\n<li>Armazenamento e transfer\u00eancia de dados pessoais apenas de forma segura;<\/li>\n<li>\u00a0Prote\u00e7\u00e3o dos sistemas de informa\u00e7\u00e3o atrav\u00e9s de dispositivos que impe\u00e7am o acesso n\u00e3o autorizado aos seus dados pessoais;<\/li>\n<li>Implementa\u00e7\u00e3o de mecanismos que garantem a salvaguarda da integridade e da qualidade dos seus dados pessoais;<\/li>\n<li>\u00a0Monitoriza\u00e7\u00e3o permanente dos sistemas de informa\u00e7\u00e3o, com o objetivo de prevenir, detetar e impedir o uso indevido dos seus dados pessoais;<\/li>\n<li>Redund\u00e2ncia de equipamentos de armazenamento, processamento e comunica\u00e7\u00e3o de dados pessoais, para evitar perda de disponibilidade;<\/li>\n<li>\u00a0Quando exigido por lei, poderemos ter que divulgar os seus dados pessoais a autoridades ou terceiros, sendo que nesses casos o nosso controlo sobre como s\u00e3o protegidos os seus dados pessoais \u00e9 limitado.<\/li>\n<\/ol>\n<h4>i. Atualiza\u00e7\u00f5es a esta Pol\u00edtica de Privacidade<\/h4>\n<p>Esta Pol\u00edtica de Privacidade pode ser oportunamente atualizada, o que ser\u00e1 objeto de divulga\u00e7\u00e3o atrav\u00e9s dos canais adequados, nomeadamente da p\u00e1gina da internet do VIGENTGROUP.[\/vc_column_text]\t\t<\/div>\n\t<\/div>\n<\/div><\/div>[\/vc_column][\/vc_row][vc_row css=&#8221;.vc_custom_1642759171058{margin-top: 0px !important;margin-right: 0px !important;margin-bottom: 0px !important;margin-left: 0px !important;padding-top: 0px !important;padding-right: 0px !important;padding-bottom: 0px !important;padding-left: 0px !important;background-color: #ffffff !important;}&#8221; simple_background_color=&#8221;#000000&#8243; el_class=&#8221;.edgtf-rev-main-home-slider&#8221;][vc_column css=&#8221;.vc_custom_1642759223264{margin-top: 0px !important;margin-right: 0px !important;margin-bottom: 0px !important;margin-left: 0px !important;padding-top: 0px !important;padding-right: 0px !important;padding-bottom: 0px !important;padding-left: 0px !important;}&#8221;][vc_row_inner][vc_column_inner][vc_empty_space height=&#8221;80px&#8221;][\/vc_column_inner][\/vc_row_inner][\/vc_column][\/vc_row]<\/p>\n<\/div>","protected":false},"excerpt":{"rendered":"<p>[vc_row css=&#8221;.vc_custom_1642759171058{margin-top: 0px !important;margin-right: 0px !important;margin-bottom: 0px !important;margin-left: 0px !important;padding-top: 0px !important;padding-right: 0px !important;padding-bottom: 0px [&hellip;]<\/p>\n","protected":false},"author":1,"featured_media":0,"parent":0,"menu_order":158,"comment_status":"closed","ping_status":"closed","template":"","meta":{"_seopress_robots_primary_cat":"0","_seopress_titles_title":"","_seopress_titles_desc":"Na Brasmar comprometemos-nos com a transpar\u00eancia e seguran\u00e7a no tratamento dos dados pessoais. Fique a conhecer a nossa Pol\u00edtica de Privacidade.","_seopress_robots_index":"","cybocfi_hide_featured_image":"","footnotes":""},"class_list":["post-5253","page","type-page","status-publish","hentry"],"_links":{"self":[{"href":"https:\/\/brasmar.com\/pt-pt\/wp-json\/wp\/v2\/pages\/5253","targetHints":{"allow":["GET"]}}],"collection":[{"href":"https:\/\/brasmar.com\/pt-pt\/wp-json\/wp\/v2\/pages"}],"about":[{"href":"https:\/\/brasmar.com\/pt-pt\/wp-json\/wp\/v2\/types\/page"}],"author":[{"embeddable":true,"href":"https:\/\/brasmar.com\/pt-pt\/wp-json\/wp\/v2\/users\/1"}],"replies":[{"embeddable":true,"href":"https:\/\/brasmar.com\/pt-pt\/wp-json\/wp\/v2\/comments?post=5253"}],"version-history":[{"count":10,"href":"https:\/\/brasmar.com\/pt-pt\/wp-json\/wp\/v2\/pages\/5253\/revisions"}],"predecessor-version":[{"id":10155,"href":"https:\/\/brasmar.com\/pt-pt\/wp-json\/wp\/v2\/pages\/5253\/revisions\/10155"}],"wp:attachment":[{"href":"https:\/\/brasmar.com\/pt-pt\/wp-json\/wp\/v2\/media?parent=5253"}],"curies":[{"name":"wp","href":"https:\/\/api.w.org\/{rel}","templated":true}]}}